{"id":1266,"date":"2012-02-08T22:38:22","date_gmt":"2012-02-08T21:38:22","guid":{"rendered":"http:\/\/dm-web.de\/MusikkreisAlfter\/?page_id=1266"},"modified":"2013-01-20T21:42:55","modified_gmt":"2013-01-20T20:42:55","slug":"unsere-aktivitaten-in-2012","status":"publish","type":"page","link":"https:\/\/www.dm-web.de\/MusikkreisAlfter\/?page_id=1266","title":{"rendered":"Unsere Aktivit\u00e4ten in 2012"},"content":{"rendered":"<h3>Unsere durchgef\u00fchrten Aktivit\u00e4ten in 2012<\/h3>\n<table style=\"border-collapse: collapse; border: 1px solid;\" width=\"100%\" border=\"1\" rules=\"all\" cellspacing=\"0\" cellpadding=\"6\">\n<tbody>\n<tr>\n<td bgcolor=\"#ccff99\">Tag<\/td>\n<td bgcolor=\"#ccff99\">Datum<\/td>\n<td bgcolor=\"#ccff99\" width=\"58\"><span style=\"color: #0066ff;\">Treffen <\/span><\/td>\n<td bgcolor=\"#ccff99\" width=\"59\">Beginn<\/td>\n<td bgcolor=\"#ccff99\"><\/td>\n<td bgcolor=\"#ccff99\">Messe<\/td>\n<\/tr>\n<tr>\n<td align=\"left\" valign=\"top\"><strong><span lang=\"de\">Mo<\/span><\/strong><\/td>\n<td align=\"left\" valign=\"top\"><strong><span lang=\"de\">24.12.2012<\/span><\/strong><\/td>\n<td align=\"right\" valign=\"top\"><strong><span lang=\"de\" style=\"color: #0000ff;\">16:00h<\/span><\/strong><\/td>\n<td align=\"right\" valign=\"top\"><strong>17:00h<\/strong><\/td>\n<td align=\"left\" valign=\"top\" height=\"16\"><\/td>\n<td align=\"left\" valign=\"top\" height=\"16\"><strong><a title=\"24.12.2012  Familienchristmette 2012\" href=\"http:\/\/dm-web.de\/MusikkreisAlfter\/?p=1485\">Familienchristmette 2012<\/a><br \/>\n<\/strong><\/td>\n<\/tr>\n<tr>\n<td align=\"left\" valign=\"top\"><strong><span lang=\"de\">Mo<\/span><\/strong><\/td>\n<td align=\"left\" valign=\"top\"><strong><span lang=\"de\">24.12.2012<\/span><\/strong><\/td>\n<td align=\"right\" valign=\"top\"><\/td>\n<td align=\"right\" valign=\"top\"><strong>15:00h<\/strong><\/td>\n<td align=\"left\" valign=\"top\" height=\"16\"><\/td>\n<td align=\"left\" valign=\"top\" height=\"16\"><strong>Kinderchristmette<\/strong><\/td>\n<\/tr>\n<tr>\n<td align=\"left\" valign=\"top\"><strong><span lang=\"de\">So<\/span><\/strong><\/td>\n<td align=\"left\" valign=\"top\"><strong><span lang=\"de\">02.12.2012<\/span><\/strong><\/td>\n<td align=\"right\" valign=\"top\"><strong><span lang=\"de\" style=\"color: #0000ff;\">10:30h<\/span><\/strong><\/td>\n<td align=\"right\" valign=\"top\"><strong>11:00h<\/strong><\/td>\n<td align=\"left\" valign=\"top\" height=\"16\"><\/td>\n<td align=\"left\" valign=\"top\" height=\"16\"><strong><a title=\"02.12.2012  Kindergottesdienst \u201cWir warten auf die Geburt Jesu\u201d\" href=\"http:\/\/dm-web.de\/MusikkreisAlfter\/?p=1469\">Kindergottesdienst &#8222;Wir warten auf die Geburt Jesu&#8220;<\/a> <span style=\"color: #ff0000;\"> (in der Kirche !)<\/span><\/strong><\/td>\n<\/tr>\n<tr>\n<td align=\"left\" valign=\"top\"><strong><span lang=\"de\">Sa<\/span><\/strong><\/td>\n<td align=\"left\" valign=\"top\"><strong><span lang=\"de\">24.11.2011<\/span><\/strong><\/td>\n<td align=\"right\" valign=\"top\"><strong><span style=\"color: #0000ff;\"><span lang=\"de\">16:00h<\/span><\/span><\/strong><\/td>\n<td align=\"right\" valign=\"top\"><strong><span lang=\"de\">16:30h<\/span><\/strong><\/td>\n<td align=\"left\" valign=\"top\" height=\"16\"><\/td>\n<td align=\"left\" valign=\"top\" height=\"16\"><strong><a title=\"24.11.2012  Kinderbibeltag 2012\" href=\"http:\/\/dm-web.de\/MusikkreisAlfter\/?p=1457\">Kinderbibeltag 2012<\/a> (Abschluss im ev. Pfarrheim)<\/strong><strong><br \/>\n<\/strong><\/td>\n<\/tr>\n<tr>\n<td align=\"left\" valign=\"top\"><strong><span lang=\"de\">Sa<\/span><\/strong><\/td>\n<td align=\"left\" valign=\"top\"><strong><span lang=\"de\">24.11.2011<\/span><\/strong><\/td>\n<td align=\"right\" valign=\"top\"><strong><span style=\"color: #0000ff;\"><span lang=\"de\">13:00h<\/span><\/span><\/strong><\/td>\n<td align=\"right\" valign=\"top\"><strong><span lang=\"de\">13:30h<\/span><\/strong><\/td>\n<td align=\"left\" valign=\"top\" height=\"16\"><\/td>\n<td align=\"left\" valign=\"top\" height=\"16\"><strong><a title=\"24.11.2012  Kinderbibeltag 2012\" href=\"http:\/\/dm-web.de\/MusikkreisAlfter\/?p=1457\">Kinderbibeltag 2012<\/a> (nach Mittagessen im kath. Pfarrheim)<\/strong><strong><br \/>\n<\/strong><\/td>\n<\/tr>\n<tr>\n<td align=\"left\" valign=\"top\"><strong><span lang=\"de\">Fr<\/span><\/strong><\/td>\n<td align=\"left\" valign=\"top\"><strong><span lang=\"de\">16.11.2012<\/span><\/strong><\/td>\n<td align=\"right\" valign=\"top\"><strong><span lang=\"de\" style=\"color: #0000ff;\">17:00h<\/span><\/strong><\/td>\n<td align=\"right\" valign=\"top\"><strong>18:00h<\/strong><\/td>\n<td align=\"left\" valign=\"top\" height=\"16\"><\/td>\n<td align=\"left\" valign=\"top\" height=\"16\"><strong><a title=\"16.11.2012  Abend des Lichts 2012\" href=\"http:\/\/dm-web.de\/MusikkreisAlfter\/?p=1450\">Abend des Lichts 2012<\/a><br \/>\n<\/strong><strong>Die Proben <\/strong><span style=\"color: #ff0000;\"><strong>Fr. 09.11.2012 um 19:30h, Mi. 14.11.2012 um 20:00h\u00a0<\/strong><\/span><\/td>\n<\/tr>\n<tr>\n<td align=\"left\" valign=\"top\"><strong><span lang=\"de\">Sa<\/span><\/strong><\/td>\n<td align=\"left\" valign=\"top\"><strong><span lang=\"de\">03.11.2012<\/span><\/strong><\/td>\n<td align=\"right\" valign=\"top\"><strong><span lang=\"de\" style=\"color: #0000ff;\">16:00h<\/span><\/strong><\/td>\n<td align=\"right\" valign=\"top\"><strong>17:00h<\/strong><\/td>\n<td align=\"left\" valign=\"top\" height=\"16\"><\/td>\n<td align=\"left\" valign=\"top\" height=\"16\"><a title=\"03.11.2012  Familiengottesdienst (Heilige)\" href=\"http:\/\/dm-web.de\/MusikkreisAlfter\/?p=1430\"><strong>Familienmesse &#8222;Heilige&#8220;<\/strong><\/a><\/td>\n<\/tr>\n<tr>\n<td align=\"left\" valign=\"top\"><strong><span lang=\"de\">So<\/span><\/strong><\/td>\n<td align=\"left\" valign=\"top\"><strong><span lang=\"de\">28.10.2012<\/span><\/strong><\/td>\n<td align=\"right\" valign=\"top\"><strong><span lang=\"de\" style=\"color: #0000ff;\">10:30h<\/span><\/strong><\/td>\n<td align=\"right\" valign=\"top\"><strong>11:00h<\/strong><\/td>\n<td align=\"left\" valign=\"top\" height=\"16\"><\/td>\n<td align=\"left\" valign=\"top\" height=\"16\"><strong><a title=\"28.10.2012  Kindergottesdienst \u201cGott ist bei mir, wenn ich krank bin\u201d\" href=\"http:\/\/dm-web.de\/MusikkreisAlfter\/?p=1419\">Kindergottesdienst &#8222;Gott ist bei mir, wenn ich krank bin&#8220;<\/a><br \/>\n<span class=\"style2\" style=\"color: #ff0000;\">ACHTUNG Ende der Sommerzeit<\/span><\/strong><\/td>\n<\/tr>\n<tr>\n<td align=\"left\" valign=\"top\"><strong><span lang=\"de\">So<\/span><\/strong><\/td>\n<td align=\"left\" valign=\"top\"><strong><span lang=\"de\">30.09.2012<\/span><\/strong><\/td>\n<td align=\"right\" valign=\"top\"><strong><span lang=\"de\" style=\"color: #0000ff;\">10:30h<\/span><\/strong><\/td>\n<td align=\"right\" valign=\"top\"><strong>11:00h<\/strong><\/td>\n<td align=\"left\" valign=\"top\" height=\"16\"><\/td>\n<td align=\"left\" valign=\"top\" height=\"16\"><a title=\"30.09.2012  Kindergottesdienst \u201cGott danken f\u00fcr die gute Sch\u00f6pfung\u201d und Herbstmarkt\" href=\"http:\/\/dm-web.de\/MusikkreisAlfter\/?p=1413\"><strong>Kindergottesdienst &#8222;Gott danken f\u00fcr die gute Sch\u00f6pfung&#8220; und Herbstmarkt<\/strong><\/a><\/td>\n<\/tr>\n<tr>\n<td align=\"left\" valign=\"top\"><strong><span lang=\"de\">Sa<\/span><\/strong><\/td>\n<td align=\"left\" valign=\"top\"><strong><span lang=\"de\">29.09.2012<\/span><\/strong><\/td>\n<td align=\"right\" valign=\"top\"><strong><span lang=\"de\" style=\"color: #0000ff;\">16:00h<\/span><\/strong><\/td>\n<td align=\"right\" valign=\"top\"><strong>17:00h<\/strong><\/td>\n<td align=\"left\" valign=\"top\" height=\"16\"><\/td>\n<td align=\"left\" valign=\"top\" height=\"16\"><a title=\"29.09.2012  Erntedankgottesdienst Hof Junkersdorf\" href=\"http:\/\/dm-web.de\/MusikkreisAlfter\/?p=1410\"><strong>Erntedankgottesdienst, Hof Junkersdorf<\/strong><\/a><\/td>\n<\/tr>\n<tr>\n<td align=\"left\" valign=\"top\"><strong><span lang=\"de\">So<\/span><\/strong><\/td>\n<td align=\"left\" valign=\"top\"><strong><span lang=\"de\">02.09.2012<\/span><\/strong><\/td>\n<td align=\"right\" valign=\"top\"><strong><span lang=\"de\" style=\"color: #0000ff;\">10:30h<\/span><\/strong><\/td>\n<td align=\"right\" valign=\"top\"><strong>11:00h<\/strong><\/td>\n<td align=\"left\" valign=\"top\" height=\"16\"><\/td>\n<td align=\"left\" valign=\"top\" height=\"16\"><strong><a title=\"02.09.2012  Kleinkindergottesdienst \u201cGott kennt mich mit Namen\u201d\" href=\"http:\/\/dm-web.de\/MusikkreisAlfter\/?p=1400\">Kindergottesdienst &#8222;Gott kennt mich mit Namen&#8220;<\/a><br \/>\n<\/strong><\/td>\n<\/tr>\n<tr>\n<td class=\"style1\" align=\"left\" valign=\"top\"><span style=\"color: #888888;\"><strong><span class=\"style1\" lang=\"de\">So<\/span><\/strong><\/span><\/td>\n<td align=\"left\" valign=\"top\"><span style=\"color: #888888;\"><strong><span class=\"style1\" lang=\"de\">19.08.2012<\/span><\/strong><\/span><\/td>\n<td class=\"style1\" align=\"right\" valign=\"top\"><\/td>\n<td class=\"style1\" align=\"right\" valign=\"top\"><span style=\"color: #888888;\"><strong>11:00h<\/strong><\/span><\/td>\n<td align=\"left\" valign=\"top\" height=\"16\"><\/td>\n<td class=\"style1\" align=\"left\" valign=\"top\" height=\"16\"><span style=\"color: #888888;\"><strong>NUR INFO: (ohne Musikkreis)<br \/>\nKr\u00e4uterweihe, Jakob-Wahlen-Park (Jagdbl\u00e4ser)<\/strong><\/span><\/td>\n<\/tr>\n<tr>\n<td align=\"left\" valign=\"top\"><strong><span lang=\"de\">Sa<\/span><\/strong><\/td>\n<td align=\"left\" valign=\"top\"><strong><span lang=\"de\">30.06.2012<\/span><\/strong><\/td>\n<td align=\"right\" valign=\"top\"><strong><span lang=\"de\" style=\"color: #0000ff;\">16:00h<\/span><\/strong><\/td>\n<td align=\"right\" valign=\"top\"><strong>17:00h<\/strong><\/td>\n<td align=\"left\" valign=\"top\" height=\"16\"><\/td>\n<td align=\"left\" valign=\"top\" height=\"16\"><a title=\"30.06.2012  Familiengottesdienst zur Fu\u00dfball-EM 2012\" href=\"http:\/\/dm-web.de\/MusikkreisAlfter\/?p=1371\"><strong>Familiengottesdienst zur &#8222;Fu\u00dfball-EM 2012&#8220;<\/strong><\/a><\/td>\n<\/tr>\n<tr>\n<td class=\"style1\" align=\"left\" valign=\"top\"><span style=\"color: #888888;\"><strong><span class=\"style1\" lang=\"de\">So<\/span><\/strong><\/span><\/td>\n<td align=\"left\" valign=\"top\"><span style=\"color: #888888;\"><strong><span class=\"style1\" lang=\"de\">24.06.2012<\/span><\/strong><\/span><\/td>\n<td class=\"style1\" align=\"right\" valign=\"top\"><\/td>\n<td class=\"style1\" align=\"right\" valign=\"top\"><span style=\"color: #888888;\"><strong>15:00h<\/strong><\/span><\/td>\n<td align=\"left\" valign=\"top\" height=\"16\"><\/td>\n<td class=\"style1\" align=\"left\" valign=\"top\" height=\"16\"><span style=\"color: #888888;\"><strong>NUR INFO: <strong> (ohne Musikkreis)<\/strong><br \/>\n\u00f6kumenischer Gottesdienst Jakob-Wahlen-Park <\/strong><\/span><\/td>\n<\/tr>\n<tr>\n<td align=\"left\" valign=\"top\"><strong><span lang=\"de\">So<\/span><\/strong><\/td>\n<td align=\"left\" valign=\"top\"><strong><span lang=\"de\">17.06.2012<\/span><\/strong><\/td>\n<td align=\"right\" valign=\"top\"><strong><span lang=\"de\" style=\"color: #0000ff;\">10:30h<\/span><\/strong><\/td>\n<td align=\"right\" valign=\"top\"><strong>11:00h<\/strong><\/td>\n<td align=\"left\" valign=\"top\" height=\"16\"><\/td>\n<td align=\"left\" valign=\"top\" height=\"16\"><strong><a title=\"17.06.2012  Kleinkindergottesdienst \u201cFreunde\u201d\" href=\"http:\/\/dm-web.de\/MusikkreisAlfter\/?p=1362\">Kindergottesdienst &#8222;Freunde&#8220;<\/a><br \/>\n<\/strong><\/td>\n<\/tr>\n<tr>\n<td align=\"left\" valign=\"top\"><strong><span lang=\"de\">So<\/span><\/strong><\/td>\n<td align=\"left\" valign=\"top\"><strong><span lang=\"de\">13.05.2012<\/span><\/strong><\/td>\n<td align=\"right\" valign=\"top\"><strong><span lang=\"de\" style=\"color: #0000ff;\">10:30h<\/span><\/strong><\/td>\n<td align=\"right\" valign=\"top\"><strong>11:00h<\/strong><\/td>\n<td align=\"left\" valign=\"top\" height=\"16\"><\/td>\n<td align=\"left\" valign=\"top\" height=\"16\"><strong><a title=\"13.05.2012  Kleinkindergottesdienst \u201cFamilie\u201d\" href=\"http:\/\/dm-web.de\/MusikkreisAlfter\/?p=1348\">Kindergottesdienst &#8222;Familie&#8220;<\/a><br \/>\n<\/strong><\/td>\n<\/tr>\n<tr>\n<td align=\"left\" valign=\"top\"><strong><span lang=\"de\">So<\/span><\/strong><\/td>\n<td align=\"left\" valign=\"top\"><strong><span lang=\"de\">22.04.2012<\/span><\/strong><\/td>\n<td align=\"right\" valign=\"top\"><strong><span lang=\"de\" style=\"color: #0000ff;\">10:30h<\/span><\/strong><\/td>\n<td align=\"right\" valign=\"top\"><strong>11:00h<\/strong><\/td>\n<td align=\"left\" valign=\"top\" height=\"16\"><\/td>\n<td align=\"left\" valign=\"top\" height=\"16\"><a title=\"22.04.2012  Kleinkindergottesdienst \u201cFreu dich des Lebens\u201d\" href=\"http:\/\/dm-web.de\/MusikkreisAlfter\/?p=1340\"><strong>Kindergottesdienst &#8222;Freu dich des Lebens&#8220;<\/strong><\/a><\/td>\n<\/tr>\n<tr>\n<td align=\"left\" valign=\"top\"><strong><span lang=\"de\">So<\/span><\/strong><\/td>\n<td align=\"left\" valign=\"top\"><strong><span lang=\"de\">15.04.2012<\/span><\/strong><\/td>\n<td align=\"right\" valign=\"top\"><strong><span lang=\"de\" style=\"color: #0000ff;\">08:00h<\/span><\/strong><\/td>\n<td align=\"right\" valign=\"top\"><strong>09:00h<\/strong><\/td>\n<td align=\"left\" valign=\"top\" height=\"16\"><\/td>\n<td align=\"left\" valign=\"top\" height=\"16\"><a title=\"15.04.2012  Erstkommunionmesse 2012\" href=\"http:\/\/dm-web.de\/MusikkreisAlfter\/?p=1323\"><strong>Erstkommunionmesse (1. Messe) nur Musikkreis<\/strong><\/a><\/td>\n<\/tr>\n<tr>\n<td align=\"left\" valign=\"top\"><strong><span lang=\"de\">So<\/span><\/strong><\/td>\n<td align=\"left\" valign=\"top\"><strong><span lang=\"de\">25.03.2012<\/span><\/strong><\/td>\n<td align=\"right\" valign=\"top\"><strong><span lang=\"de\" style=\"color: #0000ff;\">10:30h<\/span><\/strong><\/td>\n<td align=\"right\" valign=\"top\"><strong>11:00h<\/strong><\/td>\n<td align=\"left\" valign=\"top\" height=\"16\"><\/td>\n<td align=\"left\" valign=\"top\" height=\"16\"><a title=\"25.03.2012 Familienmesse und Kleinkindergottesdienst zum Misereorsonntag\" href=\"http:\/\/dm-web.de\/MusikkreisAlfter\/?p=1302\"><strong>Kindergottesdienst Misereor &#8211; &#8222;Vom Helfen&#8220;<\/strong><\/a><\/td>\n<\/tr>\n<tr>\n<td align=\"left\" valign=\"top\"><strong><span lang=\"de\">So<\/span><\/strong><\/td>\n<td align=\"left\" valign=\"top\"><strong><span lang=\"de\">25.03.2012<\/span><\/strong><\/td>\n<td align=\"right\" valign=\"top\"><strong><span lang=\"de\" style=\"color: #0000ff;\">08:30h<\/span><\/strong><\/td>\n<td align=\"right\" valign=\"top\"><strong>09:15h<\/strong><\/td>\n<td align=\"left\" valign=\"top\" height=\"16\"><\/td>\n<td align=\"left\" valign=\"top\" height=\"16\"><a title=\"25.03.2012 Familienmesse und Kleinkindergottesdienst zum Misereorsonntag\" href=\"http:\/\/dm-web.de\/MusikkreisAlfter\/?p=1302\"><strong>Familienmesse Misereor<\/strong><\/a><\/td>\n<\/tr>\n<tr>\n<td align=\"left\" valign=\"top\"><strong><span lang=\"de\">So<\/span><\/strong><\/td>\n<td align=\"left\" valign=\"top\"><strong><span lang=\"de\">26.02.2012<\/span><\/strong><\/td>\n<td align=\"right\" valign=\"top\"><strong><span lang=\"de\" style=\"color: #0000ff;\">10:30h<\/span><\/strong><\/td>\n<td align=\"right\" valign=\"top\"><strong>11:00h<\/strong><\/td>\n<td align=\"left\" valign=\"top\" height=\"16\"><\/td>\n<td align=\"left\" valign=\"top\" height=\"16\"><strong><a title=\"26.02.2012  Kleinkindergottesdienst \u201cH\u00e4nde \u2013 zum Segnen und Heilen\u201d\" href=\"http:\/\/dm-web.de\/MusikkreisAlfter\/?p=1292\" rel=\"bookmark\">Kleinkindergottesdienst \u201cH\u00e4nde \u2013 zum Segnen und Heilen\u201d<\/a><\/strong><\/td>\n<\/tr>\n<tr>\n<td align=\"left\" valign=\"top\"><strong><span lang=\"de\">Sa<\/span><\/strong><\/td>\n<td align=\"left\" valign=\"top\"><strong><span lang=\"de\">11.02.2012<\/span><\/strong><\/td>\n<td align=\"right\" valign=\"top\"><strong><span lang=\"de\" style=\"color: #0000ff;\">16:00h<\/span><\/strong><\/td>\n<td align=\"right\" valign=\"top\"><strong>17:00h<\/strong><\/td>\n<td align=\"left\" valign=\"top\" height=\"16\"><\/td>\n<td align=\"left\" valign=\"top\" height=\"16\"><a title=\"11.02.2012  Karnevalsmesse 2012\" href=\"http:\/\/dm-web.de\/MusikkreisAlfter\/?p=1275\"><strong>Karnevalsmesse 2012<\/strong><\/a><\/td>\n<\/tr>\n<tr>\n<td align=\"left\" valign=\"top\"><strong><span lang=\"de\">Mi<\/span><\/strong><\/td>\n<td align=\"left\" valign=\"top\"><strong><span lang=\"de\">25.01.2012<\/span><\/strong><\/td>\n<td align=\"right\" valign=\"top\"><\/td>\n<td align=\"right\" valign=\"top\"><strong>20:00h<\/strong><\/td>\n<td align=\"left\" valign=\"top\" height=\"16\"><\/td>\n<td align=\"left\" valign=\"top\" height=\"16\"><strong>Orga: Terminabsprache im Pfarrheim Raum 2\/3<\/strong><\/td>\n<\/tr>\n<tr>\n<td align=\"left\" valign=\"top\"><strong><span lang=\"de\">So<\/span><\/strong><\/td>\n<td align=\"left\" valign=\"top\"><strong><span lang=\"de\">22.01.2012<\/span><\/strong><\/td>\n<td align=\"right\" valign=\"top\"><strong><span lang=\"de\" style=\"color: #0000ff;\">10:30h<\/span><\/strong><\/td>\n<td align=\"right\" valign=\"top\"><strong>11:00h<\/strong><\/td>\n<td align=\"left\" valign=\"top\" height=\"16\"><\/td>\n<td align=\"left\" valign=\"top\" height=\"16\"><a title=\"22.01.2012  Kleinkindergottesdienst\" href=\"http:\/\/dm-web.de\/MusikkreisAlfter\/?p=1271\"><strong>Kleinkindergottesdienst<\/strong><\/a><\/td>\n<\/tr>\n<tr>\n<td align=\"left\" valign=\"top\"><span style=\"color: #999999;\"><strong><span lang=\"de\">Sa<\/span><\/strong><\/span><\/td>\n<td align=\"left\" valign=\"top\"><span style=\"color: #999999;\"><strong><span lang=\"de\">07.01.2012<\/span><\/strong><\/span><\/td>\n<td align=\"right\" valign=\"top\"><\/td>\n<td align=\"right\" valign=\"top\"><span style=\"color: #999999;\"><strong>17:00h<\/strong><\/span><\/td>\n<td align=\"left\" valign=\"top\" height=\"16\"><\/td>\n<td align=\"left\" valign=\"top\" height=\"16\"><strong><strong><span style=\"color: #ff0000;\"><strong>NUR ZUR INFO (ohne MK):<\/strong><\/span><br \/>\n<\/strong><span style=\"color: #999999;\">Familiengottesdienst R\u00fcckkehr der Sternsinger<\/span><\/strong><\/td>\n<\/tr>\n<\/tbody>\n<\/table>\n","protected":false},"excerpt":{"rendered":"<p>Unsere durchgef\u00fchrten Aktivit\u00e4ten in 2012 Tag Datum Treffen Beginn Messe Mo 24.12.2012 16:00h 17:00h Familienchristmette 2012 Mo 24.12.2012 15:00h Kinderchristmette So 02.12.2012 10:30h 11:00h Kindergottesdienst &#8222;Wir warten auf die Geburt Jesu&#8220; (in der Kirche !) Sa 24.11.2011 16:00h 16:30h Kinderbibeltag 2012 (Abschluss im ev. Pfarrheim) Sa 24.11.2011 13:00h 13:30h Kinderbibeltag 2012 (nach Mittagessen im kath. [&hellip;]<\/p>\n","protected":false},"author":2,"featured_media":0,"parent":0,"menu_order":0,"comment_status":"closed","ping_status":"closed","template":"","meta":{"ngg_post_thumbnail":0,"footnotes":""},"class_list":["post-1266","page","type-page","status-publish","hentry"],"_links":{"self":[{"href":"https:\/\/www.dm-web.de\/MusikkreisAlfter\/index.php?rest_route=\/wp\/v2\/pages\/1266","targetHints":{"allow":["GET"]}}],"collection":[{"href":"https:\/\/www.dm-web.de\/MusikkreisAlfter\/index.php?rest_route=\/wp\/v2\/pages"}],"about":[{"href":"https:\/\/www.dm-web.de\/MusikkreisAlfter\/index.php?rest_route=\/wp\/v2\/types\/page"}],"author":[{"embeddable":true,"href":"https:\/\/www.dm-web.de\/MusikkreisAlfter\/index.php?rest_route=\/wp\/v2\/users\/2"}],"replies":[{"embeddable":true,"href":"https:\/\/www.dm-web.de\/MusikkreisAlfter\/index.php?rest_route=%2Fwp%2Fv2%2Fcomments&post=1266"}],"version-history":[{"count":21,"href":"https:\/\/www.dm-web.de\/MusikkreisAlfter\/index.php?rest_route=\/wp\/v2\/pages\/1266\/revisions"}],"predecessor-version":[{"id":1268,"href":"https:\/\/www.dm-web.de\/MusikkreisAlfter\/index.php?rest_route=\/wp\/v2\/pages\/1266\/revisions\/1268"}],"wp:attachment":[{"href":"https:\/\/www.dm-web.de\/MusikkreisAlfter\/index.php?rest_route=%2Fwp%2Fv2%2Fmedia&parent=1266"}],"curies":[{"name":"wp","href":"https:\/\/api.w.org\/{rel}","templated":true}]}}