{"id":13,"date":"2008-08-06T10:36:05","date_gmt":"2008-08-06T09:36:05","guid":{"rendered":"http:\/\/dm-web.de\/MusikkreisAlfter\/?page_id=13"},"modified":"2009-01-25T16:35:26","modified_gmt":"2009-01-25T15:35:26","slug":"unsere-aktivitaten-in-2008","status":"publish","type":"page","link":"https:\/\/www.dm-web.de\/MusikkreisAlfter\/?page_id=13","title":{"rendered":"Unsere Aktivit\u00e4ten in 2008"},"content":{"rendered":"<h3>Unsere durchgef\u00fchrten Aktivit\u00e4ten in 2008<\/h3>\n<table style=\"border-collapse:collapse; border: 1px solid;\" border=\"1\" cellspacing=\"0\" cellpadding=\"6\" width=\"100%\" rules=\"all\">\n<tbody>\n<tr>\n<td bgcolor=\"#ccff99\">Datum<\/td>\n<td width=\"58\" bgcolor=\"#ccff99\"><span style=\"color: #0066ff;\">Treffen <\/span><\/td>\n<td width=\"59\" bgcolor=\"#ccff99\">\n<p align=\"right\">Beginn<\/p>\n<\/td>\n<td bgcolor=\"#ccff99\"><\/td>\n<td bgcolor=\"#ccff99\">Messe<\/td>\n<\/tr>\n<tr>\n<td align=\"left\" valign=\"top\"><span style=\"color: #999999;\"><span style=\"text-decoration: line-through;\"><strong>28.12.2008<\/strong><\/span><\/span><\/td>\n<td align=\"right\" valign=\"top\"><span style=\"color: #999999;\"><span style=\"text-decoration: line-through;\"><strong>&#8211;:&#8211;h<\/strong><\/span><\/span><\/td>\n<td align=\"right\" valign=\"top\"><span style=\"color: #999999;\"><span style=\"text-decoration: line-through;\"><strong>&#8211;:&#8211;h<\/strong><\/span><\/span><\/td>\n<td height=\"16\" align=\"left\" valign=\"top\"><\/td>\n<td height=\"16\" align=\"left\" valign=\"top\"><span style=\"color: #999999;\"><strong><span style=\"color: #ff0000;\">Nur zur Info:<\/span><\/strong><\/span><br \/>\n<span style=\"color: #999999;\"><span style=\"color: #999999;\"><strong>Die Kindersegnung findet lt. Pfarrbrief im Anschluss an die Sonntagsmesse statt. Daher muss der Musikkreis nicht spielen.<\/strong><\/span><span style=\"text-decoration: line-through;\"><strong><span style=\"color: #999999;\"><br \/>\nnoch offen: Kindersegnung<br \/>\nggfls. auch im Anschluss an die Sonntagsmesse<\/span><br \/>\n<\/strong><\/span><\/span><\/td>\n<\/tr>\n<tr>\n<td align=\"left\" valign=\"top\"><strong>24.12.2008<\/strong><\/td>\n<td align=\"right\" valign=\"top\"><strong><span style=\"color: #0000ff;\">16:00h<\/span><\/strong><\/td>\n<td align=\"right\" valign=\"top\"><strong>17:00h<\/strong><\/td>\n<td height=\"16\" align=\"left\" valign=\"top\"><strong><\/strong><\/td>\n<td height=\"16\" align=\"left\" valign=\"top\"><strong><a href=\"http:\/\/dm-web.de\/MusikkreisAlfter\/?p=48\" target=\"_self\">Familienchristmette<\/a><br \/>\n<\/strong><\/td>\n<\/tr>\n<tr>\n<td align=\"left\" valign=\"top\"><strong>24.12.2008<\/strong><\/td>\n<td align=\"right\" valign=\"top\"><strong><span style=\"color: #0000ff;\">15:00h<\/span><\/strong><\/td>\n<td align=\"right\" valign=\"top\"><strong>15:30h<\/strong><\/td>\n<td height=\"16\" align=\"left\" valign=\"top\"><strong><\/strong><\/td>\n<td height=\"16\" align=\"left\" valign=\"top\"><strong><a href=\"http:\/\/dm-web.de\/MusikkreisAlfter\/?p=48\" target=\"_self\">Kleinkindergottesdienst zur Weihnacht<\/a><\/strong><\/td>\n<\/tr>\n<tr>\n<td align=\"left\" valign=\"top\"><strong>30.11.2008<\/strong><\/td>\n<td align=\"right\" valign=\"top\"><strong><span style=\"color: #0000ff;\">10:30h<\/span><\/strong><\/td>\n<td align=\"right\" valign=\"top\"><strong>11:00h<\/strong><\/td>\n<td height=\"16\" align=\"left\" valign=\"top\"><strong><\/strong><\/td>\n<td height=\"16\" align=\"left\" valign=\"top\"><strong><a href=\"http:\/\/dm-web.de\/MusikkreisAlfter\/?p=36\" target=\"_self\">Kleinkindergottesdienst zum 1. Advent im Pfarrheim<\/a><br \/>\nanschlie\u00dfend gem\u00fctliches Beisammensein im Pfarrheim<br \/>\n<\/strong><\/td>\n<\/tr>\n<tr>\n<td align=\"left\" valign=\"top\"><strong>29.11.2008<\/strong><\/td>\n<td align=\"right\" valign=\"top\"><strong><span style=\"color: #0000ff;\">16:00h<\/span><\/strong><\/td>\n<td align=\"right\" valign=\"top\"><strong>17:00h<\/strong><\/td>\n<td height=\"16\" align=\"left\" valign=\"top\"><strong><br \/>\n<\/strong><\/td>\n<td height=\"16\" align=\"left\" valign=\"top\"><strong><a href=\"http:\/\/dm-web.de\/MusikkreisAlfter\/?p=35\" target=\"_self\">Familienmesse &#8211; 1. Advent<\/a><br \/>\n<\/strong><\/td>\n<\/tr>\n<tr>\n<td align=\"left\" valign=\"top\"><span style=\"color: #999999;\"><strong>28.11.2008<\/strong><\/span><\/td>\n<td align=\"right\" valign=\"top\"><span style=\"color: #999999;\"><strong><\/strong><\/span><strong><span style=\"color: #0000ff;\"><br \/>\n<\/span><\/strong><\/td>\n<td align=\"right\" valign=\"top\"><\/td>\n<td height=\"16\" align=\"left\" valign=\"top\"><strong><br \/>\n<\/strong><\/td>\n<td height=\"16\" align=\"left\" valign=\"top\"><span style=\"color: #999999;\"><strong><span style=\"color: #ff0000;\">Nur zur Info:<\/span><\/strong><\/span><a href=\"http:\/\/www.bonnerkirchennacht.de\/\" target=\"_blank\"><span style=\"color: #999999;\"><strong><\/strong><\/span><br \/>\n<span style=\"color: #999999;\"><strong>3. Bonner Kirchennacht<\/strong><\/span><\/a><\/td>\n<\/tr>\n<tr>\n<td align=\"left\" valign=\"top\"><span style=\"color: #999999;\"><strong>23.11.2008<\/strong><\/span><\/td>\n<td align=\"right\" valign=\"top\"><strong><span style=\"color: #0000ff;\"><br \/>\n<\/span><\/strong><\/td>\n<td align=\"right\" valign=\"top\"><span style=\"color: #999999;\"><strong>17:00h<\/strong><\/span><\/td>\n<td height=\"16\" align=\"left\" valign=\"top\"><\/td>\n<td height=\"16\" align=\"left\" valign=\"top\"><span style=\"color: #999999;\"><strong><span style=\"color: #ff0000;\">Nur zur Info:<br \/>\n<\/span><\/strong><\/span><a href=\"http:\/\/www.sanktmatthaeus.de\/cms\/front_content.php?idcat=3&amp;idart=795\" target=\"_blank\"><span style=\"color: #999999;\"><strong>Auff\u00fchrung des Requiem mit Chor und Orchester St. Matth\u00e4us Alfter<\/strong><\/span><\/a><\/td>\n<\/tr>\n<tr>\n<td align=\"left\" valign=\"top\"><span style=\"color: #999999;\"><strong>22.11.2008<\/strong><\/span><\/td>\n<td align=\"right\" valign=\"top\"><strong><span style=\"color: #0000ff;\"><br \/>\n<\/span><\/strong><\/td>\n<td align=\"right\" valign=\"top\"><span style=\"color: #999999;\"><strong>19:00h<\/strong><\/span><\/td>\n<td height=\"16\" align=\"left\" valign=\"top\"><strong><\/strong><\/td>\n<td height=\"16\" align=\"left\" valign=\"top\"><span style=\"color: #999999;\"><strong><span style=\"color: #ff0000;\">Nur zur Info:<br \/>\n<\/span><\/strong><\/span><span style=\"color: #999999;\">22.11.2008 19:00 Kronensaal Alfter<br \/>\n<strong>Die 1. Alfter Jazznacht mit dem Alexander Gelhausen Electric Quartett und <a href=\"http:\/\/www.yassmo.de\" target=\"_blank\">Yassmo<\/a><\/strong><br \/>\nveranstaltet vom <a href=\"http:\/\/www.kulturkreis-alfter.de \" target=\"_blank\"><strong>Kulturkreis Alfter<\/strong><\/a><br \/>\nDer <strong><a href=\"http:\/\/www.kulturkreis-alfter.de\/images\/stories\/downloads\/jazznight.pdf\" target=\"_blank\">Flyer zur Alfterer Jazznight ist hier<\/a><\/strong> zu finden.<\/span><\/td>\n<\/tr>\n<tr>\n<td align=\"left\" valign=\"top\"><strong>22.11.2008<\/strong><\/td>\n<td align=\"right\" valign=\"top\"><strong><span style=\"color: #0000ff;\">15:45h<\/span><\/strong><\/td>\n<td align=\"right\" valign=\"top\"><strong>16:15h<\/strong><\/td>\n<td height=\"16\" align=\"left\" valign=\"top\"><strong><\/strong><\/td>\n<td height=\"16\" align=\"left\" valign=\"top\"><strong><a href=\"http:\/\/dm-web.de\/MusikkreisAlfter\/?p=33\" target=\"_self\">Kinderbibeltag  &#8222;Jona- Vom Umgang mit Angst &#8211; \u00c4rger &#8211; Wut&#8220;<\/a><\/strong><strong><br \/>\nAbschlussgottesdienst ev. Kirche (mit Gitarrenkreis)<\/strong><\/td>\n<\/tr>\n<tr>\n<td align=\"left\" valign=\"top\"><strong>22.11.2008<\/strong><\/td>\n<td align=\"right\" valign=\"top\"><strong><span style=\"color: #0000ff;\">13:00h<\/span><\/strong><\/td>\n<td align=\"right\" valign=\"top\"><strong>13:30h<\/strong><\/td>\n<td height=\"16\" align=\"left\" valign=\"top\"><strong><\/strong><\/td>\n<td height=\"16\" align=\"left\" valign=\"top\"><strong><a href=\"http:\/\/dm-web.de\/MusikkreisAlfter\/?p=33\" target=\"_self\">Kinderbibeltag  &#8222;Jona- Vom Umgang mit Angst &#8211; \u00c4rger &#8211; Wut&#8220;<\/a><br \/>\nnach dem Mittagessen im Pfarrheim<\/strong><br \/>\n<strong><\/strong><\/td>\n<\/tr>\n<tr>\n<td align=\"left\" valign=\"top\"><strong>08.11.2008<\/strong><\/td>\n<td align=\"right\" valign=\"top\"><strong><span style=\"color: #0000ff;\">16:00h<\/span><\/strong><\/td>\n<td align=\"right\" valign=\"top\"><strong>17:00h<\/strong><\/td>\n<td height=\"16\" align=\"left\" valign=\"top\"><strong><br \/>\n<\/strong><\/td>\n<td height=\"16\" align=\"left\" valign=\"top\"><strong><a href=\"http:\/\/dm-web.de\/MusikkreisAlfter\/?p=28\" target=\"_self\">Familienmesse zu &#8222;St. Martin&#8220;<\/a><br \/>\n<\/strong><\/td>\n<\/tr>\n<tr>\n<td align=\"left\" valign=\"top\"><span style=\"color: #999999;\"><strong>26.10.2008<\/strong><\/span><\/td>\n<td align=\"right\" valign=\"top\"><\/td>\n<td align=\"right\" valign=\"top\"><span style=\"color: #999999;\"><strong>17:00h<\/strong><\/span><\/td>\n<td height=\"16\" align=\"left\" valign=\"top\"><strong><\/strong><\/td>\n<td height=\"16\" align=\"left\" valign=\"top\"><span style=\"color: #999999;\"><strong><span style=\"color: #ff0000;\">Nur zur Info:<\/span><br \/>\n<span style=\"color: #c0c0c0;\"><a href=\"http:\/\/dm-web.de\/MusikkreisAlfter\/?p=25\" target=\"_self\">Jubil\u00e4umskonzert Chor Grenzenlos in St. Matth\u00e4us Alfter, <\/a><\/span><\/strong><strong><span style=\"color: #c0c0c0;\"><a href=\"http:\/\/dm-web.de\/MusikkreisAlfter\/?p=25\" target=\"_self\"><br \/>\nanschlie\u00dfend Empfang im evangelischen Pfarrzentrum<\/a><\/span><br \/>\n<\/strong><\/span><\/td>\n<\/tr>\n<tr>\n<td align=\"left\" valign=\"top\"><strong>19.10.2008<\/strong><\/td>\n<td align=\"right\" valign=\"top\"><strong><span style=\"color: #0000ff;\">10:30h<\/span><\/strong><\/td>\n<td align=\"right\" valign=\"top\"><strong>11:00h<\/strong><\/td>\n<td height=\"16\" align=\"left\" valign=\"top\"><strong><\/strong><\/td>\n<td height=\"16\" align=\"left\" valign=\"top\"><strong><a href=\"http:\/\/dm-web.de\/MusikkreisAlfter\/?p=26\" target=\"_self\">Kleinkindergottesdienst &#8222;Gott schenkt allen genug&#8220;<\/a> <\/strong><\/td>\n<\/tr>\n<tr>\n<td align=\"left\" valign=\"top\"><strong>27.09.2008<\/strong><\/td>\n<td align=\"right\" valign=\"top\"><strong><span style=\"color: #0000ff;\">16:00h<\/span><\/strong><\/td>\n<td align=\"right\" valign=\"top\"><strong>17:00h<\/strong><\/td>\n<td height=\"16\" align=\"left\" valign=\"top\"><strong><br \/>\n<\/strong><\/td>\n<td height=\"16\" align=\"left\" valign=\"top\"><strong><a href=\"http:\/\/dm-web.de\/MusikkreisAlfter\/?p=22\" target=\"_self\">Erntedankmesse -Hof Leyendecker &#8211; Landgraben 40<\/a> <\/strong><\/td>\n<\/tr>\n<tr>\n<td align=\"left\" valign=\"top\"><strong>14.09.2008<\/strong><\/td>\n<td align=\"right\" valign=\"top\"><strong><span style=\"color: #0000ff;\">10:30h<\/span><\/strong><\/td>\n<td align=\"right\" valign=\"top\"><strong>11:00h<\/strong><\/td>\n<td height=\"16\" align=\"left\" valign=\"top\"><strong><\/strong><\/td>\n<td height=\"16\" align=\"left\" valign=\"top\"><strong><a href=\"http:\/\/dm-web.de\/MusikkreisAlfter\/?p=20\">Kleinkindergottesdienst &#8222;Wir staunen \u00fcber Gottes gute Sch\u00f6pfung&#8220;<\/a><br \/>\n<\/strong><\/td>\n<\/tr>\n<tr>\n<td align=\"left\" valign=\"top\"><strong>24.08.2008<\/strong><\/td>\n<td align=\"right\" valign=\"top\"><strong><span style=\"color: #0000ff;\">10:30h<\/span><\/strong><\/td>\n<td align=\"right\" valign=\"top\"><strong>11:00h<\/strong><\/td>\n<td height=\"16\" align=\"left\" valign=\"top\"><strong><\/strong><\/td>\n<td height=\"16\" align=\"left\" valign=\"top\"><strong><a href=\"http:\/\/dm-web.de\/MusikkreisAlfter\/?p=18\" target=\"_self\">Kleinkindergottesdienst &#8222;Gott kennt mich mit Namen&#8220;<\/a><br \/>\n<\/strong><\/td>\n<\/tr>\n<tr>\n<td align=\"left\" valign=\"top\"><strong>17.08.2008<\/strong><\/td>\n<td align=\"right\" valign=\"top\"><strong><span style=\"color: #0000ff;\">9:00h<\/span><\/strong><\/td>\n<td align=\"right\" valign=\"top\"><strong>10:00h<\/strong><\/td>\n<td height=\"16\" align=\"left\" valign=\"top\"><strong><\/strong><\/td>\n<td height=\"16\" align=\"left\" valign=\"top\"><strong><a href=\"http:\/\/dm-web.de\/MusikkreisAlfter\/?p=16\" target=\"_self\">Familienmesse &#8211; Kr\u00e4uterweihe im Jakob-Wahlen-Park<\/a><br \/>\n<\/strong><\/td>\n<\/tr>\n<tr>\n<td align=\"left\" valign=\"top\"><strong>22.06.2008<\/strong><\/td>\n<td align=\"right\" valign=\"top\"><strong><span style=\"color: #0000ff;\">8:30h<\/span><\/strong><\/td>\n<td align=\"right\" valign=\"top\"><strong>9:30h<\/strong><\/td>\n<td height=\"16\" align=\"left\" valign=\"top\"><strong><\/strong><\/td>\n<td height=\"16\" align=\"left\" valign=\"top\"><a href=\"http:\/\/dm-web.de\/MusikkreisAlfter\/?p=7\" target=\"_self\"><strong><\/strong><\/a><strong><a href=\"http:\/\/dm-web.de\/MusikkreisAlfter\/?p=7\" target=\"_self\">Familienmesse &#8211; Start in die Ferien<\/a><\/strong><\/td>\n<\/tr>\n<tr>\n<td width=\"91\" height=\"16\" align=\"left\" valign=\"top\"><strong>15.06.2008<\/strong><\/td>\n<td height=\"16\" align=\"right\" valign=\"top\"><strong><span style=\"color: #0000ff;\">10:30h<\/span><\/strong><\/td>\n<td height=\"16\" align=\"right\" valign=\"top\"><strong>11:00h<\/strong><\/td>\n<td width=\"27\" height=\"16\" align=\"left\" valign=\"top\"><strong><\/strong><\/td>\n<td height=\"16\" align=\"left\" valign=\"top\"><a href=\"http:\/\/dm-web.de\/MusikkreisAlfter\/?p=4\" target=\"_self\"><strong>Kleinkindergottesdienst<br \/>\n&#8222;Jesus ist bei mir, wenn ich Angst habe&#8220;<\/strong><\/a><\/td>\n<\/tr>\n<\/tbody>\n<\/table>\n<p>Die Liste der fr\u00fcheren Aktivit\u00e4ten in dem Jahr bis zum Sommer 2008 finden Sie auf unserer alten Webseite unter <a href=\"http:\/\/www.dm-web.de\/MusikkreisAlfterBisJuni2008\/Gottesdienste%202007.htm\" target=\"_blank\">&#8222;<strong>Gottesdienste 2007<\/strong>&#8222;<\/a><\/p>\n","protected":false},"excerpt":{"rendered":"<p>Unsere durchgef\u00fchrten Aktivit\u00e4ten in 2008 Datum Treffen Beginn Messe 28.12.2008 &#8211;:&#8211;h &#8211;:&#8211;h Nur zur Info: Die Kindersegnung findet lt. Pfarrbrief im Anschluss an die Sonntagsmesse statt. Daher muss der Musikkreis nicht spielen. noch offen: Kindersegnung ggfls. auch im Anschluss an die Sonntagsmesse 24.12.2008 16:00h 17:00h Familienchristmette 24.12.2008 15:00h 15:30h Kleinkindergottesdienst zur Weihnacht 30.11.2008 10:30h 11:00h [&hellip;]<\/p>\n","protected":false},"author":2,"featured_media":0,"parent":0,"menu_order":8,"comment_status":"closed","ping_status":"closed","template":"","meta":{"ngg_post_thumbnail":0,"footnotes":""},"class_list":["post-13","page","type-page","status-publish","hentry"],"_links":{"self":[{"href":"https:\/\/www.dm-web.de\/MusikkreisAlfter\/index.php?rest_route=\/wp\/v2\/pages\/13","targetHints":{"allow":["GET"]}}],"collection":[{"href":"https:\/\/www.dm-web.de\/MusikkreisAlfter\/index.php?rest_route=\/wp\/v2\/pages"}],"about":[{"href":"https:\/\/www.dm-web.de\/MusikkreisAlfter\/index.php?rest_route=\/wp\/v2\/types\/page"}],"author":[{"embeddable":true,"href":"https:\/\/www.dm-web.de\/MusikkreisAlfter\/index.php?rest_route=\/wp\/v2\/users\/2"}],"replies":[{"embeddable":true,"href":"https:\/\/www.dm-web.de\/MusikkreisAlfter\/index.php?rest_route=%2Fwp%2Fv2%2Fcomments&post=13"}],"version-history":[{"count":6,"href":"https:\/\/www.dm-web.de\/MusikkreisAlfter\/index.php?rest_route=\/wp\/v2\/pages\/13\/revisions"}],"predecessor-version":[{"id":153,"href":"https:\/\/www.dm-web.de\/MusikkreisAlfter\/index.php?rest_route=\/wp\/v2\/pages\/13\/revisions\/153"}],"wp:attachment":[{"href":"https:\/\/www.dm-web.de\/MusikkreisAlfter\/index.php?rest_route=%2Fwp%2Fv2%2Fmedia&parent=13"}],"curies":[{"name":"wp","href":"https:\/\/api.w.org\/{rel}","templated":true}]}}