{"id":147,"date":"2009-01-25T16:24:57","date_gmt":"2009-01-25T15:24:57","guid":{"rendered":"http:\/\/dm-web.de\/MusikkreisAlfter\/?page_id=147"},"modified":"2010-01-25T22:37:53","modified_gmt":"2010-01-25T21:37:53","slug":"unsere-aktivitaten-in-2009","status":"publish","type":"page","link":"https:\/\/www.dm-web.de\/MusikkreisAlfter\/?page_id=147","title":{"rendered":"Unsere Aktivit\u00e4ten in 2009"},"content":{"rendered":"<h3>Unsere durchgef\u00fchrten Aktivit\u00e4ten in 2009<\/h3>\n<table style=\"border-collapse:collapse; border: 1px solid;\" border=\"1\" cellspacing=\"0\" cellpadding=\"6\" width=\"100%\" rules=\"all\">\n<tbody>\n<tr>\n<td bgcolor=\"#ccff99\">Datum<\/td>\n<td width=\"58\" bgcolor=\"#ccff99\"><span style=\"color: #0066ff;\">Treffen <\/span><\/td>\n<td width=\"59\" bgcolor=\"#ccff99\">\n<p align=\"right\">Beginn<\/p>\n<\/td>\n<td bgcolor=\"#ccff99\"><\/td>\n<td bgcolor=\"#ccff99\">Messe<\/td>\n<\/tr>\n<tr>\n<td align=\"left\" valign=\"top\"><strong>28.12.2009<\/strong><\/td>\n<td align=\"right\" valign=\"top\"><\/td>\n<td align=\"right\" valign=\"top\"><strong>15:00h\/16:00h<\/strong><\/td>\n<td height=\"16\" align=\"left\" valign=\"top\">***<\/td>\n<td height=\"16\" align=\"left\" valign=\"top\"><strong>Kindersegnung<\/strong><\/td>\n<\/tr>\n<tr>\n<td align=\"left\" valign=\"top\"><strong>24.12.2009<\/strong><\/td>\n<td align=\"right\" valign=\"top\"><span style=\"color: #0000ff;\"><strong>16:00h<\/strong><\/span><\/td>\n<td align=\"right\" valign=\"top\"><strong>17:00h<\/strong><\/td>\n<td height=\"16\" align=\"left\" valign=\"top\"><\/td>\n<td height=\"16\" align=\"left\" valign=\"top\"><strong>Familienchristmette<\/strong><\/td>\n<\/tr>\n<tr>\n<td align=\"left\" valign=\"top\"><strong>24.12.2009<\/strong><\/td>\n<td align=\"right\" valign=\"top\"><span style=\"color: #0000ff;\"><strong>15:00h<\/strong><\/span><\/td>\n<td align=\"right\" valign=\"top\"><strong>15:00h\/15:30h<\/strong><\/td>\n<td height=\"16\" align=\"left\" valign=\"top\">***<\/td>\n<td height=\"16\" align=\"left\" valign=\"top\"><strong>Kleinkindergottesdienst zur Weihnacht<\/strong><\/td>\n<\/tr>\n<tr>\n<td align=\"left\" valign=\"top\"><span style=\"text-decoration: line-through;\"><strong>05.12.2009<\/strong><\/span><\/td>\n<td align=\"right\" valign=\"top\"><span style=\"text-decoration: line-through;\"><span style=\"color: #0000ff;\"><strong>16:00h<\/strong><\/span><\/span><\/td>\n<td align=\"right\" valign=\"top\"><span style=\"text-decoration: line-through;\"><strong>17:00h<\/strong><\/span><\/td>\n<td height=\"16\" align=\"left\" valign=\"top\"><span style=\"color: #ff0000;\"><strong>NEU<\/strong><\/span><\/td>\n<td height=\"16\" align=\"left\" valign=\"top\"><strong><span style=\"text-decoration: line-through;\">Familienmesse &#8211; &#8222;Nikolaus&#8220;<\/span><br \/>\n<span style=\"color: #ff0000;\">ACHTUNG: F\u00e4llt leider aus <\/span><\/strong><\/td>\n<\/tr>\n<tr>\n<td align=\"left\" valign=\"top\"><strong>30.11.2009<\/strong><\/td>\n<td align=\"right\" valign=\"top\"><span style=\"color: #0000ff;\"><strong>17:00h<br \/>\n<span style=\"color: #ff0000;\">NEU<\/span><\/strong><\/span><\/td>\n<td align=\"right\" valign=\"top\"><strong>18:30h<\/strong><\/td>\n<td height=\"16\" align=\"left\" valign=\"top\"><span style=\"color: #ff0000;\"><strong>NEU<\/strong><\/span><\/td>\n<td height=\"16\" align=\"left\" valign=\"top\"><a href=\"http:\/\/dm-web.de\/MusikkreisAlfter\/?p=554\" target=\"_self\"><strong>Jahresmesse der Frauengemeinschaft<br \/>\nmitgestaltet als Dankmesse f\u00fcr die Musikanlage<\/strong><\/a><strong><br \/>\nACHTUNG: MONTAG ABEND !!<br \/>\n<\/strong><\/td>\n<\/tr>\n<tr>\n<td align=\"left\" valign=\"top\"><strong>29.11.2009<\/strong><\/td>\n<td align=\"right\" valign=\"top\"><span style=\"color: #0000ff;\"><strong>10:30h<\/strong><\/span><\/td>\n<td align=\"right\" valign=\"top\"><strong>11:00h<\/strong><\/td>\n<td height=\"16\" align=\"left\" valign=\"top\"><\/td>\n<td height=\"16\" align=\"left\" valign=\"top\"><strong><a href=\"http:\/\/dm-web.de\/MusikkreisAlfter\/?p=541\" target=\"_self\">Kleinkindergottesdienst zum 1. Advent im Pfarrheim<\/a><br \/>\nanschlie\u00dfend gem\u00fctliches Beisammensein im Pfarrheim<br \/>\n<\/strong><\/td>\n<\/tr>\n<tr>\n<td align=\"left\" valign=\"top\"><strong>21.11.2009<\/strong><\/td>\n<td align=\"right\" valign=\"top\"><span style=\"color: #0000ff;\"><strong>16:00h<\/strong><\/span><\/td>\n<td align=\"right\" valign=\"top\"><strong>16:30h<\/strong><\/td>\n<td height=\"16\" align=\"left\" valign=\"top\"><\/td>\n<td height=\"16\" align=\"left\" valign=\"top\"><strong><a href=\"http:\/\/dm-web.de\/MusikkreisAlfter\/?p=512\">Kinderbibeltag 2009<br \/>\n<\/a><\/strong><strong>Abschlussgottesdienst im evangelischen Pfarrheim<\/strong><\/p>\n<p><strong> <\/strong><strong><a rel=\"bookmark\" href=\"http:\/\/dm-web.de\/MusikkreisAlfter\/?p=531\" target=\"_self\">Newsletter #214:  Heutiger Kinderbibeltag \u2013 Danke Sch\u00f6n!<\/a><\/strong><\/td>\n<\/tr>\n<tr>\n<td align=\"left\" valign=\"top\"><strong>21.11.2009<\/strong><\/td>\n<td align=\"right\" valign=\"top\"><span style=\"color: #0000ff;\"><strong>13:00h<\/strong><\/span><\/td>\n<td align=\"right\" valign=\"top\"><strong>13:30h<\/strong><\/td>\n<td height=\"16\" align=\"left\" valign=\"top\"><\/td>\n<td height=\"16\" align=\"left\" valign=\"top\"><strong><a href=\"http:\/\/dm-web.de\/MusikkreisAlfter\/?p=512\" target=\"_self\">Kinderbibeltag 2009<\/a><br \/>\nGro\u00dfgruppe nach dem Mittagessen<br \/>\n<\/strong><\/td>\n<\/tr>\n<tr>\n<td align=\"left\" valign=\"top\"><span style=\"color: #999999;\"><strong>14.11.2009<\/strong><\/span><\/td>\n<td align=\"right\" valign=\"top\"><\/td>\n<td align=\"right\" valign=\"top\"><strong>17:00h<\/strong><\/td>\n<td height=\"16\" align=\"left\" valign=\"top\"><\/td>\n<td height=\"16\" align=\"left\" valign=\"top\"><strong><span style=\"color: #ff0000;\">NUR ZUR INFO<\/span><\/strong><strong><span style=\"color: #ff0000;\"> (ohne MK)<\/span><\/strong><strong><span style=\"color: #ff0000;\">:<\/span> <span style=\"color: #999999;\">Einf\u00fchrung der neuen Messdiener<\/span><\/strong><\/td>\n<\/tr>\n<tr>\n<td align=\"left\" valign=\"top\"><strong>08.11.2009<\/strong><\/td>\n<td align=\"right\" valign=\"top\"><span style=\"color: #0000ff;\"><strong>10:30h<\/strong><\/span><\/td>\n<td align=\"right\" valign=\"top\"><strong>11:00h<\/strong><\/td>\n<td height=\"16\" align=\"left\" valign=\"top\"><\/td>\n<td height=\"16\" align=\"left\" valign=\"top\"><a href=\"http:\/\/dm-web.de\/MusikkreisAlfter\/?p=476\" target=\"_self\"><strong>Kleinkindergottesdienst &#8222;Kirche&#8220;<\/strong><\/a><br \/>\n(zus\u00e4tzlich: PGR-Wahlen und Kirchenbesucherz\u00e4hlung)<\/td>\n<\/tr>\n<tr>\n<td align=\"left\" valign=\"top\"><strong>08.11.2009<\/strong><\/td>\n<td align=\"right\" valign=\"top\"><span style=\"color: #0000ff;\"><strong>08:30h<\/strong><\/span><\/td>\n<td align=\"right\" valign=\"top\"><strong>09:30h<\/strong><\/td>\n<td height=\"16\" align=\"left\" valign=\"top\"><\/td>\n<td height=\"16\" align=\"left\" valign=\"top\"><a href=\"http:\/\/dm-web.de\/MusikkreisAlfter\/?p=481\" target=\"_self\"><strong>Familienmesse &#8211; Einf\u00fchrung der Kommunionkinder<\/strong><\/a><br \/>\n(zus\u00e4tzlich: PGR-Wahlen und Kirchenbesucherz\u00e4hlung)<\/td>\n<\/tr>\n<tr>\n<td align=\"left\" valign=\"top\"><strong>04.10.2009<\/strong><\/td>\n<td align=\"right\" valign=\"top\"><span style=\"color: #0000ff;\"><strong>10:30h<\/strong><\/span><\/td>\n<td align=\"right\" valign=\"top\"><strong>11:00h<\/strong><\/td>\n<td height=\"16\" align=\"left\" valign=\"top\"><\/td>\n<td height=\"16\" align=\"left\" valign=\"top\"><strong><a href=\"http:\/\/dm-web.de\/MusikkreisAlfter\/?p=453\" target=\"_self\">Kleinkindergottesdienst &#8222;Wir loben Gott f\u00fcr seine Sch\u00f6pfung&#8220;<\/a> anschlie\u00dfend Herbstmarkt<\/strong><\/td>\n<\/tr>\n<tr>\n<td align=\"left\" valign=\"top\"><strong>26.09.2009<\/strong><\/td>\n<td align=\"right\" valign=\"top\"><span style=\"color: #0000ff;\"><strong>16:00h<\/strong><\/span><\/td>\n<td align=\"right\" valign=\"top\"><strong>17:00h<\/strong><\/td>\n<td height=\"16\" align=\"left\" valign=\"top\"><\/td>\n<td height=\"16\" align=\"left\" valign=\"top\"><a href=\"http:\/\/dm-web.de\/MusikkreisAlfter\/?p=428\" target=\"_self\"><strong>Erntedankgottesdienst in der G\u00e4rtnerei Pinsdorf<\/strong><\/a><\/td>\n<\/tr>\n<tr>\n<td align=\"left\" valign=\"top\"><strong>13.09.2009<\/strong><\/td>\n<td align=\"right\" valign=\"top\"><span style=\"color: #0000ff;\"><strong>10:30h<\/strong><\/span><\/td>\n<td align=\"right\" valign=\"top\"><strong>11:00h<\/strong><\/td>\n<td height=\"16\" align=\"left\" valign=\"top\"><\/td>\n<td height=\"16\" align=\"left\" valign=\"top\"><a href=\"http:\/\/dm-web.de\/MusikkreisAlfter\/?p=409\" target=\"_self\"><strong>Kleinkindergottesdienst \u201cIch brauche einen Freund\u201d<\/strong><\/a><\/td>\n<\/tr>\n<tr>\n<td align=\"left\" valign=\"top\"><span style=\"color: #999999;\"><strong>06.09.2009<\/strong><\/span><\/td>\n<td align=\"right\" valign=\"top\"><\/td>\n<td align=\"right\" valign=\"top\"><\/td>\n<td height=\"16\" align=\"left\" valign=\"top\"><\/td>\n<td height=\"16\" align=\"left\" valign=\"top\"><strong><span style=\"color: #ff0000;\">NUR ZUR INFO <\/span><\/strong><strong><span style=\"color: #ff0000;\">(ohne MK)<\/span><\/strong><strong><span style=\"color: #ff0000;\">:<\/span> <span style=\"color: #999999;\">Familiensonntag<\/span><\/strong><\/td>\n<\/tr>\n<tr>\n<td align=\"left\" valign=\"top\"><strong>23.08.2009<\/strong><\/td>\n<td align=\"right\" valign=\"top\"><span style=\"color: #0000ff;\"><strong>10:30h<\/strong><\/span><\/td>\n<td align=\"right\" valign=\"top\"><strong>11:00h<\/strong><\/td>\n<td height=\"16\" align=\"left\" valign=\"top\"><\/td>\n<td height=\"16\" align=\"left\" valign=\"top\"><a href=\"http:\/\/dm-web.de\/MusikkreisAlfter\/?p=393\"><strong>Kleinkindergottesdienst <\/strong><strong> &#8222;Wie sch\u00f6n, dass Du da bist&#8220;<\/strong><\/a><\/td>\n<\/tr>\n<tr>\n<td align=\"left\" valign=\"top\"><span style=\"color: #999999;\"><strong>15.08.2009<\/strong><\/span><\/td>\n<td align=\"right\" valign=\"top\"><\/td>\n<td align=\"right\" valign=\"top\"><strong><span style=\"color: #999999;\">17:00<\/span><\/strong><\/td>\n<td height=\"16\" align=\"left\" valign=\"top\"><\/td>\n<td height=\"16\" align=\"left\" valign=\"top\"><strong><span style=\"color: #ff0000;\">NUR ZUR INFO <\/span><\/strong><strong><span style=\"color: #ff0000;\">(ohne MK)<\/span><\/strong><strong><span style=\"color: #ff0000;\">:<\/span> <span style=\"color: #999999;\"><a href=\"http:\/\/dm-web.de\/MusikkreisAlfter\/?p=385\" target=\"_self\">Taiz\u00e9- Gottesdienst am *15.08.2009, 17:00 Uhr *<\/a><br \/>\n(im Anschlu\u00df an den &#8222;Tag der Offenen T\u00fcr&#8220; im *St.- Marien- Hospital*, wo Ihr alle nat\u00fcrlich herzlich willkommen seid!!! (Einladung von Ilka))<\/span><\/strong><\/td>\n<\/tr>\n<tr>\n<td align=\"left\" valign=\"top\"><strong>21.06.2009<\/strong><\/td>\n<td align=\"right\" valign=\"top\"><span style=\"color: #0000ff;\"><strong>10:30h<\/strong><\/span><\/td>\n<td align=\"right\" valign=\"top\"><strong>11:00h<\/strong><\/td>\n<td height=\"16\" align=\"left\" valign=\"top\"><\/td>\n<td height=\"16\" align=\"left\" valign=\"top\"><strong><a href=\"http:\/\/dm-web.de\/MusikkreisAlfter\/?p=362\" target=\"_self\">Kleinkindergottesdienst &#8222;Feiert Gott in eurer Mitte&#8220;<\/a><br \/>\n<\/strong><\/td>\n<\/tr>\n<tr>\n<td align=\"left\" valign=\"top\"><span style=\"color: #999999;\"><strong>17.05.2009<\/strong><\/span><\/td>\n<td align=\"right\" valign=\"top\"><\/td>\n<td align=\"right\" valign=\"top\"><\/td>\n<td height=\"16\" align=\"left\" valign=\"top\"><\/td>\n<td height=\"16\" align=\"left\" valign=\"top\"><strong><span style=\"color: #ff0000;\">NUR ZUR INFO (ohne MK):<\/span> <span style=\"color: #999999;\">Familiensonntag<\/span><\/strong><\/td>\n<\/tr>\n<tr>\n<td align=\"left\" valign=\"top\"><strong>26.04.2009<\/strong><\/td>\n<td align=\"right\" valign=\"top\"><span style=\"color: #0000ff;\"><strong>10:30h<\/strong><\/span><\/td>\n<td align=\"right\" valign=\"top\"><strong>11:00h<\/strong><\/td>\n<td height=\"16\" align=\"left\" valign=\"top\"><\/td>\n<td height=\"16\" align=\"left\" valign=\"top\"><a href=\"http:\/\/dm-web.de\/MusikkreisAlfter\/?p=331\" target=\"_self\"><strong>Kleinkindergottesdienst <\/strong><strong>&#8222;Geborgen bei Gott&#8220;<\/strong><\/a><\/td>\n<\/tr>\n<tr>\n<td align=\"left\" valign=\"top\"><strong>19.04.2009<\/strong><\/td>\n<td align=\"right\" valign=\"top\"><span style=\"color: #0000ff;\"><strong>9:00h<\/strong><\/span><\/td>\n<td align=\"right\" valign=\"top\"><strong>10:00h<\/strong><\/td>\n<td height=\"16\" align=\"left\" valign=\"top\"><\/td>\n<td height=\"16\" align=\"left\" valign=\"top\"><strong><a href=\"http:\/\/dm-web.de\/MusikkreisAlfter\/?p=305\" target=\"_self\">Erstkommunionmesse gemeinsam mit dem Kirchenchor<\/a><br \/>\n<\/strong><\/td>\n<\/tr>\n<tr>\n<td align=\"left\" valign=\"top\"><span style=\"color: #999999;\"><strong>13.04.2009<\/strong><\/span><\/td>\n<td align=\"right\" valign=\"top\"><span style=\"color: #999999;\"><strong>8:30h<\/strong><\/span><\/td>\n<td align=\"right\" valign=\"top\"><span style=\"color: #999999;\"><strong>9:30h<\/strong><\/span><\/td>\n<td height=\"16\" align=\"left\" valign=\"top\"><strong><br \/>\n<\/strong><\/td>\n<td height=\"16\" align=\"left\" valign=\"top\"><strong><span style=\"color: #ff0000;\">Nur zur Info: &#8211; Kein Auftritt-<\/span><\/strong><span style=\"color: #999999;\"><strong><br \/>\nOstermontag &#8211; Wortgottesdienst mit Frau Molzberger im Pfarrheim f\u00fcr die Kinder<\/strong><br \/>\n<\/span><\/td>\n<\/tr>\n<tr>\n<td align=\"left\" valign=\"top\"><strong>29.03.2009<\/strong><\/td>\n<td align=\"right\" valign=\"top\"><strong><span style=\"color: #0000ff;\">10:30h<\/span><\/strong><\/td>\n<td align=\"right\" valign=\"top\"><strong>11:00h<\/strong><\/td>\n<td height=\"16\" align=\"left\" valign=\"top\"><strong><span style=\"color: #ff0000;\">NEU<\/span><\/strong><\/td>\n<td height=\"16\" align=\"left\" valign=\"top\"><a href=\"http:\/\/dm-web.de\/MusikkreisAlfter\/?p=239\" target=\"_self\"><strong>Kleinkindergottesdienst <\/strong><\/a><br \/>\n<span style=\"color: #ff0000;\"><strong>Bitte die Zeitumstellung auf die Sommerzeit beachten.<\/strong><\/span><\/td>\n<\/tr>\n<tr>\n<td align=\"left\" valign=\"top\"><strong>29.03.2009<\/strong><\/td>\n<td align=\"right\" valign=\"top\"><strong><span style=\"color: #0000ff;\">8:30h<\/span><\/strong><\/td>\n<td align=\"right\" valign=\"top\"><strong>9:30h<\/strong><\/td>\n<td height=\"16\" align=\"left\" valign=\"top\"><strong><br \/>\n<\/strong><\/td>\n<td height=\"16\" align=\"left\" valign=\"top\"><a href=\"http:\/\/dm-web.de\/MusikkreisAlfter\/?p=264\" target=\"_self\"><strong>Fastenmesse zum Misereorsonntag &#8222;Lebendiges Wasser&#8220;<\/strong><\/a><br \/>\n<span style=\"color: #ff0000;\"><strong>Bitte die Zeitumstellung auf die Sommerzeit beachten.<\/strong><\/span><\/td>\n<\/tr>\n<tr>\n<td align=\"left\" valign=\"top\"><span style=\"text-decoration: line-through;\">25.03.2009<\/span><\/td>\n<td align=\"right\" valign=\"top\"><span style=\"text-decoration: line-through;\"><span style=\"color: #0000ff;\">20:00h<\/span><\/span><\/td>\n<td align=\"right\" valign=\"top\"><span style=\"text-decoration: line-through;\">20:00h<\/span><\/td>\n<td height=\"16\" align=\"left\" valign=\"top\"><strong> <\/strong><\/td>\n<td height=\"16\" align=\"left\" valign=\"top\"><span style=\"text-decoration: line-through;\">Treffen der Mess- und Musikkreise<\/span><span style=\"color: #ff0000;\"><strong><br \/>\nDer geplante Termin der Halbjahresplanung musste auf Mo. 23.03.2009 verschoben werden.<\/strong><\/span><\/td>\n<\/tr>\n<tr>\n<td align=\"left\" valign=\"top\"><strong>23.03.2009<\/strong><\/td>\n<td align=\"right\" valign=\"top\"><strong><span style=\"color: #0000ff;\">20:00h<\/span><\/strong><\/td>\n<td align=\"right\" valign=\"top\"><strong>20:00h<\/strong><\/td>\n<td height=\"16\" align=\"left\" valign=\"top\"><strong><span style=\"color: #ff0000;\"><br \/>\n<\/span><\/strong><\/td>\n<td height=\"16\" align=\"left\" valign=\"top\"><strong>Treffen der Mess- und Musikkreise mit Herrn Pastor Ollig  zur Terminabsprache f\u00fcr das 1. Halbjahr 2009 und Diskussion der anstehenden Punkte  (betrifft \u00fcberwiegend nur die erwachsenen Mitglieder) im Pfarrhaus.<\/strong><\/td>\n<\/tr>\n<tr>\n<td align=\"left\" valign=\"top\"><span style=\"color: #808080;\"><strong>15.03.2009<\/strong><\/span><\/td>\n<td align=\"right\" valign=\"top\"><strong><span style=\"color: #0000ff;\"><\/p>\n<p><\/span><\/strong><\/td>\n<td align=\"right\" valign=\"top\"><span style=\"color: #808080;\"><strong>19:00h<\/strong><\/span><\/td>\n<td height=\"16\" align=\"left\" valign=\"top\"><strong><span style=\"color: #ff0000;\"><br \/>\n<\/span><\/strong><\/td>\n<td height=\"16\" align=\"left\" valign=\"top\"><span style=\"color: #999999;\"><strong><span style=\"color: #ff0000;\">Nur zur Info:<\/span><\/strong><\/span><span style=\"color: #808080;\"><strong><br \/>\nOrgelkonzert &#8211; Jan Esra Kuhl<\/strong><\/span><\/p>\n<p>Am Sonntag, 15.03.2009 findet um 19:00h ein Orgelkonzert von Jan Esra Kuhl (ehemaliges Mitglied des Musikkreises, Studierender an der Musikhochschule K\u00f6ln) an der reorganisierten, im September 2008 geweihten Orgel statt.<\/td>\n<\/tr>\n<tr>\n<td align=\"left\" valign=\"top\"><strong>01.03.2009<\/strong><\/td>\n<td align=\"right\" valign=\"top\"><strong><span style=\"color: #0000ff;\">10:30h<\/span><\/strong><\/td>\n<td align=\"right\" valign=\"top\"><strong>11:00h<\/strong><\/td>\n<td height=\"16\" align=\"left\" valign=\"top\"><strong> <\/strong><\/td>\n<td height=\"16\" align=\"left\" valign=\"top\"><strong><a href=\"http:\/\/dm-web.de\/MusikkreisAlfter\/?p=182\" target=\"_self\">Kleinkindergottesdienst<br \/>\n&#8222;Wir entdecken die Welt und Gott mit unseren Sinnen: Sehen&#8220;<\/a> <\/strong><\/td>\n<\/tr>\n<tr>\n<td align=\"left\" valign=\"top\"><strong>14.02.2009<\/strong><\/td>\n<td align=\"right\" valign=\"top\"><strong><span style=\"color: #0000ff;\">16:00h<\/span><\/strong><\/td>\n<td align=\"right\" valign=\"top\"><strong>17:00h<\/strong><\/td>\n<td height=\"16\" align=\"left\" valign=\"top\"><strong> <\/strong><\/td>\n<td height=\"16\" align=\"left\" valign=\"top\"><strong><a href=\"http:\/\/dm-web.de\/MusikkreisAlfter\/?p=159\" target=\"_self\">Karnevalsgottesdienst  im Kost\u00fcm &#8211; Valentinstag<br \/>\n<\/a><\/strong><strong>\u201e ..et Sch\u00f6nste, wat m&#8217;r han schon all die lange Johr es ons Jemeinde&#8220;<\/strong><\/td>\n<\/tr>\n<tr>\n<td align=\"left\" valign=\"top\"><strong>06.02.2009<\/strong><\/td>\n<td align=\"right\" valign=\"top\"><strong><span style=\"color: #0000ff;\">&#8212;<\/span><\/strong><\/td>\n<td align=\"right\" valign=\"top\"><strong>17:30h<\/strong><\/td>\n<td height=\"16\" align=\"left\" valign=\"top\"><strong><span style=\"color: #ff0000;\"><br \/>\n<\/span><\/strong><\/td>\n<td height=\"16\" align=\"left\" valign=\"top\"><strong>Dankgottesdienst am Freitag, dem 06.02.2009 um 17:30 Uhr in unsere Pfarrkirche<\/strong> und<br \/>\n<strong>Einladung zu einem anschlie\u00dfenden gem\u00fctlichen Beisammensein im Pfarrheim<\/strong><\/p>\n<p>Liebe haupt- und ehrenamtliche Mitarbeiter unserer Kirchengemeinde.<br \/>\nAnstelle eines pers\u00f6nlichen Weihnachtsgru\u00dfes m\u00f6chte ich Ihnen dieses Jahr meinen Dank auf eine andere Weise zu kommen lassen. Es ist nicht selbstverst\u00e4ndlich, dass Menschen ihre Zeit dem Dienst in der Kirche mit einer solchen Hingabe widmen. Desto mehr freue ich mich \u00fcber Ihren unerm\u00fcdlichen Einsatz in unserer Gemeinde und \u00fcber die Zeit, die Sie unserer Pfarrgemeinde geschenkt haben.<\/p>\n<p>Ich m\u00f6chte Sie zu einem <span style=\"text-decoration: underline;\"><strong>Dankgottesdienst am Freitag, dem 06.02.2009 um 17:30 Uhr in unsere Pfarrkirche<\/strong><\/span> und zu einem <strong><span style=\"text-decoration: underline;\">anschlie\u00dfenden gem\u00fctlichen Beisammensein im Pfarrheim, einladen<\/span><\/strong>.<\/p>\n<p>F\u00fcr das leibliche Wohl wird bestens gesorgt werden. Ich w\u00fcrde mich \u00fcber eine zahlreiche Teilnahme sehr freuen.<br \/>\nIhnen und Ihren Angeh\u00f6rigen w\u00fcnsche ich, auch im Namen der katholischen Kirchengemeinde St. Matth\u00e4us Alfter, besinnliche und gesegnete Weihnachtstage.<br \/>\nIhr Pfarrer Rainald M. Ollig<\/td>\n<\/tr>\n<tr>\n<td align=\"left\" valign=\"top\"><strong>25.01.2009<\/strong><\/td>\n<td align=\"right\" valign=\"top\"><strong><span style=\"color: #0000ff;\">10:30h<\/span><\/strong><\/td>\n<td align=\"right\" valign=\"top\"><strong>11:00h<\/strong><\/td>\n<td height=\"16\" align=\"left\" valign=\"top\"><strong> <\/strong><\/td>\n<td height=\"16\" align=\"left\" valign=\"top\"><a href=\"http:\/\/dm-web.de\/MusikkreisAlfter\/?p=125\" target=\"_self\"><strong>Kleinkindergottesdienst<br \/>\n&#8222;Wir  entdecken die Welt und Gott mit unseren Sinnen: H\u00f6ren&#8220; <\/strong><\/a><\/td>\n<\/tr>\n<\/tbody>\n<\/table>\n","protected":false},"excerpt":{"rendered":"<p>Unsere durchgef\u00fchrten Aktivit\u00e4ten in 2009 Datum Treffen Beginn Messe 28.12.2009 15:00h\/16:00h *** Kindersegnung 24.12.2009 16:00h 17:00h Familienchristmette 24.12.2009 15:00h 15:00h\/15:30h *** Kleinkindergottesdienst zur Weihnacht 05.12.2009 16:00h 17:00h NEU Familienmesse &#8211; &#8222;Nikolaus&#8220; ACHTUNG: F\u00e4llt leider aus 30.11.2009 17:00h NEU 18:30h NEU Jahresmesse der Frauengemeinschaft mitgestaltet als Dankmesse f\u00fcr die Musikanlage ACHTUNG: MONTAG ABEND !! 29.11.2009 10:30h [&hellip;]<\/p>\n","protected":false},"author":2,"featured_media":0,"parent":0,"menu_order":8,"comment_status":"closed","ping_status":"closed","template":"","meta":{"ngg_post_thumbnail":0,"footnotes":""},"class_list":["post-147","page","type-page","status-publish","hentry"],"_links":{"self":[{"href":"https:\/\/www.dm-web.de\/MusikkreisAlfter\/index.php?rest_route=\/wp\/v2\/pages\/147","targetHints":{"allow":["GET"]}}],"collection":[{"href":"https:\/\/www.dm-web.de\/MusikkreisAlfter\/index.php?rest_route=\/wp\/v2\/pages"}],"about":[{"href":"https:\/\/www.dm-web.de\/MusikkreisAlfter\/index.php?rest_route=\/wp\/v2\/types\/page"}],"author":[{"embeddable":true,"href":"https:\/\/www.dm-web.de\/MusikkreisAlfter\/index.php?rest_route=\/wp\/v2\/users\/2"}],"replies":[{"embeddable":true,"href":"https:\/\/www.dm-web.de\/MusikkreisAlfter\/index.php?rest_route=%2Fwp%2Fv2%2Fcomments&post=147"}],"version-history":[{"count":26,"href":"https:\/\/www.dm-web.de\/MusikkreisAlfter\/index.php?rest_route=\/wp\/v2\/pages\/147\/revisions"}],"predecessor-version":[{"id":149,"href":"https:\/\/www.dm-web.de\/MusikkreisAlfter\/index.php?rest_route=\/wp\/v2\/pages\/147\/revisions\/149"}],"wp:attachment":[{"href":"https:\/\/www.dm-web.de\/MusikkreisAlfter\/index.php?rest_route=%2Fwp%2Fv2%2Fmedia&parent=147"}],"curies":[{"name":"wp","href":"https:\/\/api.w.org\/{rel}","templated":true}]}}