{"id":1520,"date":"2013-01-23T00:05:21","date_gmt":"2013-01-22T23:05:21","guid":{"rendered":"http:\/\/dm-web.de\/MusikkreisAlfter\/?page_id=1520"},"modified":"2013-12-26T16:34:07","modified_gmt":"2013-12-26T15:34:07","slug":"unsere-aktivitaten-in-2013","status":"publish","type":"page","link":"https:\/\/www.dm-web.de\/MusikkreisAlfter\/?page_id=1520","title":{"rendered":"Unsere Aktivit\u00e4ten in 2013"},"content":{"rendered":"<h3>Unsere durchgef\u00fchrten Aktivit\u00e4ten in 2013<\/h3>\n<table style=\"border-collapse: collapse; border: 1px solid;\" width=\"100%\" border=\"1\" rules=\"all\" cellspacing=\"0\" cellpadding=\"6\">\n<tbody>\n<tr>\n<td bgcolor=\"#ccff99\">Tag<\/td>\n<td bgcolor=\"#ccff99\">Datum<\/td>\n<td bgcolor=\"#ccff99\" width=\"58\"><span style=\"color: #0066ff;\">Treffen <\/span><\/td>\n<td bgcolor=\"#ccff99\" width=\"59\">Beginn<\/td>\n<td bgcolor=\"#ccff99\"><\/td>\n<td bgcolor=\"#ccff99\">Messe<\/td>\n<\/tr>\n<tr>\n<td align=\"left\" valign=\"top\"><b>Di<\/b><\/td>\n<td align=\"left\" valign=\"top\"><b>24.12.2013<\/b><\/td>\n<td align=\"right\" valign=\"top\"><span style=\"color: #0000ff;\"><b>16:00h<\/b><\/span><\/td>\n<td align=\"right\" valign=\"top\"><b>17:00h<\/b><\/td>\n<td align=\"left\" valign=\"top\" height=\"16\"><\/td>\n<td align=\"left\" valign=\"top\" height=\"16\"><a title=\"24.12.2013  Familienchristmette 2013\" href=\"http:\/\/dm-web.de\/MusikkreisAlfter\/?p=1740\"><b>Familienchristmette<\/b><\/a><\/td>\n<\/tr>\n<tr>\n<td class=\"auto-style3\" align=\"left\" valign=\"top\"><span style=\"color: #888888;\"><strong>Di<\/strong><\/span><\/td>\n<td class=\"auto-style3\" align=\"left\" valign=\"top\"><span style=\"color: #888888;\"><strong>24.12.2013<\/strong><\/span><\/td>\n<td align=\"right\" valign=\"top\"><\/td>\n<td class=\"auto-style3\" align=\"right\" valign=\"top\"><span style=\"color: #888888;\"><strong>15:00h<\/strong><\/span><\/td>\n<td align=\"left\" valign=\"top\" height=\"16\"><\/td>\n<td class=\"auto-style3\" align=\"left\" valign=\"top\" height=\"16\"><span style=\"color: #888888;\"><strong>Kinderkrippenfeier <span class=\"auto-style4\" style=\"color: #ff0000;\">(Nur Info &#8211; ohne Musikkreis)<\/span><\/strong><\/span><\/td>\n<\/tr>\n<tr>\n<td align=\"left\" valign=\"top\"><b>So<\/b><\/td>\n<td align=\"left\" valign=\"top\"><b>01.12.2013<\/b><\/td>\n<td class=\"auto-style1\" align=\"right\" valign=\"top\"><span style=\"color: #0000ff;\"><strong>10:30h<\/strong><\/span><\/td>\n<td align=\"right\" valign=\"top\"><b>11:00h<\/b><\/td>\n<td align=\"left\" valign=\"top\" height=\"16\"><\/td>\n<td align=\"left\" valign=\"top\" height=\"16\"><b><a title=\"01.12.2013  Kleinkindergottesdienst \u201cWir warten auf Jesus\u201d\" href=\"http:\/\/dm-web.de\/MusikkreisAlfter\/?p=1709\">Kindergottesdienst &#8222;Wir warten auf Jesus&#8220;<\/a><\/b><br \/>\n<strong>(im kath. Pfarrheim mit gem\u00fctlichem Ausklang, Pl\u00e4tzchen und Kaffee im Anschluss)<\/strong><\/td>\n<\/tr>\n<tr>\n<td align=\"left\" valign=\"top\"><b>Sa<\/b><\/td>\n<td align=\"left\" valign=\"top\"><b>30.11.2013<\/b><\/td>\n<td align=\"right\" valign=\"top\"><span style=\"color: #0000ff;\"><b>16:00h<\/b><\/span><\/td>\n<td align=\"right\" valign=\"top\"><b>17:00h<\/b><\/td>\n<td align=\"left\" valign=\"top\" height=\"16\"><\/td>\n<td align=\"left\" valign=\"top\" height=\"16\"><b><a title=\"30.11.2013  Familienmesse zum \u201c1. Advent\u201d\" href=\"http:\/\/dm-web.de\/MusikkreisAlfter\/?p=1706\">Familiengottesdienst zum 1. Advent<\/a> (und C\u00e4cilienfest) Gemeinsam mit dem Chor<\/b><\/td>\n<\/tr>\n<tr>\n<td align=\"left\" valign=\"top\"><b>Sa<\/b><\/td>\n<td align=\"left\" valign=\"top\"><b>23.11.2013<\/b><\/td>\n<td align=\"right\" valign=\"top\"><span style=\"color: #0000ff;\"><strong>16:00h<\/strong><\/span><\/td>\n<td align=\"right\" valign=\"top\"><strong>16:30h<\/strong><\/td>\n<td align=\"left\" valign=\"top\" height=\"16\"><\/td>\n<td align=\"left\" valign=\"top\" height=\"16\"><b><a title=\"23.11.2013  Kinderbibeltag 2013\" href=\"http:\/\/dm-web.de\/MusikkreisAlfter\/?p=1680\">Kinderbibeltag Alfter<\/a> <strong> (Abschluss im ev. Pfarrheim)<\/strong><\/b><\/td>\n<\/tr>\n<tr>\n<td align=\"left\" valign=\"top\"><b>Sa<\/b><\/td>\n<td align=\"left\" valign=\"top\"><b>23.11.2013<\/b><\/td>\n<td align=\"right\" valign=\"top\"><span style=\"color: #0000ff;\"><strong>13:00h<\/strong><\/span><\/td>\n<td align=\"right\" valign=\"top\"><strong>13:30h<\/strong><\/td>\n<td align=\"left\" valign=\"top\" height=\"16\"><\/td>\n<td align=\"left\" valign=\"top\" height=\"16\"><b><a title=\"23.11.2013  Kinderbibeltag 2013\" href=\"http:\/\/dm-web.de\/MusikkreisAlfter\/?p=1680\">Kinderbibeltag Alfter<\/a> <strong>(nach Mittagessen im kath. Pfarrheim)<\/strong><\/b><\/td>\n<\/tr>\n<tr>\n<td align=\"left\" valign=\"top\"><b>Mi<\/b><\/td>\n<td align=\"left\" valign=\"top\"><b>20.11.2013<\/b><\/td>\n<td align=\"right\" valign=\"top\"><span style=\"color: #0000ff;\"><strong>20:00h<\/strong><\/span><\/td>\n<td align=\"right\" valign=\"top\"><strong>20:00h<\/strong><\/td>\n<td align=\"left\" valign=\"top\" height=\"16\"><\/td>\n<td align=\"left\" valign=\"top\" height=\"16\"><b><a title=\"23.11.2013  Kinderbibeltag 2013\" href=\"http:\/\/dm-web.de\/MusikkreisAlfter\/?p=1680\">Probe f\u00fcr den Kinderbibeltag Alfter mit dem Gitarrenkreis im ev. Pfarrheim<\/a> <\/b><\/td>\n<\/tr>\n<tr>\n<td align=\"left\" valign=\"top\"><b>Fr<\/b><\/td>\n<td align=\"left\" valign=\"top\"><b>15.11.2013<\/b><\/td>\n<td align=\"right\" valign=\"top\"><\/td>\n<td align=\"right\" valign=\"top\"><b>18:00h<\/b><\/td>\n<td align=\"left\" valign=\"top\" height=\"16\"><\/td>\n<td align=\"left\" valign=\"top\" height=\"16\"><b>Abend des Lichts in St. Mari\u00e4 Heimsuchung Impekoven <\/b><span class=\"auto-style5\">(f\u00fcr alle, die Mitmusizieren m\u00f6chten und k\u00f6nnen)<\/span><\/td>\n<\/tr>\n<tr>\n<td align=\"left\" valign=\"top\"><b>Do<\/b><\/td>\n<td align=\"left\" valign=\"top\"><b>14.11.2013<\/b><\/td>\n<td class=\"auto-style1\" align=\"right\" valign=\"top\"><span style=\"color: #0000ff;\"><strong>21:30h<\/strong><\/span><\/td>\n<td align=\"right\" valign=\"top\"><b>21:30h<\/b><\/td>\n<td align=\"left\" valign=\"top\" height=\"16\"><\/td>\n<td align=\"left\" valign=\"top\" height=\"16\"><b>3.Probe Projektchor Abend des Lichts &#8211; Pfarrzentrum Oedekoven<\/b><\/td>\n<\/tr>\n<tr>\n<td align=\"left\" valign=\"top\"><b>So<\/b><\/td>\n<td align=\"left\" valign=\"top\"><b>10.11.2013<\/b><\/td>\n<td class=\"auto-style1\" align=\"right\" valign=\"top\"><span style=\"color: #0000ff;\"><strong>10:30h<\/strong><\/span><\/td>\n<td align=\"right\" valign=\"top\"><b>11:00h<\/b><\/td>\n<td align=\"left\" valign=\"top\" height=\"16\"><\/td>\n<td align=\"left\" valign=\"top\" height=\"16\"><a title=\"10.11.2013  Kleinkindergottesdienst \u201cF\u00fcreinander da sein \u2013 Wir helfen einander\u201d\" href=\"http:\/\/dm-web.de\/MusikkreisAlfter\/?p=1689\"><b>Kindergottesdienst &#8222;F\u00fcreinander da sein \u2013 Wir helfen einander\u201d<\/b><\/a><\/td>\n<\/tr>\n<tr>\n<td class=\"auto-style3\" align=\"left\" valign=\"top\"><span style=\"color: #888888;\"><strong>Sa<\/strong><\/span><\/td>\n<td class=\"auto-style3\" align=\"left\" valign=\"top\"><span style=\"color: #888888;\"><strong>09.11.2013<\/strong><\/span><\/td>\n<td class=\"auto-style3\" align=\"right\" valign=\"top\"><\/td>\n<td class=\"auto-style3\" align=\"right\" valign=\"top\"><span style=\"color: #888888;\"><strong>17:00h<\/strong><\/span><\/td>\n<td class=\"auto-style3\" align=\"left\" valign=\"top\" height=\"16\"><\/td>\n<td class=\"auto-style3\" align=\"left\" valign=\"top\" height=\"16\"><span style=\"color: #888888;\"><strong>Einf\u00fchrung neue Messdiener <span class=\"auto-style4\" style=\"color: #ff0000;\">(Nur Info &#8211; ohne Musikkreis)<\/span><\/strong><\/span><\/td>\n<\/tr>\n<tr>\n<td align=\"left\" valign=\"top\"><b>Do<\/b><\/td>\n<td align=\"left\" valign=\"top\"><b>07.11.2013<\/b><\/td>\n<td class=\"auto-style1\" align=\"right\" valign=\"top\"><span style=\"color: #0000ff;\"><strong>21:30h<\/strong><\/span><\/td>\n<td align=\"right\" valign=\"top\"><b>21:30h<\/b><\/td>\n<td align=\"left\" valign=\"top\" height=\"16\"><\/td>\n<td align=\"left\" valign=\"top\" height=\"16\"><b>2.Probe Projektchor Abend des Lichts &#8211; Pfarrzentrum Oedekoven<\/b><\/td>\n<\/tr>\n<tr>\n<td align=\"left\" valign=\"top\"><b>Do<\/b><\/td>\n<td align=\"left\" valign=\"top\"><b>17.10.2013<br \/>\n<\/b><\/td>\n<td class=\"auto-style1\" align=\"right\" valign=\"top\"><span style=\"color: #0000ff;\"><strong>21:30h<\/strong><\/span><\/td>\n<td align=\"right\" valign=\"top\"><b>21:30h<\/b><\/td>\n<td align=\"left\" valign=\"top\" height=\"16\"><\/td>\n<td align=\"left\" valign=\"top\" height=\"16\"><b>1.Probe Projektchor Abend des Lichts &#8211; Pfarrzentrum Oedekoven<\/b><\/td>\n<\/tr>\n<tr>\n<td align=\"left\" valign=\"top\"><b>Mi<\/b><\/td>\n<td align=\"left\" valign=\"top\"><b>16.10.2013<\/b><\/td>\n<td align=\"right\" valign=\"top\"><span style=\"color: #0000ff;\"><b>20:00h<\/b><\/span><\/td>\n<td align=\"right\" valign=\"top\"><b>20:00h<\/b><\/td>\n<td align=\"left\" valign=\"top\" height=\"16\"><\/td>\n<td align=\"left\" valign=\"top\" height=\"16\"><b>Terminabsprache f\u00fcr 2014 im Pfarrheim, Garderobenraum<\/b><\/td>\n<\/tr>\n<tr>\n<td class=\"auto-style3\" align=\"left\" valign=\"top\"><span style=\"color: #888888;\"><strong>So<\/strong><\/span><\/td>\n<td class=\"auto-style3\" align=\"left\" valign=\"top\"><strong><span style=\"color: #888888;\">13.10.2013<\/span><\/strong><\/td>\n<td class=\"auto-style3\" align=\"right\" valign=\"top\"><\/td>\n<td class=\"auto-style3\" align=\"right\" valign=\"top\"><span style=\"color: #888888;\"><strong>17:00h<\/strong><\/span><\/td>\n<td class=\"auto-style3\" align=\"left\" valign=\"top\" height=\"16\"><\/td>\n<td class=\"auto-style3\" align=\"left\" valign=\"top\" height=\"16\"><span style=\"color: #888888;\"><strong>Jubil\u00e4um Chor Grenzenlos <span class=\"auto-style4\" style=\"color: #ff0000;\"> (Nur Info &#8211; ohne Musikkreis)<\/span><\/strong><\/span>Liebe Mitglieder und Freunde des Musikkreises,<br \/>\nunser Chor Grenzenlos wird 25 Jahre alt. Wir m\u00f6chten dies feiern mit einem<strong>Jubil\u00e4umskonzert zum Thema \u201eGottes Sch\u00f6pfung &#8211; gute Erde\u201c.<\/strong><b><\/b>Dazu laden wir Euch\/Sie am Sonntag, 13. Oktober 2013 um 17.00 Uhr<br \/>\nherzlich in die Pfarrkirche Sankt Matth\u00e4us in Alfter ein.<br \/>\nIm Anschluss findet ein Empfang im Evangelischen Gemeindezentrum Alfter statt.Wir freuen uns auf Euch\/Sie!Herzliche Gr\u00fc\u00dfe<br \/>\nChor Grenzenlos<\/td>\n<\/tr>\n<tr>\n<td class=\"auto-style3\" align=\"left\" valign=\"top\"><span style=\"color: #888888;\"><strong>Sa<\/strong><\/span><\/td>\n<td class=\"auto-style3\" align=\"left\" valign=\"top\"><span style=\"color: #888888;\"><strong>12.10.2013<\/strong><\/span><\/td>\n<td class=\"auto-style3\" align=\"right\" valign=\"top\"><span style=\"color: #888888;\"><strong><strong>!! NEU !!<\/strong><br \/>\n<\/strong><\/span><\/td>\n<td class=\"auto-style3\" align=\"right\" valign=\"top\"><span style=\"color: #888888;\"><strong>17:00h<\/strong><\/span><\/td>\n<td class=\"auto-style3\" align=\"left\" valign=\"top\" height=\"16\"><\/td>\n<td class=\"auto-style3\" align=\"left\" valign=\"top\" height=\"16\"><strong><span style=\"color: #888888;\">Einf\u00fchrung Kommunionkinder<\/span> <span class=\"auto-style4\" style=\"color: #ff0000;\">(Nur Info &#8211; ohne Musikkreis)<br \/>\nKeine ausreichende Beteiligung m\u00f6glich.<br \/>\n<\/span><\/strong><\/td>\n<\/tr>\n<tr>\n<td align=\"left\" valign=\"top\"><b>So<\/b><\/td>\n<td align=\"left\" valign=\"top\"><b>06.10.2013<\/b><\/td>\n<td class=\"auto-style1\" align=\"right\" valign=\"top\"><span style=\"color: #0000ff;\"><strong>10:30h<\/strong><\/span><\/td>\n<td align=\"right\" valign=\"top\"><b>11:00h<\/b><\/td>\n<td align=\"left\" valign=\"top\" height=\"16\"><\/td>\n<td align=\"left\" valign=\"top\" height=\"16\"><b><a title=\"06.10.2013  Kleinkindergottesdienst \u201cGott sorgt f\u00fcr uns\u201d\" href=\"http:\/\/dm-web.de\/MusikkreisAlfter\/?p=1642\">Kindergottesdienst &#8222;Gott sorgt f\u00fcr uns&#8220;<\/a><br \/>\n<\/b><\/td>\n<\/tr>\n<tr>\n<td align=\"left\" valign=\"top\"><b>Sa<\/b><\/td>\n<td align=\"left\" valign=\"top\"><b>05.10.2013<\/b><\/td>\n<td class=\"auto-style1\" align=\"right\" valign=\"top\"><span style=\"color: #0000ff;\"><strong>15:45h<\/strong><\/span><\/td>\n<td align=\"right\" valign=\"top\"><b>17:00h<\/b><\/td>\n<td align=\"left\" valign=\"top\" height=\"16\"><\/td>\n<td align=\"left\" valign=\"top\" height=\"16\"><a title=\"05.10.2013  Erntedankgottesdienst Hof Leyendecker\" href=\"http:\/\/dm-web.de\/MusikkreisAlfter\/?p=1630\"><strong>Erntedankgottesdienst<\/strong> (Hof Leyendecker, Landgraben 40)<\/a><\/td>\n<\/tr>\n<tr>\n<td align=\"left\" valign=\"top\"><b>So<\/b><\/td>\n<td align=\"left\" valign=\"top\"><b>15.09.2013<\/b><\/td>\n<td class=\"auto-style1\" align=\"right\" valign=\"top\"><span style=\"color: #0000ff;\"><strong>10:30h<\/strong><\/span><\/td>\n<td align=\"right\" valign=\"top\"><b>11:00h<\/b><\/td>\n<td align=\"left\" valign=\"top\" height=\"16\"><\/td>\n<td align=\"left\" valign=\"top\" height=\"16\"><b><a title=\"15.09.2013  Kleinkindergottesdienst \u201cSch\u00f6n, dass Du da bist\u201d\" href=\"http:\/\/dm-web.de\/MusikkreisAlfter\/?p=1625\">Kindergottesdienst &#8222;<strong>Sch\u00f6n, dass Du da bist<\/strong>&#8222;<\/a><br \/>\n<\/b><\/td>\n<\/tr>\n<tr>\n<td align=\"left\" valign=\"top\"><b>So<\/b><\/td>\n<td align=\"left\" valign=\"top\"><b>07.07.2013<\/b><\/td>\n<td class=\"auto-style1\" align=\"right\" valign=\"top\"><span style=\"color: #0000ff;\"><strong>10:30h<\/strong><\/span><\/td>\n<td align=\"right\" valign=\"top\"><b>11:00h<\/b><\/td>\n<td align=\"left\" valign=\"top\" height=\"16\"><\/td>\n<td align=\"left\" valign=\"top\" height=\"16\"><b><a title=\"07.07.2013  Kleinkindergottesdienst \u201cDu schaffst es! mit Gottes Hilfe\u201d\" href=\"http:\/\/dm-web.de\/MusikkreisAlfter\/?p=1618\">Kindergottesdienst &#8222;<strong>Du schaffst es! mit Gottes Hilfe<\/strong>&#8222;<\/a><br \/>\n<\/b><\/td>\n<\/tr>\n<tr>\n<td class=\"auto-style3\" align=\"left\" valign=\"top\"><strong><span style=\"color: #888888;\">Sa<\/span><\/strong><\/td>\n<td class=\"auto-style3\" align=\"left\" valign=\"top\"><span style=\"color: #888888;\"><strong>06.07.2013<\/strong><\/span><\/td>\n<td align=\"right\" valign=\"top\"><\/td>\n<td class=\"auto-style3\" align=\"right\" valign=\"top\"><span style=\"color: #888888;\"><strong>15:00h<\/strong><\/span><\/td>\n<td align=\"left\" valign=\"top\" height=\"16\"><\/td>\n<td class=\"auto-style3\" align=\"left\" valign=\"top\" height=\"16\"><span style=\"color: #888888;\"><strong>Firmung (Chor Grenzenlos-<\/strong><\/span> <span style=\"color: #ff0000;\"><strong><span class=\"auto-style4\">Nur Info &#8211; ohne Musikkreis<\/span>)<\/strong><\/span><\/td>\n<\/tr>\n<tr>\n<td class=\"auto-style3\" align=\"left\" valign=\"top\"><strong><span style=\"color: #888888;\">Sa<\/span><\/strong><\/td>\n<td class=\"auto-style3\" align=\"left\" valign=\"top\"><span style=\"color: #888888;\"><strong>01.06.2013<\/strong><\/span><\/td>\n<td align=\"right\" valign=\"top\"><\/td>\n<td class=\"auto-style3\" align=\"right\" valign=\"top\"><span style=\"color: #888888;\"><strong>17:00h<\/strong><\/span><\/td>\n<td align=\"left\" valign=\"top\" height=\"16\"><\/td>\n<td class=\"auto-style3\" align=\"left\" valign=\"top\" height=\"16\"><span style=\"color: #888888;\"><strong>Junge Familien &#8211; Jakob-Wahlen-Park<\/strong> <\/span><span style=\"color: #ff0000;\"><strong>(<span class=\"auto-style4\">Nur Info &#8211; ohne Musikkreis<\/span>)<\/strong><\/span><\/td>\n<\/tr>\n<tr>\n<td align=\"left\" valign=\"top\"><b>So<\/b><\/td>\n<td align=\"left\" valign=\"top\"><b>26.05.2013<\/b><\/td>\n<td class=\"auto-style1\" align=\"right\" valign=\"top\"><span style=\"color: #0000ff;\"><strong>10:30h<\/strong><\/span><\/td>\n<td align=\"right\" valign=\"top\"><b>11:00h<\/b><\/td>\n<td align=\"left\" valign=\"top\" height=\"16\"><\/td>\n<td align=\"left\" valign=\"top\" height=\"16\"><b><a title=\"26.05.2013  Kindergottesdienst \u201cKirche\u201d\" href=\"http:\/\/dm-web.de\/MusikkreisAlfter\/?p=1605\">Kindergottesdienst &#8222;Kirche&#8220;<\/a><br \/>\n<\/b><\/td>\n<\/tr>\n<tr>\n<td align=\"left\" valign=\"top\"><b>So<\/b><\/td>\n<td align=\"left\" valign=\"top\"><b>14.04.2013<\/b><\/td>\n<td class=\"auto-style1\" align=\"right\" valign=\"top\"><span style=\"color: #0000ff;\"><strong>10:30h<\/strong><\/span><\/td>\n<td align=\"right\" valign=\"top\"><b>11:00h<\/b><\/td>\n<td align=\"left\" valign=\"top\" height=\"16\"><\/td>\n<td align=\"left\" valign=\"top\" height=\"16\"><b><a title=\"14.04.2013  Kindergottesdienst \u201cGott l\u00e4sst wachsen\u201d\" href=\"http:\/\/dm-web.de\/MusikkreisAlfter\/?p=1589\">Kindergottesdienst &#8222;Gott l\u00e4sst wachsen&#8220;<\/a><br \/>\n<\/b><\/td>\n<\/tr>\n<tr>\n<td align=\"left\" valign=\"top\"><b>So<\/b><\/td>\n<td align=\"left\" valign=\"top\"><b>07.04.2013<\/b><\/td>\n<td class=\"auto-style1\" align=\"right\" valign=\"top\"><span style=\"color: #0000ff;\"><strong>09:00h<\/strong><\/span><\/td>\n<td align=\"right\" valign=\"top\"><b>10:00h<\/b><\/td>\n<td align=\"left\" valign=\"top\" height=\"16\"><\/td>\n<td align=\"left\" valign=\"top\" height=\"16\"><a title=\"07.04.2013  Erstkommunionmesse 2013\" href=\"http:\/\/dm-web.de\/MusikkreisAlfter\/?p=1576\"><b>Erstkommunionmesse mit Chor und Musikkreis<\/b><\/a><\/td>\n<\/tr>\n<tr>\n<td align=\"left\" valign=\"top\"><b>Do<\/b><\/td>\n<td align=\"left\" valign=\"top\"><b>04.04.2013<\/b><\/td>\n<td class=\"auto-style1\" align=\"right\" valign=\"top\"><strong><span style=\"color: #0000ff;\">18:30h<\/span><\/strong><\/td>\n<td align=\"right\" valign=\"top\"><b>18:30h<\/b><\/td>\n<td align=\"left\" valign=\"top\" height=\"16\"><\/td>\n<td align=\"left\" valign=\"top\" height=\"16\"><a title=\"07.04.2013  Erstkommunionmesse 2013\" href=\"http:\/\/dm-web.de\/MusikkreisAlfter\/?p=1576\"><b>Probe f\u00fcr Erstkommunionmesse, erst MK, sp\u00e4ter mit Chor gemeinsam<\/b><\/a><\/td>\n<\/tr>\n<tr>\n<td align=\"left\" valign=\"top\"><strong><span lang=\"de\">So<\/span><\/strong><\/td>\n<td align=\"left\" valign=\"top\"><strong><span lang=\"de\">17.03.2013<\/span><\/strong><\/td>\n<td align=\"right\" valign=\"top\"><strong><span lang=\"de\" style=\"color: #0000ff;\">10:30h<\/span><\/strong><\/td>\n<td align=\"right\" valign=\"top\"><strong>11:00h<\/strong><\/td>\n<td align=\"left\" valign=\"top\" height=\"16\"><\/td>\n<td align=\"left\" valign=\"top\" height=\"16\"><a title=\"17.03.2013 Familienmesse und Kleinkindergottesdienst zum Misereorsonntag\" href=\"http:\/\/dm-web.de\/MusikkreisAlfter\/?p=1542\"><strong>Kindergottesdienst &#8222;Misereor 2013&#8220;<\/strong><\/a><\/td>\n<\/tr>\n<tr>\n<td align=\"left\" valign=\"top\"><strong><span lang=\"de\">So<\/span><\/strong><\/td>\n<td align=\"left\" valign=\"top\"><strong><span lang=\"de\">17.03.2013<\/span><\/strong><\/td>\n<td align=\"right\" valign=\"top\"><strong><span lang=\"de\" style=\"color: #0000ff;\">08:15h<\/span><\/strong><\/td>\n<td align=\"right\" valign=\"top\"><strong>09:15h<\/strong><\/td>\n<td align=\"left\" valign=\"top\" height=\"16\"><\/td>\n<td align=\"left\" valign=\"top\" height=\"16\"><a title=\"17.03.2013 Familienmesse und Kleinkindergottesdienst zum Misereorsonntag\" href=\"http:\/\/dm-web.de\/MusikkreisAlfter\/?p=1542\"><strong>Familiengottesdienst &#8222;Wir haben den Hunger satt!&#8220; (Misereor 2013)<\/strong><\/a><\/td>\n<\/tr>\n<tr>\n<td align=\"left\" valign=\"top\"><strong><span lang=\"de\">Sa<\/span><\/strong><\/td>\n<td align=\"left\" valign=\"top\"><strong><span lang=\"de\">17.02.2013<\/span><\/strong><\/td>\n<td align=\"right\" valign=\"top\"><strong><span lang=\"de\" style=\"color: #0000ff;\">10:30h<\/span><\/strong><\/td>\n<td align=\"right\" valign=\"top\"><strong>11:00h<\/strong><\/td>\n<td align=\"left\" valign=\"top\" height=\"16\"><\/td>\n<td align=\"left\" valign=\"top\" height=\"16\"><a title=\"17.02.2013  Kindergottesdienst \u201cWir entdecken die Welt und Gott mit unseren Sinnen: H\u00f6ren\u201d.\" href=\"http:\/\/dm-web.de\/MusikkreisAlfter\/?p=1531\"><strong>Kleinkindergottesdienst \u201cWir entdecken die Welt und Gott mit unseren Sinnen: H\u00f6ren\u201d<\/strong><\/a><\/td>\n<\/tr>\n<tr>\n<td align=\"left\" valign=\"top\"><strong><span lang=\"de\">Sa<\/span><\/strong><\/td>\n<td align=\"left\" valign=\"top\"><strong><span lang=\"de\">02.02.2013<\/span><\/strong><\/td>\n<td align=\"right\" valign=\"top\"><strong><span lang=\"de\" style=\"color: #0000ff;\">16:00h<\/span><\/strong><\/td>\n<td align=\"right\" valign=\"top\"><strong>17:00h<\/strong><\/td>\n<td align=\"left\" valign=\"top\" height=\"16\"><\/td>\n<td align=\"left\" valign=\"top\" height=\"16\"><a title=\"02.02.2013  Karnevalsmesse 2013\" href=\"http:\/\/dm-web.de\/MusikkreisAlfter\/?p=1505\"><strong>Karnevalsmesse 2013<\/strong><\/a><\/td>\n<\/tr>\n<tr>\n<td align=\"left\" valign=\"top\"><strong><span lang=\"de\">So<\/span><\/strong><\/td>\n<td align=\"left\" valign=\"top\"><strong><span lang=\"de\">27.01.2013<\/span><\/strong><\/td>\n<td align=\"right\" valign=\"top\"><strong><span lang=\"de\" style=\"color: #0000ff;\">10:30h<\/span><\/strong><\/td>\n<td align=\"right\" valign=\"top\"><strong>11:00h<\/strong><\/td>\n<td align=\"left\" valign=\"top\" height=\"16\"><\/td>\n<td align=\"left\" valign=\"top\" height=\"16\"><a title=\"27.01.2013  Kindergottesdienst\" href=\"http:\/\/dm-web.de\/MusikkreisAlfter\/?p=1502\"><strong>Kindergottesdienst &#8222;Wir entdecken die Welt und Gott mit unseren Sinnen: Sehen&#8220;<\/strong><\/a><\/td>\n<\/tr>\n<tr>\n<td align=\"left\" valign=\"top\"><strong><span lang=\"de\">Mi<\/span><\/strong><\/td>\n<td align=\"left\" valign=\"top\"><strong><span lang=\"de\">16.01.2013<\/span><\/strong><\/td>\n<td align=\"right\" valign=\"top\"><\/td>\n<td align=\"right\" valign=\"top\">2<strong>0:00h<\/strong><\/td>\n<td align=\"left\" valign=\"top\" height=\"16\"><\/td>\n<td align=\"left\" valign=\"top\" height=\"16\"><strong>Terminabsprache f\u00fcr 2013 im<br \/>\nPfarrheim<\/strong><\/td>\n<\/tr>\n<tr>\n<td align=\"left\" valign=\"top\"><span style=\"color: #888888;\"><strong><span lang=\"de\">Sa<\/span><\/strong><\/span><\/td>\n<td align=\"left\" valign=\"top\"><span style=\"color: #888888;\"><strong><span lang=\"de\">05.01.2013<\/span><\/strong><\/span><\/td>\n<td align=\"right\" valign=\"top\"><\/td>\n<td align=\"right\" valign=\"top\"><span style=\"color: #888888;\"><strong>17:00h<\/strong><\/span><\/td>\n<td align=\"left\" valign=\"top\" height=\"16\"><\/td>\n<td align=\"left\" valign=\"top\" height=\"16\"><span style=\"color: #888888;\"><strong>NUR INFO: <strong> (ohne Musikkreis)<\/strong> R\u00fcckkehr der Sternsinger<\/strong><\/span><\/td>\n<\/tr>\n<\/tbody>\n<\/table>\n","protected":false},"excerpt":{"rendered":"<p>Unsere durchgef\u00fchrten Aktivit\u00e4ten in 2013 Tag Datum Treffen Beginn Messe Di 24.12.2013 16:00h 17:00h Familienchristmette Di 24.12.2013 15:00h Kinderkrippenfeier (Nur Info &#8211; ohne Musikkreis) So 01.12.2013 10:30h 11:00h Kindergottesdienst &#8222;Wir warten auf Jesus&#8220; (im kath. Pfarrheim mit gem\u00fctlichem Ausklang, Pl\u00e4tzchen und Kaffee im Anschluss) Sa 30.11.2013 16:00h 17:00h Familiengottesdienst zum 1. Advent (und C\u00e4cilienfest) Gemeinsam [&hellip;]<\/p>\n","protected":false},"author":2,"featured_media":0,"parent":0,"menu_order":0,"comment_status":"closed","ping_status":"closed","template":"","meta":{"ngg_post_thumbnail":0,"footnotes":""},"class_list":["post-1520","page","type-page","status-publish","hentry"],"_links":{"self":[{"href":"https:\/\/www.dm-web.de\/MusikkreisAlfter\/index.php?rest_route=\/wp\/v2\/pages\/1520","targetHints":{"allow":["GET"]}}],"collection":[{"href":"https:\/\/www.dm-web.de\/MusikkreisAlfter\/index.php?rest_route=\/wp\/v2\/pages"}],"about":[{"href":"https:\/\/www.dm-web.de\/MusikkreisAlfter\/index.php?rest_route=\/wp\/v2\/types\/page"}],"author":[{"embeddable":true,"href":"https:\/\/www.dm-web.de\/MusikkreisAlfter\/index.php?rest_route=\/wp\/v2\/users\/2"}],"replies":[{"embeddable":true,"href":"https:\/\/www.dm-web.de\/MusikkreisAlfter\/index.php?rest_route=%2Fwp%2Fv2%2Fcomments&post=1520"}],"version-history":[{"count":19,"href":"https:\/\/www.dm-web.de\/MusikkreisAlfter\/index.php?rest_route=\/wp\/v2\/pages\/1520\/revisions"}],"predecessor-version":[{"id":1754,"href":"https:\/\/www.dm-web.de\/MusikkreisAlfter\/index.php?rest_route=\/wp\/v2\/pages\/1520\/revisions\/1754"}],"wp:attachment":[{"href":"https:\/\/www.dm-web.de\/MusikkreisAlfter\/index.php?rest_route=%2Fwp%2Fv2%2Fmedia&parent=1520"}],"curies":[{"name":"wp","href":"https:\/\/api.w.org\/{rel}","templated":true}]}}