{"id":1771,"date":"2014-01-11T00:04:59","date_gmt":"2014-01-10T23:04:59","guid":{"rendered":"http:\/\/dm-web.de\/MusikkreisAlfter\/?page_id=1771"},"modified":"2015-01-18T13:58:06","modified_gmt":"2015-01-18T12:58:06","slug":"unsere-aktivitaeten-in-2014","status":"publish","type":"page","link":"https:\/\/www.dm-web.de\/MusikkreisAlfter\/?page_id=1771","title":{"rendered":"Unsere Aktivit\u00e4ten in 2014"},"content":{"rendered":"<h3>Unsere durchgef\u00fchrten Aktivit\u00e4ten in 2014<\/h3>\n<table style=\"border-collapse: collapse; border: 1px solid;\" border=\"1\" width=\"100%\" rules=\"all\" cellspacing=\"0\" cellpadding=\"6\">\n<tbody>\n<tr>\n<td bgcolor=\"#ccff99\">Tag<\/td>\n<td bgcolor=\"#ccff99\">Datum<\/td>\n<td bgcolor=\"#ccff99\" width=\"58\"><span style=\"color: #0066ff;\">Treffen <\/span><\/td>\n<td bgcolor=\"#ccff99\" width=\"59\">Beginn<\/td>\n<td bgcolor=\"#ccff99\"><\/td>\n<td bgcolor=\"#ccff99\">Messe<\/td>\n<\/tr>\n<tr>\n<td align=\"left\" valign=\"top\"><b>Di<\/b><\/td>\n<td align=\"left\" valign=\"top\"><b>24.12.2014<\/b><\/td>\n<td align=\"right\" valign=\"top\"><span style=\"color: #0000ff;\"><b>16:00h<\/b><\/span><\/td>\n<td align=\"right\" valign=\"top\"><b>17:00h<\/b><\/td>\n<td align=\"left\" valign=\"top\" height=\"16\"><\/td>\n<td align=\"left\" valign=\"top\" height=\"16\"><b><a title=\"24.12.2014  Familienchristmette 2014\" href=\"http:\/\/dm-web.de\/MusikkreisAlfter\/?p=2094\">Familienchristmette 2014<\/a><br \/>\n<\/b><\/td>\n<\/tr>\n<tr>\n<td class=\"auto-style3\" align=\"left\" valign=\"top\"><span style=\"color: #999999;\">Di<\/span><\/td>\n<td class=\"auto-style3\" align=\"left\" valign=\"top\"><span style=\"color: #999999;\">24.12.2014<\/span><\/td>\n<td align=\"right\" valign=\"top\"><\/td>\n<td class=\"auto-style3\" align=\"right\" valign=\"top\"><span style=\"color: #999999;\">15:00h<\/span><\/td>\n<td align=\"left\" valign=\"top\" height=\"16\"><\/td>\n<td class=\"auto-style3\" align=\"left\" valign=\"top\" height=\"16\"><span style=\"color: #888888;\"><span style=\"color: #999999;\">Kinderkrippenfeier<\/span><strong> <span class=\"auto-style4\" style=\"color: #ff0000;\">(Nur Info &#8211; ohne Musikkreis)<\/span><\/strong><\/span><\/td>\n<\/tr>\n<tr>\n<td align=\"left\" valign=\"top\"><b>So<\/b><\/td>\n<td align=\"left\" valign=\"top\"><b>07.12.2014<\/b><\/td>\n<td align=\"right\" valign=\"top\"><span style=\"color: #0000ff;\"><b>08:30h<\/b><\/span><\/td>\n<td align=\"right\" valign=\"top\"><b>09:30h<\/b><\/td>\n<td align=\"left\" valign=\"top\" height=\"16\"><\/td>\n<td align=\"left\" valign=\"top\" height=\"16\"><a title=\"07.12.2014  Familiengottesdienst \u201cNikolaus\u201d\" href=\"http:\/\/dm-web.de\/MusikkreisAlfter\/?p=2081\"><b>Familiengottesdienst (Nikolaus)<\/b><\/a><\/td>\n<\/tr>\n<tr>\n<td align=\"left\" valign=\"top\"><b>So<\/b><\/td>\n<td align=\"left\" valign=\"top\"><b>30.11.2014<\/b><\/td>\n<td class=\"auto-style1\" align=\"right\" valign=\"top\"><span style=\"color: #0000ff;\"><strong>10:30h<\/strong><\/span><\/td>\n<td align=\"right\" valign=\"top\"><b>11:00h<\/b><\/td>\n<td align=\"left\" valign=\"top\" height=\"16\"><\/td>\n<td align=\"left\" valign=\"top\" height=\"16\"><a title=\"30.11.2014  Kindergottesdienst zum 1. Advent im Pfarrheim\" href=\"http:\/\/dm-web.de\/MusikkreisAlfter\/?p=2068\"><b>Kleinkindergottesdienst zum 1. Advent im Pfarrheim<\/b><\/a><\/td>\n<\/tr>\n<tr>\n<td class=\"auto-style4\" align=\"left\" valign=\"top\"><b>So<\/b><\/td>\n<td class=\"auto-style4\" align=\"left\" valign=\"top\"><b>26.10.2014<\/b><\/td>\n<td class=\"auto-style5\" align=\"right\" valign=\"top\"><span style=\"color: #0000ff;\"><strong>10:30h<\/strong><\/span><\/td>\n<td class=\"auto-style4\" align=\"right\" valign=\"top\"><b>11:00h<\/b><\/td>\n<td class=\"auto-style4\" align=\"left\" valign=\"top\"><\/td>\n<td class=\"auto-style4\" align=\"left\" valign=\"top\"><b><a title=\"26.10.2014  Kleinkindergottesdienst \u201cWas brauch ich wenn ich krank bin\u201d\" href=\"http:\/\/dm-web.de\/MusikkreisAlfter\/?p=2028\">Kindergottesdienst &#8222;Was brauch ich wenn ich krank bin&#8220;<\/a><br \/>\n<\/b><\/td>\n<\/tr>\n<tr>\n<td align=\"left\" valign=\"top\"><b>Sa<\/b><\/td>\n<td align=\"left\" valign=\"top\"><b>25.10.2014<\/b><\/td>\n<td align=\"right\" valign=\"top\"><span style=\"color: #0000ff;\"><strong>16:00h<\/strong><\/span><\/td>\n<td align=\"right\" valign=\"top\"><b>17:00h<\/b><\/td>\n<td align=\"left\" valign=\"top\"><\/td>\n<td align=\"left\" valign=\"top\"><a title=\"25.10.2014  Einf\u00fchrungsmesse der Kommunionkinder\" href=\"http:\/\/dm-web.de\/MusikkreisAlfter\/?p=2035\"><b>Einf\u00fchrungsmesse der Kommunionkinder<\/b><\/a><br \/>\n<del>Doodle: <a title=\"Doodle-Umfrage\" href=\"http:\/\/doodle.com\/679m6snn4f3v8ccm#table\" target=\"_blank\">http:\/\/doodle.com\/679m6snn4f3v8ccm#table<\/a><\/del><\/td>\n<\/tr>\n<tr>\n<td align=\"left\" valign=\"top\"><b>Mi<\/b><\/td>\n<td align=\"left\" valign=\"top\"><b>22.10.2014<\/b><\/td>\n<td align=\"right\" valign=\"top\"><span style=\"color: #0000ff;\"><b>20:00h<\/b><\/span><\/td>\n<td align=\"right\" valign=\"top\"><b>20:00h<\/b><\/td>\n<td align=\"left\" valign=\"top\" height=\"16\"><\/td>\n<td class=\"auto-style3\" align=\"left\" valign=\"top\" height=\"16\"><span style=\"color: #ff0000;\"><strong>Terminabsprache f\u00fcr 2014\/2015 im Pfarrheim, Garderobenraum<\/strong><\/span><\/td>\n<\/tr>\n<tr>\n<td align=\"left\" valign=\"top\"><b>Sa<\/b><\/td>\n<td align=\"left\" valign=\"top\"><b>04.10.2014<\/b><\/td>\n<td class=\"auto-style1\" align=\"right\" valign=\"top\"><span style=\"color: #0000ff;\"><strong>16:00h<\/strong><\/span><\/td>\n<td align=\"right\" valign=\"top\"><b>17:00h<\/b><\/td>\n<td align=\"left\" valign=\"top\" height=\"16\"><\/td>\n<td align=\"left\" valign=\"top\" height=\"16\"><a title=\"04.10.2014  Erntedankgottesdienst Hofladen Mandt\" href=\"http:\/\/dm-web.de\/MusikkreisAlfter\/?p=1985\"><b>Erntedankgottesdienst &#8211; im Hofladen Mandt, Taubenweiherweg 4, Alfter<\/b><\/a><br \/>\nSiehe auch <a href=\"http:\/\/www.sanktmatthaeus.de\/cms\/front_content.php?client=2&amp;lang=1&amp;idcat=7&amp;idart=2701\" target=\"_blank\">http:\/\/www.sanktmatthaeus.de\/cms\/front_content.php?client=2&amp;lang=1&amp;idcat=7&amp;idart=2701<\/a><\/td>\n<\/tr>\n<tr>\n<td align=\"left\" valign=\"top\"><b>So<\/b><\/td>\n<td align=\"left\" valign=\"top\"><b>28.09.2014<\/b><\/td>\n<td class=\"auto-style1\" align=\"right\" valign=\"top\"><span style=\"color: #0000ff;\"><strong>10:30h<\/strong><\/span><\/td>\n<td align=\"right\" valign=\"top\"><b>11:00h<\/b><\/td>\n<td align=\"left\" valign=\"top\" height=\"16\"><\/td>\n<td align=\"left\" valign=\"top\" height=\"16\"><b><a title=\"28.09.2014  Kleinkindergottesdienst\" href=\"http:\/\/dm-web.de\/MusikkreisAlfter\/?p=2011\">Kindergottesdienst &#8222;Erntedank&#8220;<\/a> anschlie\u00dfend Herbstmarkt<br \/>\n<\/b><\/td>\n<\/tr>\n<tr>\n<td align=\"left\" valign=\"top\"><del><span style=\"color: #999999;\">Sa<\/span><\/del><\/td>\n<td align=\"left\" valign=\"top\"><del><span style=\"color: #999999;\">27.09.2014<\/span><\/del><\/td>\n<td class=\"auto-style1\" align=\"right\" valign=\"top\"><del><span style=\"color: #999999;\">16:00h<\/span><\/del><\/td>\n<td align=\"right\" valign=\"top\"><del><span style=\"color: #999999;\">17:00h<\/span><\/del><\/td>\n<td align=\"left\" valign=\"top\" height=\"16\"><\/td>\n<td align=\"left\" valign=\"top\" height=\"16\"><del><span style=\"color: #999999;\">Erntedankgottesdienst &#8211; Familienmesse<\/span><\/del><b><br \/>\n<span style=\"color: #ff0000;\">-&gt; verlegt auf den 04.10.2014<\/span><br \/>\n<\/b><\/td>\n<\/tr>\n<tr>\n<td align=\"left\" valign=\"top\"><span style=\"color: #999999;\"><del>Sa<\/del><\/span><\/td>\n<td align=\"left\" valign=\"top\"><span style=\"color: #999999;\"><del>27.09.2014<\/del><\/span><\/td>\n<td class=\"auto-style1\" align=\"right\" valign=\"top\"><\/td>\n<td align=\"right\" valign=\"top\"><\/td>\n<td align=\"left\" valign=\"top\" height=\"16\"><\/td>\n<td align=\"left\" valign=\"top\" height=\"16\"><del><a title=\"27.09.2014  Kinderbibeltag 2014\" href=\"http:\/\/dm-web.de\/MusikkreisAlfter\/?p=1993\">\u00d6kumenischer Kinderbibeltag 2014<\/a><\/del><br \/>\n<b><span style=\"color: #ff0000;\">-&gt; verlegt auf Fr\u00fchjahr 2015, Termin noch unklar, siehe auch <a title=\"Kinderbibeltag Alfter\" href=\"http:\/\/www.kibitag-alfter.de\/\" target=\"_blank\">http:\/\/www.kibitag-alfter.de\/<\/a><\/span><\/b><\/td>\n<\/tr>\n<tr>\n<td align=\"left\" valign=\"top\"><b>So<\/b><\/td>\n<td align=\"left\" valign=\"top\"><b>31.08.2014<\/b><\/td>\n<td class=\"auto-style1\" align=\"right\" valign=\"top\"><span style=\"color: #0000ff;\"><strong>10:30h<\/strong><\/span><\/td>\n<td align=\"right\" valign=\"top\"><b>11:00h<\/b><\/td>\n<td align=\"left\" valign=\"top\" height=\"16\"><\/td>\n<td align=\"left\" valign=\"top\" height=\"16\"><b><a title=\"31.08.2014  Kleinkindergottesdienst \u201cEtwas Neues wagen \u2013 Vertrauen auf Gott (wie Abraham)\u201d\" href=\"http:\/\/dm-web.de\/MusikkreisAlfter\/?p=1971\">Kindergottesdienst &#8222;Etwas Neues wagen &#8211; Vertrauen auf Gott (wie Abraham)&#8220;<\/a><br \/>\n<\/b><\/td>\n<\/tr>\n<tr>\n<td class=\"auto-style3\" align=\"left\" valign=\"top\"><strong><span style=\"color: #888888;\">Sa<\/span><\/strong><\/td>\n<td class=\"auto-style3\" align=\"left\" valign=\"top\"><span style=\"color: #888888;\"><strong>17.08.2014<\/strong><\/span><\/td>\n<td align=\"right\" valign=\"top\"><\/td>\n<td class=\"auto-style3\" align=\"right\" valign=\"top\"><span style=\"color: #888888;\"><strong>10:00h<\/strong><\/span><\/td>\n<td align=\"left\" valign=\"top\" height=\"16\"><\/td>\n<td class=\"auto-style3\" align=\"left\" valign=\"top\" height=\"16\"><span style=\"color: #888888;\"><strong>Kr\u00e4uterweihe- Jakob-Wahlen-Park<\/strong> <\/span><span style=\"color: #ff0000;\"><strong>(<span class=\"auto-style4\">Nur Info &#8211; ohne Musikkreis<\/span>)<\/strong><\/span><\/td>\n<\/tr>\n<tr>\n<td align=\"left\" valign=\"top\"><b>So<\/b><\/td>\n<td align=\"left\" valign=\"top\"><b>29.06.2014<\/b><\/td>\n<td align=\"right\" valign=\"top\"><span style=\"color: #0000ff;\"><b>08:30h<\/b><\/span><\/td>\n<td align=\"right\" valign=\"top\"><b>09:30h<\/b><\/td>\n<td align=\"left\" valign=\"top\" height=\"16\"><\/td>\n<td align=\"left\" valign=\"top\" height=\"16\"><b><a title=\"29.06.2014  Familiengottesdienst zur Fu\u00dfball-WM 2014\" href=\"http:\/\/dm-web.de\/MusikkreisAlfter\/?p=1953\">Familiengottesdienst zur Fu\u00dfball-WM 2014<\/a><br \/>\n<\/b><\/td>\n<\/tr>\n<tr>\n<td align=\"left\" valign=\"top\"><b>So<\/b><\/td>\n<td align=\"left\" valign=\"top\"><b>15.06.2014<\/b><\/td>\n<td class=\"auto-style1\" align=\"right\" valign=\"top\"><span style=\"color: #0000ff;\"><strong>10:30h<\/strong><\/span><\/td>\n<td align=\"right\" valign=\"top\"><b>11:00h<\/b><\/td>\n<td align=\"left\" valign=\"top\" height=\"16\"><\/td>\n<td align=\"left\" valign=\"top\" height=\"16\"><a title=\"15.06.2014  Kleinkindergottesdienst\" href=\"http:\/\/dm-web.de\/MusikkreisAlfter\/?p=1947\"><b>Kindergottesdienst<\/b><\/a><\/td>\n<\/tr>\n<tr>\n<td align=\"left\" valign=\"top\"><b>So<\/b><\/td>\n<td align=\"left\" valign=\"top\"><b>11.05.2014<\/b><\/td>\n<td class=\"auto-style1\" align=\"right\" valign=\"top\"><span style=\"color: #0000ff;\"><strong>10:30h<\/strong><\/span><\/td>\n<td align=\"right\" valign=\"top\"><b>11:00h<\/b><\/td>\n<td align=\"left\" valign=\"top\" height=\"16\"><\/td>\n<td align=\"left\" valign=\"top\" height=\"16\"><a title=\"11.05.2014  Kleinkindergottesdienst\" href=\"http:\/\/dm-web.de\/MusikkreisAlfter\/?p=1935\"><b>Kindergottesdienst<\/b><\/a><\/td>\n<\/tr>\n<tr>\n<td align=\"left\" valign=\"top\"><b>So<\/b><\/td>\n<td align=\"left\" valign=\"top\"><b>27.04.2014<\/b><\/td>\n<td align=\"right\" valign=\"top\"><span style=\"color: #0000ff;\"><b>10:00h<\/b><\/span><\/td>\n<td align=\"right\" valign=\"top\"><b>11:00h<\/b><\/td>\n<td align=\"left\" valign=\"top\" height=\"16\"><\/td>\n<td align=\"left\" valign=\"top\" height=\"16\"><b><a title=\"27.04.2014  Erstkommunionmesse 2014\" href=\"http:\/\/dm-web.de\/MusikkreisAlfter\/?p=1913\">Erstkommunionmesse 2014<\/a> (2. Messe f\u00fcr MK)<\/b><\/td>\n<\/tr>\n<tr>\n<td align=\"left\" valign=\"top\"><b>Do<\/b><\/td>\n<td align=\"left\" valign=\"top\"><b>24.04.2014<\/b><\/td>\n<td align=\"right\" valign=\"top\"><span style=\"color: #0000ff;\"><b>18:30h<\/b><\/span><\/td>\n<td align=\"right\" valign=\"top\"><b>18:30h<\/b><\/td>\n<td align=\"left\" valign=\"top\" height=\"16\"><\/td>\n<td align=\"left\" valign=\"top\" height=\"16\"><b>Probe f\u00fcr die <a title=\"27.04.2014  Erstkommunionmesse 2014\" href=\"http:\/\/dm-web.de\/MusikkreisAlfter\/?p=1913\">Erstkommunionmesse<\/a><\/b><\/td>\n<\/tr>\n<tr>\n<td align=\"left\" valign=\"top\"><b>So<\/b><\/td>\n<td align=\"left\" valign=\"top\"><b>06.04.2014<\/b><\/td>\n<td align=\"right\" valign=\"top\"><span style=\"color: #0000ff;\"><b>08:30h<\/b><\/span><\/td>\n<td align=\"right\" valign=\"top\"><b>09:30h<\/b><\/td>\n<td align=\"left\" valign=\"top\" height=\"16\"><\/td>\n<td align=\"left\" valign=\"top\" height=\"16\"><b><a title=\"06.04.2014  Familiengottesdienst \u201eMut ist, zu geben, wenn alle nehmen.\u201c anschlie\u00dfend Fastenfr\u00fchst\u00fcck\" href=\"http:\/\/dm-web.de\/MusikkreisAlfter\/?p=1882\">Familiengottesdienst <\/a><b><a title=\"06.04.2014  Familiengottesdienst \u201eMut ist, zu geben, wenn alle nehmen.\u201c anschlie\u00dfend Fastenfr\u00fchst\u00fcck\" href=\"http:\/\/dm-web.de\/MusikkreisAlfter\/?p=1882\">\u201eMut ist, zu geben, wenn alle nehmen.\u201c anschlie\u00dfend Fastenfr\u00fchst\u00fcck<\/a><br \/>\n<\/b><\/b>Siehe auch <a href=\"http:\/\/www.sanktmatthaeus.de\/cms\/front_content.php?idcat=3&amp;idart=2809\" target=\"_blank\">http:\/\/www.sanktmatthaeus.de\/cms\/front_content.php?idcat=3&amp;idart=2809<\/a><\/td>\n<\/tr>\n<tr>\n<td align=\"left\" valign=\"top\"><b>Do<\/b><\/td>\n<td align=\"left\" valign=\"top\"><b>03.04.2014<\/b><\/td>\n<td align=\"right\" valign=\"top\"><span style=\"color: #0000ff;\"><b>19:00h<\/b><\/span><\/td>\n<td align=\"right\" valign=\"top\"><b>19:00h<\/b><\/td>\n<td align=\"left\" valign=\"top\" height=\"16\"><\/td>\n<td align=\"left\" valign=\"top\" height=\"16\"><b>Probe f\u00fcr Familiengottesdienst<\/b><\/td>\n<\/tr>\n<tr>\n<td align=\"left\" valign=\"top\"><b>So<\/b><\/td>\n<td align=\"left\" valign=\"top\"><b>30.03.2014<\/b><\/td>\n<td class=\"auto-style1\" align=\"right\" valign=\"top\"><span style=\"color: #0000ff;\"><strong>10:30h<\/strong><\/span><\/td>\n<td align=\"right\" valign=\"top\"><b>11:00h<\/b><\/td>\n<td align=\"left\" valign=\"top\" height=\"16\"><\/td>\n<td align=\"left\" valign=\"top\" height=\"16\"><a title=\"30.03.2014  Kleinkindergottesdienst\" href=\"http:\/\/dm-web.de\/MusikkreisAlfter\/?p=1875\"><b>Kindergottesdienst<\/b><\/a><\/td>\n<\/tr>\n<tr>\n<td align=\"left\" valign=\"top\"><b>So<\/b><\/td>\n<td align=\"left\" valign=\"top\"><b>09.03.2014<\/b><\/td>\n<td class=\"auto-style1\" align=\"right\" valign=\"top\"><span style=\"color: #0000ff;\"><strong>10:30h<\/strong><\/span><\/td>\n<td align=\"right\" valign=\"top\"><b>11:00h<\/b><\/td>\n<td align=\"left\" valign=\"top\" height=\"16\"><\/td>\n<td align=\"left\" valign=\"top\" height=\"16\"><a title=\"09.03.2014  Kleinkindergottesdienst\" href=\"http:\/\/dm-web.de\/MusikkreisAlfter\/?p=1836\"><b>Kindergottesdienst &#8222;Stille, H\u00f6ren&#8220;<\/b><\/a><\/td>\n<\/tr>\n<tr>\n<td align=\"left\" valign=\"top\"><b>Sa<\/b><\/td>\n<td align=\"left\" valign=\"top\"><b>22.02.2014<\/b><\/td>\n<td class=\"auto-style1\" align=\"right\" valign=\"top\"><span style=\"color: #0000ff;\"><strong>16:00h<\/strong><\/span><\/td>\n<td align=\"right\" valign=\"top\"><b>17:00h<\/b><\/td>\n<td align=\"left\" valign=\"top\" height=\"16\"><\/td>\n<td align=\"left\" valign=\"top\" height=\"16\"><a title=\"22.02.2014  Familien-Karnevalsgottesdienst 2014\" href=\"http:\/\/dm-web.de\/MusikkreisAlfter\/?p=1799\"><b>Familien-Karnevalsgottesdienst<\/b><\/a><\/td>\n<\/tr>\n<tr>\n<td align=\"left\" valign=\"top\"><b>So<\/b><\/td>\n<td align=\"left\" valign=\"top\"><b>16.02.2014<\/b><\/td>\n<td class=\"auto-style1\" align=\"right\" valign=\"top\"><span style=\"color: #0000ff;\"><strong>10:30h<\/strong><\/span><\/td>\n<td align=\"right\" valign=\"top\"><b>11:00h<\/b><\/td>\n<td align=\"left\" valign=\"top\" height=\"16\"><\/td>\n<td align=\"left\" valign=\"top\" height=\"16\"><a title=\"16.02.2014  Kleinkindergottesdienst\" href=\"http:\/\/dm-web.de\/MusikkreisAlfter\/?p=1794\"><b>Kindergottesdienst &#8222;Freude&#8220;<\/b><\/a><\/td>\n<\/tr>\n<tr>\n<td align=\"left\" valign=\"top\"><b>So<\/b><\/td>\n<td align=\"left\" valign=\"top\"><b>19.01.2014<\/b><\/td>\n<td class=\"auto-style1\" align=\"right\" valign=\"top\"><span style=\"color: #0000ff;\"><strong>10:30h<\/strong><\/span><\/td>\n<td align=\"right\" valign=\"top\"><b>11:00h<\/b><\/td>\n<td align=\"left\" valign=\"top\" height=\"16\"><\/td>\n<td align=\"left\" valign=\"top\" height=\"16\"><a title=\"19.01.2014  Kleinkindergottesdienst\" href=\"http:\/\/dm-web.de\/MusikkreisAlfter\/?p=1767\"><b>Kindergottesdienst<\/b><\/a><\/td>\n<\/tr>\n<tr>\n<td class=\"auto-style2\" align=\"left\" valign=\"top\"><span style=\"color: #999999;\"><strong>So<\/strong><\/span><\/td>\n<td class=\"auto-style2\" align=\"left\" valign=\"top\"><span style=\"color: #999999;\"><strong>12.01.2014<\/strong><\/span><\/td>\n<td align=\"right\" valign=\"top\"><\/td>\n<td class=\"auto-style2\" align=\"right\" valign=\"top\"><span style=\"color: #999999;\"><strong>10:00h<\/strong><\/span><\/td>\n<td align=\"left\" valign=\"top\" height=\"16\"><\/td>\n<td class=\"auto-style2\" align=\"left\" valign=\"top\" height=\"16\"><span style=\"color: #999999;\"><strong>Messe, anschliessend Neujahrsempfang (Oedekoven)<\/strong><\/span><\/td>\n<\/tr>\n<tr>\n<td class=\"auto-style2\" align=\"left\" valign=\"top\"><span style=\"color: #999999;\"><strong>Sa<\/strong><\/span><\/td>\n<td class=\"auto-style1\" align=\"left\" valign=\"top\"><span style=\"color: #999999;\"><strong>04.01.2014<\/strong><\/span><\/td>\n<td align=\"right\" valign=\"top\"><\/td>\n<td class=\"auto-style2\" align=\"right\" valign=\"top\"><span style=\"color: #999999;\"><strong>17:00h<\/strong><\/span><\/td>\n<td align=\"left\" valign=\"top\" height=\"16\"><\/td>\n<td align=\"left\" valign=\"top\" height=\"16\"><span class=\"auto-style2\" style=\"color: #999999;\"><strong>R\u00fcckkehr der Sternsinger<\/strong><\/span><span style=\"color: #888888;\"><strong> <span class=\"auto-style4\" style=\"color: #ff0000;\">(Nur Info &#8211; ohne Musikkreis)<\/span><\/strong><\/span><\/td>\n<\/tr>\n<\/tbody>\n<\/table>\n","protected":false},"excerpt":{"rendered":"<p>Unsere durchgef\u00fchrten Aktivit\u00e4ten in 2014 Tag Datum Treffen Beginn Messe Di 24.12.2014 16:00h 17:00h Familienchristmette 2014 Di 24.12.2014 15:00h Kinderkrippenfeier (Nur Info &#8211; ohne Musikkreis) So 07.12.2014 08:30h 09:30h Familiengottesdienst (Nikolaus) So 30.11.2014 10:30h 11:00h Kleinkindergottesdienst zum 1. Advent im Pfarrheim So 26.10.2014 10:30h 11:00h Kindergottesdienst &#8222;Was brauch ich wenn ich krank bin&#8220; Sa 25.10.2014 [&hellip;]<\/p>\n","protected":false},"author":2,"featured_media":0,"parent":0,"menu_order":0,"comment_status":"closed","ping_status":"closed","template":"","meta":{"ngg_post_thumbnail":0,"footnotes":""},"class_list":["post-1771","page","type-page","status-publish","hentry"],"_links":{"self":[{"href":"https:\/\/www.dm-web.de\/MusikkreisAlfter\/index.php?rest_route=\/wp\/v2\/pages\/1771","targetHints":{"allow":["GET"]}}],"collection":[{"href":"https:\/\/www.dm-web.de\/MusikkreisAlfter\/index.php?rest_route=\/wp\/v2\/pages"}],"about":[{"href":"https:\/\/www.dm-web.de\/MusikkreisAlfter\/index.php?rest_route=\/wp\/v2\/types\/page"}],"author":[{"embeddable":true,"href":"https:\/\/www.dm-web.de\/MusikkreisAlfter\/index.php?rest_route=\/wp\/v2\/users\/2"}],"replies":[{"embeddable":true,"href":"https:\/\/www.dm-web.de\/MusikkreisAlfter\/index.php?rest_route=%2Fwp%2Fv2%2Fcomments&post=1771"}],"version-history":[{"count":20,"href":"https:\/\/www.dm-web.de\/MusikkreisAlfter\/index.php?rest_route=\/wp\/v2\/pages\/1771\/revisions"}],"predecessor-version":[{"id":2111,"href":"https:\/\/www.dm-web.de\/MusikkreisAlfter\/index.php?rest_route=\/wp\/v2\/pages\/1771\/revisions\/2111"}],"wp:attachment":[{"href":"https:\/\/www.dm-web.de\/MusikkreisAlfter\/index.php?rest_route=%2Fwp%2Fv2%2Fmedia&parent=1771"}],"curies":[{"name":"wp","href":"https:\/\/api.w.org\/{rel}","templated":true}]}}