{"id":2131,"date":"2015-01-26T00:32:40","date_gmt":"2015-01-25T23:32:40","guid":{"rendered":"http:\/\/dm-web.de\/MusikkreisAlfter\/?page_id=2131"},"modified":"2015-12-26T00:18:14","modified_gmt":"2015-12-25T23:18:14","slug":"unsere-aktivitaeten-in-2015","status":"publish","type":"page","link":"https:\/\/www.dm-web.de\/MusikkreisAlfter\/?page_id=2131","title":{"rendered":"Unsere Aktivit\u00e4ten in 2015"},"content":{"rendered":"<h3>Unsere durchgef\u00fchrten Aktivit\u00e4ten in 2015<\/h3>\n<table style=\"border-collapse: collapse; border: 1px solid;\" border=\"1\" width=\"100%\" rules=\"all\" cellspacing=\"0\" cellpadding=\"6\">\n<tbody>\n<tr>\n<td bgcolor=\"#ccff99\">Tag<\/td>\n<td bgcolor=\"#ccff99\">Datum<\/td>\n<td bgcolor=\"#ccff99\" width=\"58\"><span style=\"color: #0066ff;\">Treffen <\/span><\/td>\n<td bgcolor=\"#ccff99\" width=\"59\">Beginn<\/td>\n<td bgcolor=\"#ccff99\"><\/td>\n<td bgcolor=\"#ccff99\">Messe<\/td>\n<\/tr>\n<tr>\n<td align=\"left\" valign=\"top\"><b>Di<\/b><\/td>\n<td align=\"left\" valign=\"top\"><b>24.12.2015<\/b><\/td>\n<td align=\"right\" valign=\"top\"><span style=\"color: #0000ff;\"><b>16:15h<\/b><\/span><\/td>\n<td align=\"right\" valign=\"top\"><b>17:15h<\/b><\/td>\n<td align=\"left\" valign=\"top\" height=\"16\"><\/td>\n<td align=\"left\" valign=\"top\" height=\"16\"><b><a href=\"http:\/\/dm-web.de\/MusikkreisAlfter\/?p=2571\">Familienchristmette<\/a><\/b><\/td>\n<\/tr>\n<tr>\n<td class=\"auto-style3\" align=\"left\" valign=\"top\"><span style=\"color: #888888;\">Di<\/span><\/td>\n<td class=\"auto-style3\" align=\"left\" valign=\"top\"><span style=\"color: #888888;\">24.12.2015<\/span><\/td>\n<td align=\"right\" valign=\"top\"><\/td>\n<td class=\"auto-style3\" align=\"right\" valign=\"top\"><span style=\"color: #888888;\">15:00h<\/span><\/td>\n<td align=\"left\" valign=\"top\" height=\"16\"><\/td>\n<td class=\"auto-style3\" align=\"left\" valign=\"top\" height=\"16\"><span style=\"color: #888888;\">Kinderkrippenfeier<strong> <span class=\"auto-style4\" style=\"color: #ff0000;\">(Nur Info \u2013 ohne Musikkreis)<\/span><\/strong><\/span><\/td>\n<\/tr>\n<tr>\n<td align=\"left\" valign=\"top\"><b>So<\/b><\/td>\n<td align=\"left\" valign=\"top\"><b>13.12.2015<\/b><\/td>\n<td align=\"right\" valign=\"top\"><\/td>\n<td align=\"right\" valign=\"top\"><b>19:00h<\/b><\/td>\n<td align=\"left\" valign=\"top\" height=\"16\"><\/td>\n<td align=\"left\" valign=\"top\" height=\"16\"><b><a href=\"http:\/\/dm-web.de\/MusikkreisAlfter\/?p=2560\">Adventssingen im ev. Gemeindezentrum<\/a><br \/>\n<span style=\"color: #888888;\"><strong> <span class=\"auto-style4\" style=\"color: #ff0000;\">(Zur Info \u2013 wer Zeit und Lust hat)<\/span><\/strong><\/span><\/b><\/td>\n<\/tr>\n<tr>\n<td align=\"left\" valign=\"top\"><b>So<\/b><\/td>\n<td align=\"left\" valign=\"top\"><b>06.12.2015<\/b><\/td>\n<td align=\"right\" valign=\"top\"><span style=\"color: #0000ff;\"><b>08:30h<\/b><\/span><\/td>\n<td align=\"right\" valign=\"top\"><b>09:30h<\/b><\/td>\n<td align=\"left\" valign=\"top\" height=\"16\"><\/td>\n<td align=\"left\" valign=\"top\" height=\"16\"><b><a href=\"http:\/\/dm-web.de\/MusikkreisAlfter\/?p=2549\">Familiengottesdienst (Nikolaus \/ Advent)<\/a><\/b><\/td>\n<\/tr>\n<tr>\n<td align=\"left\" valign=\"top\"><strong>So<\/strong><\/td>\n<td align=\"left\" valign=\"top\"><strong>29.11.2015<\/strong><\/td>\n<td align=\"right\" valign=\"top\"><span style=\"color: #0000ff;\"><b>10:30h<\/b><\/span><\/td>\n<td align=\"right\" valign=\"top\"><strong>11:00h<\/strong><\/td>\n<td align=\"left\" valign=\"top\" height=\"16\"><\/td>\n<td align=\"left\" valign=\"top\" height=\"16\"><strong><a href=\"http:\/\/dm-web.de\/MusikkreisAlfter\/?p=2542\">Kleinkindergottesdienst zum 1. Advent im Pfarrheim<\/a><br \/>\n<\/strong><\/td>\n<\/tr>\n<tr>\n<td align=\"left\" valign=\"top\"><strong>Sa<\/strong><\/td>\n<td align=\"left\" valign=\"top\"><strong>21.11.2015<\/strong><\/td>\n<td align=\"right\" valign=\"top\"><span style=\"color: #0000ff;\"><b>16:30h<\/b><\/span><\/td>\n<td align=\"right\" valign=\"top\"><strong>17:00h<\/strong><\/td>\n<td align=\"left\" valign=\"top\" height=\"16\"><\/td>\n<td align=\"left\" valign=\"top\" height=\"16\"><strong><a href=\"http:\/\/dm-web.de\/MusikkreisAlfter\/?p=2528\">Kinderbibeltag 2015 &#8211; (Abschlussgottesdienst)<\/a><\/strong><\/td>\n<\/tr>\n<tr>\n<td align=\"left\" valign=\"top\"><strong>Sa<\/strong><\/td>\n<td align=\"left\" valign=\"top\"><strong>21.11.2015<\/strong><\/td>\n<td align=\"right\" valign=\"top\"><span style=\"color: #0000ff;\"><b>13:00h<\/b><\/span><\/td>\n<td align=\"right\" valign=\"top\"><strong>13:30h<\/strong><\/td>\n<td align=\"left\" valign=\"top\" height=\"16\"><\/td>\n<td align=\"left\" valign=\"top\" height=\"16\"><strong><a href=\"http:\/\/dm-web.de\/MusikkreisAlfter\/?p=2528\">Kinderbibeltag 2015 &#8211; (nach dem Mittagessen)<\/a><\/strong><\/td>\n<\/tr>\n<tr>\n<td align=\"left\" valign=\"top\"><strong>So<\/strong><\/td>\n<td align=\"left\" valign=\"top\"><strong>13.11.2015<\/strong><\/td>\n<td align=\"right\" valign=\"top\"><span style=\"color: #0000ff;\"><b>17:00h<\/b><\/span><\/td>\n<td align=\"right\" valign=\"top\"><strong>18:00h<\/strong><\/td>\n<td align=\"left\" valign=\"top\" height=\"16\"><\/td>\n<td align=\"left\" valign=\"top\" height=\"16\"><strong><a href=\"http:\/\/dm-web.de\/MusikkreisAlfter\/?p=2507\">Abend des Lichtes (18:00h &#8211; 20:00h)<\/a><\/strong><\/td>\n<\/tr>\n<tr>\n<td align=\"left\" valign=\"top\"><strong>So<\/strong><\/td>\n<td align=\"left\" valign=\"top\"><strong>25.10.2015<\/strong><\/td>\n<td align=\"right\" valign=\"top\"><span style=\"color: #0000ff;\"><b>10:30h<\/b><\/span><\/td>\n<td align=\"right\" valign=\"top\"><strong>11:00h<\/strong><\/td>\n<td align=\"left\" valign=\"top\" height=\"16\"><\/td>\n<td align=\"left\" valign=\"top\" height=\"16\"><strong><a href=\"http:\/\/dm-web.de\/MusikkreisAlfter\/?p=2494\">Kleinkindergottesdienst \u201eDu schaffst das, Du bist nicht allein\u201c<\/a><\/strong><\/td>\n<\/tr>\n<tr>\n<td align=\"left\" valign=\"top\"><strong>Sa<\/strong><\/td>\n<td align=\"left\" valign=\"top\"><strong>24.10.2015<\/strong><\/td>\n<td align=\"right\" valign=\"top\"><span style=\"color: #0000ff;\"><b>16:00h<\/b><\/span><\/td>\n<td align=\"right\" valign=\"top\"><strong>17:00h<\/strong><\/td>\n<td align=\"left\" valign=\"top\" height=\"16\"><\/td>\n<td align=\"left\" valign=\"top\" height=\"16\"><strong><a href=\"http:\/\/dm-web.de\/MusikkreisAlfter\/?p=2484\">Einf\u00fchrungsgottesdienst der neuen Kommunionkinder<\/a><\/strong><\/td>\n<\/tr>\n<tr>\n<td align=\"left\" valign=\"top\"><strong>Mi<\/strong><\/td>\n<td align=\"left\" valign=\"top\"><strong>21.10.2015<\/strong><\/td>\n<td align=\"right\" valign=\"top\"><span style=\"color: #0000ff;\"><b>18:00h<\/b><\/span><\/td>\n<td align=\"right\" valign=\"top\"><strong><span style=\"color: #ff0000;\">18:00h <\/span><br \/>\n<\/strong><\/td>\n<td align=\"left\" valign=\"top\"><\/td>\n<td class=\"auto-style3\" align=\"left\" valign=\"top\" height=\"16\"><span style=\"color: #ff0000;\"><strong>Terminabsprache f\u00fcr 2015\/2016 im Pfarrheim, Garderobenraum<br \/>\n(Achtung Zeit auf 18:00h vorgezogen)<\/strong><\/span><\/td>\n<\/tr>\n<tr>\n<td align=\"left\" valign=\"top\"><strong>Sa<\/strong><\/td>\n<td align=\"left\" valign=\"top\"><strong>03.10.2015<\/strong><\/td>\n<td align=\"right\" valign=\"top\"><span style=\"color: #0000ff;\"><b>16:00h<\/b><\/span><\/td>\n<td align=\"right\" valign=\"top\"><strong>17:00h<\/strong><\/td>\n<td align=\"left\" valign=\"top\" height=\"16\"><\/td>\n<td align=\"left\" valign=\"top\" height=\"16\"><strong><a href=\"http:\/\/dm-web.de\/MusikkreisAlfter\/?p=2448\">Erntedankgottesdienst &#8211; Gartenbau Rieck<\/a><br \/>\n<\/strong><\/td>\n<\/tr>\n<tr>\n<td align=\"left\" valign=\"top\"><strong>So<\/strong><\/td>\n<td align=\"left\" valign=\"top\"><strong>27.09.2015<\/strong><\/td>\n<td align=\"right\" valign=\"top\"><span style=\"color: #0000ff;\"><b>10:30h<\/b><\/span><\/td>\n<td align=\"right\" valign=\"top\"><strong>11:00h<\/strong><\/td>\n<td align=\"left\" valign=\"top\" height=\"16\"><\/td>\n<td align=\"left\" valign=\"top\" height=\"16\"><strong><a href=\"http:\/\/dm-web.de\/MusikkreisAlfter\/?p=2440\">Kleinkindergottesdienst &#8222;Erntedank&#8220; anschliessend Herbstmarkt<\/a><\/strong><\/td>\n<\/tr>\n<tr>\n<td align=\"left\" valign=\"top\"><strong>So<\/strong><\/td>\n<td align=\"left\" valign=\"top\"><strong>30.08.2015<\/strong><\/td>\n<td align=\"right\" valign=\"top\"><span style=\"color: #0000ff;\"><b>10:30h<\/b><\/span><\/td>\n<td align=\"right\" valign=\"top\"><strong>11:00h<\/strong><\/td>\n<td align=\"left\" valign=\"top\" height=\"16\"><\/td>\n<td align=\"left\" valign=\"top\" height=\"16\"><strong><a href=\"http:\/\/dm-web.de\/MusikkreisAlfter\/?p=2427\">Kleinkindergottesdienst &#8222;Gott kennt uns beim Namen&#8220;<\/a><br \/>\n<\/strong><\/td>\n<\/tr>\n<tr>\n<td align=\"left\" valign=\"top\"><strong>So<\/strong><\/td>\n<td align=\"left\" valign=\"top\"><strong>21.06.2015<\/strong><\/td>\n<td align=\"right\" valign=\"top\"><span style=\"color: #0000ff;\"><b>08:30h<\/b><\/span><\/td>\n<td align=\"right\" valign=\"top\"><strong>09:30h<\/strong><\/td>\n<td align=\"left\" valign=\"top\" height=\"16\"><\/td>\n<td align=\"left\" valign=\"top\" height=\"16\"><strong><a href=\"http:\/\/dm-web.de\/MusikkreisAlfter\/?p=2384\">Familiengottesdienst &#8222;Ferienbeginn&#8220;<\/a><\/strong><\/td>\n<\/tr>\n<tr>\n<td align=\"left\" valign=\"top\"><strong>So<\/strong><\/td>\n<td align=\"left\" valign=\"top\"><strong>14.06.2015<\/strong><\/td>\n<td align=\"right\" valign=\"top\"><span style=\"color: #0000ff;\"><b>10:30h<\/b><\/span><\/td>\n<td align=\"right\" valign=\"top\"><strong>11:00h<\/strong><\/td>\n<td align=\"left\" valign=\"top\" height=\"16\"><\/td>\n<td align=\"left\" valign=\"top\" height=\"16\"><strong><a href=\"http:\/\/dm-web.de\/MusikkreisAlfter\/?p=2370\">Kleinkindergottesdienst \u201cChristopherus, Schutzpatron der Reisenden\u201d<\/a><\/strong><\/td>\n<\/tr>\n<tr>\n<td align=\"left\" valign=\"top\"><strong>So<\/strong><\/td>\n<td align=\"left\" valign=\"top\"><strong>10.05.2015<\/strong><\/td>\n<td align=\"right\" valign=\"top\"><span style=\"color: #0000ff;\"><b>10:30h<\/b><\/span><\/td>\n<td align=\"right\" valign=\"top\"><strong>11:00h<\/strong><\/td>\n<td align=\"left\" valign=\"top\" height=\"16\"><\/td>\n<td align=\"left\" valign=\"top\" height=\"16\"><strong><a href=\"http:\/\/dm-web.de\/MusikkreisAlfter\/?p=2361\">Kleinkindergottesdienst &#8222;Wir danken Gott f\u00fcr unsere Familie&#8220;<\/a><\/strong><\/td>\n<\/tr>\n<tr>\n<td align=\"left\" valign=\"top\"><strong>So<\/strong><\/td>\n<td align=\"left\" valign=\"top\"><strong>19.04.2015<\/strong><\/td>\n<td align=\"right\" valign=\"top\"><span style=\"color: #0000ff;\"><b>10:30h<\/b><\/span><\/td>\n<td align=\"right\" valign=\"top\"><strong>11:00h<\/strong><\/td>\n<td align=\"left\" valign=\"top\" height=\"16\"><\/td>\n<td align=\"left\" valign=\"top\" height=\"16\"><strong><a title=\"19.04.2015 Kleinkindergottesdienst \u201cDas Gleichnis vom verlorenen Schaf\u201d\" href=\"http:\/\/dm-web.de\/MusikkreisAlfter\/?p=2333\">Kleinkindergottesdienst &#8222;Das Gleichnis vom verlorenen Schaf&#8220;<\/a><br \/>\n<\/strong><\/td>\n<\/tr>\n<tr>\n<td align=\"left\" valign=\"top\"><strong>So<\/strong><\/td>\n<td align=\"left\" valign=\"top\"><strong>12.04.2015<\/strong><\/td>\n<td align=\"right\" valign=\"top\"><span style=\"color: #0000ff;\"><b>09:00h<\/b><\/span><\/td>\n<td align=\"right\" valign=\"top\"><strong>10:00h<\/strong><\/td>\n<td align=\"left\" valign=\"top\" height=\"16\"><\/td>\n<td align=\"left\" valign=\"top\" height=\"16\"><a title=\"12.04.2015 Erstkommunionmesse 2015\" href=\"http:\/\/dm-web.de\/MusikkreisAlfter\/?p=2329\"><strong>Erstkommunionmesse mit Chor und Musikkreis<\/strong><\/a><\/td>\n<\/tr>\n<tr>\n<td align=\"left\" valign=\"top\"><span style=\"color: #999999;\">So<\/span><\/td>\n<td align=\"left\" valign=\"top\"><span style=\"color: #999999;\">22.03.2015<\/span><\/td>\n<td align=\"right\" valign=\"top\"><\/td>\n<td align=\"right\" valign=\"top\"><span style=\"color: #999999;\">09:30h<\/span><\/td>\n<td align=\"left\" valign=\"top\" height=\"16\"><\/td>\n<td class=\"auto-style3\" align=\"left\" valign=\"top\" height=\"16\"><span style=\"color: #999999;\">Familiengottesdienst &#8222;Misereor&#8220;<span style=\"color: #ff0000;\"><strong> <span class=\"auto-style4\">(Nur Info \u2013 ohne Musikkreis)<\/span><\/strong><\/span><\/span><\/td>\n<\/tr>\n<tr>\n<td align=\"left\" valign=\"top\"><strong>So<\/strong><\/td>\n<td align=\"left\" valign=\"top\"><strong>15.03.2015<\/strong><\/td>\n<td align=\"right\" valign=\"top\"><span style=\"color: #0000ff;\"><b>10:30h<\/b><\/span><\/td>\n<td align=\"right\" valign=\"top\"><strong>11:00h<\/strong><\/td>\n<td align=\"left\" valign=\"top\" height=\"16\"><\/td>\n<td align=\"left\" valign=\"top\" height=\"16\"><strong><a title=\"15.03.2015 Kleinkindergottesdienst \u201cGott l\u00e4\u00dft aus kleinen Dingen Gro\u00dfes werden\u201d\" href=\"http:\/\/dm-web.de\/MusikkreisAlfter\/?p=2315\">Kleinkindergottesdienst &#8222;Gott l\u00e4\u00dft aus kleinen Dingen Gro\u00dfes werden&#8220;<\/a><br \/>\n<\/strong><\/td>\n<\/tr>\n<tr>\n<td align=\"left\" valign=\"top\"><strong>So<\/strong><\/td>\n<td align=\"left\" valign=\"top\"><strong>22.02.2015<\/strong><\/td>\n<td align=\"right\" valign=\"top\"><span style=\"color: #0000ff;\"><b>10:30h<\/b><\/span><\/td>\n<td align=\"right\" valign=\"top\"><strong>11:00h<\/strong><\/td>\n<td align=\"left\" valign=\"top\" height=\"16\"><\/td>\n<td align=\"left\" valign=\"top\" height=\"16\"><a title=\"22.02.2015 Kleinkindergottesdienst \u201cDu schaffst es, manchmal braucht\u2019s nur einen guten Rat\u201d\" href=\"http:\/\/dm-web.de\/MusikkreisAlfter\/?p=2276\"><strong>Kleinkindergottesdienst &#8222;Du schaffst es, manchmal braucht&#8217;s nur einen guten Rat&#8220;<\/strong><\/a><\/td>\n<\/tr>\n<tr>\n<td align=\"left\" valign=\"top\"><strong>So<\/strong><\/td>\n<td align=\"left\" valign=\"top\"><strong>07.02.2015<\/strong><\/td>\n<td align=\"right\" valign=\"top\"><span style=\"color: #0000ff;\"><b>16:00h<\/b><\/span><\/td>\n<td align=\"right\" valign=\"top\"><strong>17:00h<\/strong><\/td>\n<td align=\"left\" valign=\"top\" height=\"16\"><\/td>\n<td align=\"left\" valign=\"top\" height=\"16\"><a title=\"07.02.2015 Familien-Karnevalsgottesdienst 2015\" href=\"http:\/\/dm-web.de\/MusikkreisAlfter\/?p=2124\"><strong>Familien-Karnevalsgottesdienst 2015<\/strong><\/a><\/td>\n<\/tr>\n<tr>\n<td align=\"left\" valign=\"top\"><strong>So<\/strong><\/td>\n<td align=\"left\" valign=\"top\"><strong>25.01.2015<\/strong><\/td>\n<td align=\"right\" valign=\"top\"><span style=\"color: #0000ff;\"><b>10:30h<\/b><\/span><\/td>\n<td align=\"right\" valign=\"top\"><strong>11:00h<\/strong><\/td>\n<td align=\"left\" valign=\"top\" height=\"16\"><\/td>\n<td align=\"left\" valign=\"top\" height=\"16\"><strong><a title=\"25.01.2015 Kleinkindergottesdienst \u201cStreiten und Vertragen\u201d\" href=\"http:\/\/dm-web.de\/MusikkreisAlfter\/?p=2114\">Kleinkindergottesdienst &#8222;Streiten und Vertragen&#8220;<\/a><br \/>\n<\/strong><\/td>\n<\/tr>\n<\/tbody>\n<\/table>\n","protected":false},"excerpt":{"rendered":"<p>Unsere durchgef\u00fchrten Aktivit\u00e4ten in 2015 Tag Datum Treffen Beginn Messe Di 24.12.2015 16:15h 17:15h Familienchristmette Di 24.12.2015 15:00h Kinderkrippenfeier (Nur Info \u2013 ohne Musikkreis) So 13.12.2015 19:00h Adventssingen im ev. Gemeindezentrum (Zur Info \u2013 wer Zeit und Lust hat) So 06.12.2015 08:30h 09:30h Familiengottesdienst (Nikolaus \/ Advent) So 29.11.2015 10:30h 11:00h Kleinkindergottesdienst zum 1. Advent [&hellip;]<\/p>\n","protected":false},"author":2,"featured_media":0,"parent":0,"menu_order":0,"comment_status":"closed","ping_status":"closed","template":"","meta":{"ngg_post_thumbnail":0,"footnotes":""},"class_list":["post-2131","page","type-page","status-publish","hentry"],"_links":{"self":[{"href":"https:\/\/www.dm-web.de\/MusikkreisAlfter\/index.php?rest_route=\/wp\/v2\/pages\/2131","targetHints":{"allow":["GET"]}}],"collection":[{"href":"https:\/\/www.dm-web.de\/MusikkreisAlfter\/index.php?rest_route=\/wp\/v2\/pages"}],"about":[{"href":"https:\/\/www.dm-web.de\/MusikkreisAlfter\/index.php?rest_route=\/wp\/v2\/types\/page"}],"author":[{"embeddable":true,"href":"https:\/\/www.dm-web.de\/MusikkreisAlfter\/index.php?rest_route=\/wp\/v2\/users\/2"}],"replies":[{"embeddable":true,"href":"https:\/\/www.dm-web.de\/MusikkreisAlfter\/index.php?rest_route=%2Fwp%2Fv2%2Fcomments&post=2131"}],"version-history":[{"count":19,"href":"https:\/\/www.dm-web.de\/MusikkreisAlfter\/index.php?rest_route=\/wp\/v2\/pages\/2131\/revisions"}],"predecessor-version":[{"id":2585,"href":"https:\/\/www.dm-web.de\/MusikkreisAlfter\/index.php?rest_route=\/wp\/v2\/pages\/2131\/revisions\/2585"}],"wp:attachment":[{"href":"https:\/\/www.dm-web.de\/MusikkreisAlfter\/index.php?rest_route=%2Fwp%2Fv2%2Fmedia&parent=2131"}],"curies":[{"name":"wp","href":"https:\/\/api.w.org\/{rel}","templated":true}]}}