{"id":2224,"date":"2015-02-09T23:51:03","date_gmt":"2015-02-09T22:51:03","guid":{"rendered":"http:\/\/dm-web.de\/MusikkreisAlfter\/?page_id=2224"},"modified":"2020-02-18T01:03:16","modified_gmt":"2020-02-18T00:03:16","slug":"neue-fotogalerie","status":"publish","type":"page","link":"https:\/\/www.dm-web.de\/MusikkreisAlfter\/?page_id=2224","title":{"rendered":"Fotogalerie &#8211; Neu"},"content":{"rendered":"<p>Herzlich Willkommen in der neuen Fotogalerie des Musikkreises St. Matth\u00e4us Alfter.<\/p>\n<p>Zur Bedienung bitte die Hinweise am Ende dieser Seite beachten.<\/p>\n<h2 style=\"text-align: left;\">2020<\/h2>\n<p>xxxx<\/p>\n<p>ngg_shortcode_0_placeholderyyyy<\/p>\n<p>ngg_shortcode_1_placeholderzzz<\/p>\n<p>ngg_shortcode_2_placeholder<br \/>\n<!--\n\n\n<h2 style=\"text-align: left;\">2019<\/h2>\n\n\n&nbsp;\n\n\n<h2 style=\"text-align: left;\">2018<\/h2>\n\n\n&nbsp;\n\n\n<h2 style=\"text-align: left;\">2017<\/h2>\n\n\n&nbsp;\n\n\n<h2 style=\"text-align: left;\">2016<\/h2>\n\n\n&nbsp;\n--><\/p>\n<h2 style=\"text-align: left;\">2015<\/h2>\nngg_shortcode_3_placeholder\n<h2 style=\"text-align: left;\">2014<\/h2>\nngg_shortcode_4_placeholder\n<h2 style=\"text-align: left;\">Emblem des Musikkreises<\/h2>\n<h4 style=\"text-align: left;\"><!-- default-view.php -->\n<div\n\tclass=\"ngg-galleryoverview default-view\n\t ngg-ajax-pagination-none\t\"\n\tid=\"ngg-gallery-8ed5aec9bd1bdc3fb259a0adc16dd8d0-1\">\n\n\t\t<!-- Thumbnails -->\n\t\t\t\t<div id=\"ngg-image-0\" class=\"ngg-gallery-thumbnail-box\n\t\t\t\t\t\t\t\t\t\t\t\"\n\t\t\t>\n\t\t\t\t\t\t<div class=\"ngg-gallery-thumbnail\">\n\t\t\t<a href=\"https:\/\/www.dm-web.de\/MusikkreisAlfter\/wp-content\/gallery\/logoimages\/MusikreisStMatthaeusAlfter_Logo_600x702.jpg\"\n\t\t\t\ttitle=\"Embleem des Musikkreises St. Matth\u00e4us Alfter, \u00a9 Toni D\u00fcnnwald\"\n\t\t\t\tdata-src=\"https:\/\/www.dm-web.de\/MusikkreisAlfter\/wp-content\/gallery\/logoimages\/MusikreisStMatthaeusAlfter_Logo_600x702.jpg\"\n\t\t\t\tdata-thumbnail=\"https:\/\/www.dm-web.de\/MusikkreisAlfter\/wp-content\/gallery\/logoimages\/thumbs\/thumbs_MusikreisStMatthaeusAlfter_Logo_600x702.jpg\"\n\t\t\t\tdata-image-id=\"105\"\n\t\t\t\tdata-title=\"MusikreisStMatthaeusAlfter_Logo_600x702\"\n\t\t\t\tdata-description=\"Embleem des Musikkreises St. Matth\u00e4us Alfter, \u00a9 Toni D\u00fcnnwald\"\n\t\t\t\tdata-image-slug=\"musikreisstmatthaeusalfter_logo_600x702\"\n\t\t\t\tclass=\"ngg-simplelightbox\" rel=\"8ed5aec9bd1bdc3fb259a0adc16dd8d0\">\n\t\t\t\t<img\n\t\t\t\t\ttitle=\"MusikreisStMatthaeusAlfter_Logo_600x702\"\n\t\t\t\t\talt=\"MusikreisStMatthaeusAlfter_Logo_600x702\"\n\t\t\t\t\tsrc=\"https:\/\/www.dm-web.de\/MusikkreisAlfter\/wp-content\/gallery\/logoimages\/cache\/MusikreisStMatthaeusAlfter_Logo_600x702.jpg-nggid03105-ngg0dyn-181x223x100-00f0w010c010r110f110r010t010.jpg\"\n\t\t\t\t\twidth=\"181\"\n\t\t\t\t\theight=\"212\"\n\t\t\t\t\tstyle=\"max-width:100%;\"\n\t\t\t\t\/>\n\t\t\t<\/a>\n\t\t<\/div>\n\t\t\t\t\t\t\t<\/div>\n\t\t\t\n\t\n\t<br style=\"clear: both\" \/>\n\n\t\n\t\t<div class=\"ngg-clear\"><\/div>\n\t<\/div>\n<\/h4>\n<hr>\n<h3>&nbsp;<\/h3>\n<h3><strong>Bedienungshinweis:<\/strong><\/h3>\n<p>In den einzelnen Galerien sind die Bilder anklickbar. Dadurch werden sie dann vergr\u00f6\u00dfert dargestellt. In diesem Modus kann dann mit den Pfeiltasten [&lt;-] [-&gt;] bzw. durch Antippen im linken oder rechten Bildbereich zum vorherigen oder n\u00e4chsten Bild weitergegangen werden.<br \/>\n(siehe nachfolgende Bedienungsanleitungsgrafik)<\/p>\n<p><img decoding=\"async\" class=\"aligncenter\" src=\"http:\/\/dm-web.de\/MusikkreisAlfter\/images\/20150218_221900__MK-Fotogalerie_Usermanual_70Proz.png\" alt=\"Bild-Usermanual\"><\/p>\n<p>Ein <strong>Herunterladen der Bilder<\/strong> ist aus der gro\u00dfen Ansicht in der Regel mit den normalen Internet-Browser-Funktionen \u00fcber das Kontextmen\u00fc m\u00f6glich:<\/p>\n<ul>\n<li>In der Mitte des Bildes (nicht am rechten oder linken Rand)<\/li>\n<li>mit Klicken der rechten Maustaste das Kontextmen\u00fc \u00f6ffnen &#8230;<\/li>\n<li>und dann das Speichern des Bildes mit dem passenden Men\u00fceintrag ausw\u00e4hlen\n<ul>\n<li>bei Mozilla Firefox: &#8222;Graphik speichern unter&#8230;.&#8220;<\/li>\n<li>bei Internet Explorer:&nbsp; &#8222;Bild speichern unter&#8230;&#8220;<\/li>\n<li>bei Google Chrome: &#8222;Save image as&#8230;&#8220;<\/li>\n<\/ul>\n<\/li>\n<li>und dann den Ort zum Speichern auf der lokalen Festplatte festlegen.<\/li>\n<\/ul>\n","protected":false},"excerpt":{"rendered":"<p>Herzlich Willkommen in der neuen Fotogalerie des Musikkreises St. Matth\u00e4us Alfter. Zur Bedienung bitte die Hinweise am Ende dieser Seite beachten. 2020 xxxx yyyy zzz 2015 2014 Emblem des Musikkreises &nbsp; Bedienungshinweis: In den einzelnen Galerien sind die Bilder anklickbar. Dadurch werden sie dann vergr\u00f6\u00dfert dargestellt. In diesem Modus kann dann mit den Pfeiltasten [&lt;-] [&hellip;]<\/p>\n","protected":false},"author":2,"featured_media":0,"parent":0,"menu_order":0,"comment_status":"closed","ping_status":"closed","template":"","meta":{"ngg_post_thumbnail":0,"footnotes":""},"class_list":["post-2224","page","type-page","status-publish","hentry"],"_links":{"self":[{"href":"https:\/\/www.dm-web.de\/MusikkreisAlfter\/index.php?rest_route=\/wp\/v2\/pages\/2224","targetHints":{"allow":["GET"]}}],"collection":[{"href":"https:\/\/www.dm-web.de\/MusikkreisAlfter\/index.php?rest_route=\/wp\/v2\/pages"}],"about":[{"href":"https:\/\/www.dm-web.de\/MusikkreisAlfter\/index.php?rest_route=\/wp\/v2\/types\/page"}],"author":[{"embeddable":true,"href":"https:\/\/www.dm-web.de\/MusikkreisAlfter\/index.php?rest_route=\/wp\/v2\/users\/2"}],"replies":[{"embeddable":true,"href":"https:\/\/www.dm-web.de\/MusikkreisAlfter\/index.php?rest_route=%2Fwp%2Fv2%2Fcomments&post=2224"}],"version-history":[{"count":42,"href":"https:\/\/www.dm-web.de\/MusikkreisAlfter\/index.php?rest_route=\/wp\/v2\/pages\/2224\/revisions"}],"predecessor-version":[{"id":4109,"href":"https:\/\/www.dm-web.de\/MusikkreisAlfter\/index.php?rest_route=\/wp\/v2\/pages\/2224\/revisions\/4109"}],"wp:attachment":[{"href":"https:\/\/www.dm-web.de\/MusikkreisAlfter\/index.php?rest_route=%2Fwp%2Fv2%2Fmedia&parent=2224"}],"curies":[{"name":"wp","href":"https:\/\/api.w.org\/{rel}","templated":true}]}}