{"id":2340,"date":"2015-04-02T22:43:46","date_gmt":"2015-04-02T21:43:46","guid":{"rendered":"http:\/\/dm-web.de\/MusikkreisAlfter\/?page_id=2340"},"modified":"2025-01-19T10:55:37","modified_gmt":"2025-01-19T09:55:37","slug":"weiter-zurueckliegende-aktivitaeten","status":"publish","type":"page","link":"https:\/\/www.dm-web.de\/MusikkreisAlfter\/?page_id=2340","title":{"rendered":"Weiter zur\u00fcckliegende Aktivit\u00e4ten"},"content":{"rendered":"<p>Hier ist der \u00dcberblick \u00fcber unsere Aktivit\u00e4ten in zur\u00fcckliegenden Jahren:<\/p>\n<p>&nbsp;<\/p>\n<ul>\n<li class=\"page_item page-item-13\"><a href=\"http:\/\/dm-web.de\/MusikkreisAlfter\/?page_id=13\">Unsere Aktivit\u00e4ten in 2008<\/a><\/li>\n<li class=\"page_item page-item-147\"><a href=\"http:\/\/dm-web.de\/MusikkreisAlfter\/?page_id=147\">Unsere Aktivit\u00e4ten in 2009<\/a><\/li>\n<li class=\"page_item page-item-606\"><a href=\"http:\/\/dm-web.de\/MusikkreisAlfter\/?page_id=606\">Unsere Aktivit\u00e4ten in 2010<\/a><\/li>\n<li class=\"page_item page-item-928\"><a href=\"http:\/\/dm-web.de\/MusikkreisAlfter\/?page_id=928\">Unsere Aktivit\u00e4ten in 2011<\/a><\/li>\n<li class=\"page_item page-item-1266\"><a href=\"http:\/\/dm-web.de\/MusikkreisAlfter\/?page_id=1266\">Unsere Aktivit\u00e4ten in 2012<\/a><\/li>\n<li class=\"page_item page-item-1520\"><a href=\"http:\/\/dm-web.de\/MusikkreisAlfter\/?page_id=1520\">Unsere Aktivit\u00e4ten in 2013<\/a><\/li>\n<li class=\"page_item page-item-1771\"><a href=\"http:\/\/dm-web.de\/MusikkreisAlfter\/?page_id=1771\">Unsere Aktivit\u00e4ten in 2014<\/a><\/li>\n<li class=\"page_item page-item-2131\"><a href=\"http:\/\/dm-web.de\/MusikkreisAlfter\/?page_id=2131\">Unsere Aktivit\u00e4ten in 2015<\/a><\/li>\n<li class=\"page_item page-item-2594\"><a href=\"http:\/\/dm-web.de\/MusikkreisAlfter\/?page_id=2594\">Unsere Aktivit\u00e4ten in 2016<\/a><\/li>\n<li class=\"page_item page-item-2594\"><a href=\"http:\/\/dm-web.de\/MusikkreisAlfter\/?page_id=3044\">Unsere Aktivit\u00e4ten in 2017<\/a><\/li>\n<li class=\"page_item page-item-2594\"><a href=\"http:\/\/dm-web.de\/MusikkreisAlfter\/?page_id=3344\">Unsere Aktivit\u00e4ten in 2018<\/a><\/li>\n<li class=\"page_item page-item-2594\"><a href=\"http:\/\/dm-web.de\/MusikkreisAlfter\/?page_id=3709\">Unsere Aktivit\u00e4ten in 2019<\/a><\/li>\n<li class=\"page_item page-item-2594\"><a href=\"http:\/\/dm-web.de\/MusikkreisAlfter\/?page_id=3991\">Unsere Aktivit\u00e4ten in 2020<\/a><\/li>\n<li class=\"page_item page-item-2594\"><a href=\"http:\/\/dm-web.de\/MusikkreisAlfter\/?page_id=4267\">Unsere Aktivit\u00e4ten in 2021<\/a><\/li>\n<li class=\"page_item page-item-2594\"><a href=\"http:\/\/dm-web.de\/MusikkreisAlfter\/?page_id=4487\">Unsere Aktivit\u00e4ten in 2022<\/a><\/li>\n<li class=\"page_item page-item-2594\"><a href=\"http:\/\/dm-web.de\/MusikkreisAlfter\/?page_id=4810\">Unsere Aktivit\u00e4ten in 2023<\/a><\/li>\n<li class=\"page_item page-item-2594\"><a href=\"http:\/\/dm-web.de\/MusikkreisAlfter\/?page_id=5101\">Unsere Aktivit\u00e4ten in 2024<\/a><\/li>\n<li class=\"page_item page-item-2594\"><a href=\"http:\/\/dm-web.de\/MusikkreisAlfter\/?page_id=5392\">Unsere Aktivit\u00e4ten in 2025<\/a><\/li>\n<\/ul>\n<p>&nbsp;<\/p>\n","protected":false},"excerpt":{"rendered":"<p>Hier ist der \u00dcberblick \u00fcber unsere Aktivit\u00e4ten in zur\u00fcckliegenden Jahren: &nbsp; Unsere Aktivit\u00e4ten in 2008 Unsere Aktivit\u00e4ten in 2009 Unsere Aktivit\u00e4ten in 2010 Unsere Aktivit\u00e4ten in 2011 Unsere Aktivit\u00e4ten in 2012 Unsere Aktivit\u00e4ten in 2013 Unsere Aktivit\u00e4ten in 2014 Unsere Aktivit\u00e4ten in 2015 Unsere Aktivit\u00e4ten in 2016 Unsere Aktivit\u00e4ten in 2017 Unsere Aktivit\u00e4ten in 2018 [&hellip;]<\/p>\n","protected":false},"author":2,"featured_media":0,"parent":0,"menu_order":0,"comment_status":"closed","ping_status":"closed","template":"","meta":{"ngg_post_thumbnail":0,"footnotes":""},"class_list":["post-2340","page","type-page","status-publish","hentry"],"_links":{"self":[{"href":"https:\/\/www.dm-web.de\/MusikkreisAlfter\/index.php?rest_route=\/wp\/v2\/pages\/2340","targetHints":{"allow":["GET"]}}],"collection":[{"href":"https:\/\/www.dm-web.de\/MusikkreisAlfter\/index.php?rest_route=\/wp\/v2\/pages"}],"about":[{"href":"https:\/\/www.dm-web.de\/MusikkreisAlfter\/index.php?rest_route=\/wp\/v2\/types\/page"}],"author":[{"embeddable":true,"href":"https:\/\/www.dm-web.de\/MusikkreisAlfter\/index.php?rest_route=\/wp\/v2\/users\/2"}],"replies":[{"embeddable":true,"href":"https:\/\/www.dm-web.de\/MusikkreisAlfter\/index.php?rest_route=%2Fwp%2Fv2%2Fcomments&post=2340"}],"version-history":[{"count":8,"href":"https:\/\/www.dm-web.de\/MusikkreisAlfter\/index.php?rest_route=\/wp\/v2\/pages\/2340\/revisions"}],"predecessor-version":[{"id":5394,"href":"https:\/\/www.dm-web.de\/MusikkreisAlfter\/index.php?rest_route=\/wp\/v2\/pages\/2340\/revisions\/5394"}],"wp:attachment":[{"href":"https:\/\/www.dm-web.de\/MusikkreisAlfter\/index.php?rest_route=%2Fwp%2Fv2%2Fmedia&parent=2340"}],"curies":[{"name":"wp","href":"https:\/\/api.w.org\/{rel}","templated":true}]}}