{"id":2594,"date":"2016-01-01T01:00:37","date_gmt":"2016-01-01T00:00:37","guid":{"rendered":"http:\/\/dm-web.de\/MusikkreisAlfter\/?page_id=2594"},"modified":"2017-01-09T00:50:33","modified_gmt":"2017-01-08T23:50:33","slug":"unsere-aktivitaeten-in-2016","status":"publish","type":"page","link":"https:\/\/www.dm-web.de\/MusikkreisAlfter\/?page_id=2594","title":{"rendered":"Unsere Aktivit\u00e4ten in 2016"},"content":{"rendered":"<h3>Unsere durchgef\u00fchrten Aktivit\u00e4ten in 2016<\/h3>\n<table style=\"border-collapse: collapse; border: 1px solid;\" border=\"1\" width=\"100%\" rules=\"all\" cellspacing=\"0\" cellpadding=\"6\">\n<tbody>\n<tr>\n<td bgcolor=\"#ccff99\">Tag<\/td>\n<td bgcolor=\"#ccff99\">Datum<\/td>\n<td bgcolor=\"#ccff99\" width=\"58\"><span style=\"color: #0066ff;\">Treffen <\/span><\/td>\n<td bgcolor=\"#ccff99\" width=\"59\">Beginn<\/td>\n<td bgcolor=\"#ccff99\"><\/td>\n<td bgcolor=\"#ccff99\">Messe<\/td>\n<\/tr>\n<tr>\n<td align=\"left\" valign=\"top\"><b>Di<\/b><\/td>\n<td align=\"left\" valign=\"top\"><b>24.12.2016<\/b><\/td>\n<td align=\"right\" valign=\"top\"><span style=\"color: #0000ff;\"><b>16:00h<\/b><\/span><\/td>\n<td align=\"right\" valign=\"top\"><b>17:00h<\/b><\/td>\n<td align=\"left\" valign=\"top\" height=\"16\"><\/td>\n<td align=\"left\" valign=\"top\" height=\"16\"><a href=\"http:\/\/www.dm-web.de\/MusikkreisAlfter\/?p=3021\"><b>Familienchristmette 2016<\/b><\/a><\/td>\n<\/tr>\n<tr>\n<td class=\"auto-style3\" align=\"left\" valign=\"top\"><\/td>\n<td class=\"auto-style3\" align=\"left\" valign=\"top\"><span style=\"color: #888888;\">24.12.2016<\/span><\/td>\n<td align=\"right\" valign=\"top\"><\/td>\n<td class=\"auto-style3\" align=\"right\" valign=\"top\"><span style=\"color: #888888;\">15:00h<\/span><\/td>\n<td align=\"left\" valign=\"top\" height=\"16\"><\/td>\n<td class=\"auto-style3\" align=\"left\" valign=\"top\" height=\"16\"><span style=\"color: #888888;\">Kinderkrippenfeier<strong> <span class=\"auto-style4\" style=\"color: #ff0000;\">(Nur Info \u2013 ohne Musikkreis)<\/span><\/strong><\/span><\/td>\n<\/tr>\n<tr>\n<td align=\"left\" valign=\"top\"><strong>So<\/strong><\/td>\n<td align=\"left\" valign=\"top\"><strong>04.12.2016<\/strong><\/td>\n<td align=\"right\" valign=\"top\"><span style=\"color: #0000ff;\"><strong>10:30h<\/strong><\/span><\/td>\n<td align=\"right\" valign=\"top\"><strong>11:00h<\/strong><\/td>\n<td align=\"left\" valign=\"top\" height=\"16\"><\/td>\n<td align=\"left\" valign=\"top\" height=\"16\"><a href=\"http:\/\/www.dm-web.de\/MusikkreisAlfter\/?p=3016\"><strong>Kleinkindergottesdienst zum 2. Advent im Pfarrheim mit gem\u00fctlichem Beisammensein<\/strong><\/a><\/td>\n<\/tr>\n<tr>\n<td align=\"left\" valign=\"top\"><strong>So<\/strong><\/td>\n<td align=\"left\" valign=\"top\"><strong>27.11.2016<\/strong><\/td>\n<td align=\"right\" valign=\"top\"><span style=\"color: #0000ff;\"><strong>8:30h<\/strong><\/span><\/td>\n<td align=\"right\" valign=\"top\"><strong>09:30h<\/strong><\/td>\n<td align=\"left\" valign=\"top\" height=\"16\"><\/td>\n<td align=\"left\" valign=\"top\" height=\"16\"><a href=\"http:\/\/www.dm-web.de\/MusikkreisAlfter\/?p=3015\"><strong>Familienmesse &#8222;Advent&#8220;<\/strong><\/a><\/td>\n<\/tr>\n<tr>\n<td align=\"left\" valign=\"top\"><strong>Sa<\/strong><\/td>\n<td align=\"left\" valign=\"top\"><strong>19.11.2015<\/strong><\/td>\n<td align=\"right\" valign=\"top\"><span style=\"color: #0000ff;\"><b>16:30h<\/b><\/span><\/td>\n<td align=\"right\" valign=\"top\"><strong>17:00h<\/strong><\/td>\n<td align=\"left\" valign=\"top\" height=\"16\"><span style=\"color: #ff0000;\"><strong>NEU<\/strong><\/span><\/td>\n<td align=\"left\" valign=\"top\" height=\"16\"><a href=\"http:\/\/www.dm-web.de\/MusikkreisAlfter\/?p=2998\"><strong>Kinderbibeltag 2016 &#8211; (Abschlussgottesdienst)<\/strong><\/a><\/td>\n<\/tr>\n<tr>\n<td align=\"left\" valign=\"top\"><strong>Sa<\/strong><\/td>\n<td align=\"left\" valign=\"top\"><strong>19.11.2015<\/strong><\/td>\n<td align=\"right\" valign=\"top\"><span style=\"color: #0000ff;\"><b>13:00h<\/b><\/span><\/td>\n<td align=\"right\" valign=\"top\"><strong>13:30h<\/strong><\/td>\n<td align=\"left\" valign=\"top\" height=\"16\"><span style=\"color: #ff0000;\"><strong>NEU<\/strong><\/span><\/td>\n<td align=\"left\" valign=\"top\" height=\"16\"><a href=\"http:\/\/www.dm-web.de\/MusikkreisAlfter\/?p=2998\"><strong>Kinderbibeltag 2016 &#8211; (nach dem Mittagessen)<\/strong><\/a><\/td>\n<\/tr>\n<tr>\n<td align=\"left\" valign=\"top\"><strong>So<\/strong><\/td>\n<td align=\"left\" valign=\"top\"><strong>30.10.2016<\/strong><\/td>\n<td align=\"right\" valign=\"top\"><span style=\"color: #0000ff;\"><strong>10:30h<\/strong><\/span><\/td>\n<td align=\"right\" valign=\"top\"><strong>11:00h<\/strong><\/td>\n<td align=\"left\" valign=\"top\" height=\"16\"><\/td>\n<td align=\"left\" valign=\"top\" height=\"16\"><strong><a href=\"http:\/\/www.dm-web.de\/MusikkreisAlfter\/?p=2962\">Kleinkindergottesdienst &#8222;krank sein &#8230;&#8220;<\/a><br \/>\n<\/strong><\/td>\n<\/tr>\n<tr>\n<td align=\"left\" valign=\"top\"><strong>Sa<\/strong><\/td>\n<td align=\"left\" valign=\"top\"><strong>29.10.2016<\/strong><\/td>\n<td align=\"right\" valign=\"top\"><span style=\"color: #0000ff;\"><strong>16:00h<\/strong><\/span><\/td>\n<td align=\"right\" valign=\"top\"><strong>17:00h<\/strong><\/td>\n<td align=\"left\" valign=\"top\" height=\"16\"><\/td>\n<td align=\"left\" valign=\"top\" height=\"16\"><a href=\"http:\/\/www.dm-web.de\/MusikkreisAlfter\/?p=2966\"><strong>Einf\u00fchrungsmesse der neuen Kommunionkinder<\/strong><\/a><\/td>\n<\/tr>\n<tr>\n<td align=\"left\" valign=\"top\"><strong>Mi<\/strong><\/td>\n<td align=\"left\" valign=\"top\"><strong>26.10.2016<\/strong><\/td>\n<td align=\"right\" valign=\"top\"><span style=\"color: #0000ff;\"><strong>18:00h<\/strong><\/span><\/td>\n<td align=\"right\" valign=\"top\"><strong>18:00h<\/strong><\/td>\n<td align=\"left\" valign=\"top\" height=\"16\"><\/td>\n<td align=\"left\" valign=\"top\" height=\"16\"><strong>Terminabsprache f\u00fcr 2016\/2017 im Pfarrheim, Garderobenraum<\/strong><\/td>\n<\/tr>\n<tr>\n<td align=\"left\" valign=\"top\"><strong>Sa<\/strong><\/td>\n<td align=\"left\" valign=\"top\"><strong>01.10.2016<\/strong><\/td>\n<td align=\"right\" valign=\"top\"><span style=\"color: #0000ff;\"><strong>16:00h<\/strong><\/span><\/td>\n<td align=\"right\" valign=\"top\"><strong>17:00h<\/strong><\/td>\n<td align=\"left\" valign=\"top\" height=\"16\"><\/td>\n<td align=\"left\" valign=\"top\" height=\"16\"><strong><a href=\"http:\/\/www.dm-web.de\/MusikkreisAlfter\/?p=2949\">Erntedankgottesdienst bei Gartenbau Hennes<\/a><br \/>\n<\/strong><\/td>\n<\/tr>\n<tr>\n<td align=\"left\" valign=\"top\"><strong>So<\/strong><\/td>\n<td align=\"left\" valign=\"top\"><strong>25.09.2016<\/strong><\/td>\n<td align=\"right\" valign=\"top\"><span style=\"color: #0000ff;\"><strong>10:30h<\/strong><\/span><\/td>\n<td align=\"right\" valign=\"top\"><strong>11:00h<\/strong><\/td>\n<td align=\"left\" valign=\"top\" height=\"16\"><\/td>\n<td align=\"left\" valign=\"top\" height=\"16\"><strong><a href=\"http:\/\/www.dm-web.de\/MusikkreisAlfter\/?p=2937\">Kleinkindergottesdienst &#8222;Gott sorgt f\u00fcr uns&#8220;<\/a><br \/>\n<\/strong><del><span style=\"color: #ff0000;\">(Herbstmarkt der Jugend &#8211; f\u00e4llt aus)<\/span><\/del><strong><br \/>\n<\/strong><\/td>\n<\/tr>\n<tr>\n<td align=\"left\" valign=\"top\"><strong>So<\/strong><\/td>\n<td align=\"left\" valign=\"top\"><strong>04.09.2016<\/strong><\/td>\n<td align=\"right\" valign=\"top\"><span style=\"color: #0000ff;\"><strong>10:30h<\/strong><\/span><\/td>\n<td align=\"right\" valign=\"top\"><strong>11:00h<\/strong><\/td>\n<td align=\"left\" valign=\"top\" height=\"16\"><\/td>\n<td align=\"left\" valign=\"top\" height=\"16\"><strong><a href=\"http:\/\/www.dm-web.de\/MusikkreisAlfter\/?p=2925\">Kleinkindergottesdienst &#8222;<span class=\"x_x_x_x_x_ecxApple-style-span\">Jesus will unser Freund sein<\/span>&#8222;<\/a><br \/>\n<\/strong><\/td>\n<\/tr>\n<tr>\n<td align=\"left\" valign=\"top\"><span style=\"color: #999999;\">So<\/span><\/td>\n<td align=\"left\" valign=\"top\"><span style=\"color: #999999;\">21.08.2016<\/span><\/td>\n<td align=\"right\" valign=\"top\"><\/td>\n<td align=\"right\" valign=\"top\"><span style=\"color: #999999;\">??:00h<\/span><\/td>\n<td align=\"left\" valign=\"top\" height=\"16\"><\/td>\n<td align=\"left\" valign=\"top\" height=\"16\"><span style=\"color: #999999;\">Kr\u00e4uterweihe <strong><span style=\"color: #ff0000;\">(Nur Info \u2013 ohne Musikkreis)<\/span><\/strong><\/span><\/td>\n<\/tr>\n<tr>\n<td align=\"left\" valign=\"top\"><strong>So<\/strong><\/td>\n<td align=\"left\" valign=\"top\"><strong>03.07.2016<\/strong><\/td>\n<td align=\"right\" valign=\"top\"><span style=\"color: #0000ff;\"><strong>8:30h<\/strong><\/span><\/td>\n<td align=\"right\" valign=\"top\"><strong>09:30h<\/strong><\/td>\n<td align=\"left\" valign=\"top\" height=\"16\"><\/td>\n<td align=\"left\" valign=\"top\" height=\"16\"><a href=\"http:\/\/www.dm-web.de\/MusikkreisAlfter\/?p=2902\"><strong>Familienmesse &#8222;Fu\u00dfball EM 2016&#8220;<\/strong><\/a><\/td>\n<\/tr>\n<tr>\n<td align=\"left\" valign=\"top\"><strong>So<\/strong><\/td>\n<td align=\"left\" valign=\"top\"><strong>19.06.2016<\/strong><\/td>\n<td align=\"right\" valign=\"top\"><span style=\"color: #0000ff;\"><strong>10:30h<\/strong><\/span><\/td>\n<td align=\"right\" valign=\"top\"><strong>11:00h<\/strong><\/td>\n<td align=\"left\" valign=\"top\" height=\"16\"><\/td>\n<td align=\"left\" valign=\"top\" height=\"16\"><strong><a href=\"http:\/\/www.dm-web.de\/MusikkreisAlfter\/?p=2891\">Kleinkindergottesdienst &#8222;Gott ist bei Dir&#8230;&#8220;<\/a><br \/>\n<\/strong><\/td>\n<\/tr>\n<tr>\n<td align=\"left\" valign=\"top\"><span style=\"color: #999999;\">So<\/span><\/td>\n<td align=\"left\" valign=\"top\"><span style=\"color: #999999;\">12.06.2016<\/span><\/td>\n<td align=\"right\" valign=\"top\"><\/td>\n<td align=\"right\" valign=\"top\"><span style=\"color: #999999;\">15:00h<\/span><\/td>\n<td align=\"left\" valign=\"top\" height=\"16\"><\/td>\n<td align=\"left\" valign=\"top\" height=\"16\"><span style=\"color: #999999;\">\u00d6kumenischer Gottesdienst im Jakob-Wahlen-Park (mit Chor Grenzenlos) <strong><span style=\"color: #ff0000;\">(Nur Info \u2013 ohne Musikkreis)<\/span><\/strong><\/span><\/td>\n<\/tr>\n<tr>\n<td align=\"left\" valign=\"top\"><strong>So<\/strong><\/td>\n<td align=\"left\" valign=\"top\"><strong>22.05.2016<\/strong><\/td>\n<td align=\"right\" valign=\"top\"><span style=\"color: #0000ff;\"><strong>10:30h<\/strong><\/span><\/td>\n<td align=\"right\" valign=\"top\"><strong>11:00h<\/strong><\/td>\n<td align=\"left\" valign=\"top\" height=\"16\"><\/td>\n<td align=\"left\" valign=\"top\" height=\"16\"><strong><a href=\"http:\/\/www.dm-web.de\/MusikkreisAlfter\/?p=2869\">Kleinkindergottesdienst &#8222;Einander helfen&#8220;<\/a><br \/>\n<\/strong><\/td>\n<\/tr>\n<tr>\n<td align=\"left\" valign=\"top\"><strong>So<\/strong><\/td>\n<td align=\"left\" valign=\"top\"><strong>22.05.2016<\/strong><\/td>\n<td align=\"right\" valign=\"top\"><span style=\"color: #0000ff;\"><strong>8:30h<\/strong><\/span><\/td>\n<td align=\"right\" valign=\"top\"><strong>09:30h<\/strong><\/td>\n<td align=\"left\" valign=\"top\" height=\"16\"><\/td>\n<td align=\"left\" valign=\"top\" height=\"16\"><a href=\"http:\/\/www.dm-web.de\/MusikkreisAlfter\/?p=2863\"><strong>Familienmesse &#8222;Ganz einfach&#8220;<\/strong><\/a><\/td>\n<\/tr>\n<tr>\n<td align=\"left\" valign=\"top\"><strong>So<\/strong><\/td>\n<td align=\"left\" valign=\"top\"><strong>10.04.2016<\/strong><\/td>\n<td align=\"right\" valign=\"top\"><span style=\"color: #0000ff;\"><strong>10:30h<\/strong><\/span><\/td>\n<td align=\"right\" valign=\"top\"><strong>11:00h<\/strong><\/td>\n<td align=\"left\" valign=\"top\" height=\"16\"><\/td>\n<td align=\"left\" valign=\"top\" height=\"16\"><strong><a href=\"http:\/\/www.dm-web.de\/MusikkreisAlfter\/?p=2846\">Kleinkindergottesdienst &#8222;Gott l\u00e4sst alles wachsen&#8220;<\/a><br \/>\n<\/strong><\/td>\n<\/tr>\n<tr>\n<td align=\"left\" valign=\"top\"><strong>So<\/strong><\/td>\n<td align=\"left\" valign=\"top\"><strong>03.04.2016<\/strong><\/td>\n<td align=\"right\" valign=\"top\"><span style=\"color: #0000ff;\"><strong>09:50h<\/strong><\/span><\/td>\n<td align=\"right\" valign=\"top\"><strong>11:00h<\/strong><\/td>\n<td align=\"left\" valign=\"top\" height=\"16\"><\/td>\n<td align=\"left\" valign=\"top\" height=\"16\"><strong><a href=\"http:\/\/www.dm-web.de\/MusikkreisAlfter\/?p=2829\">Erstkommunionmesse 2016 (mit Chor und Musikkreis)<\/a><\/strong><\/td>\n<\/tr>\n<tr>\n<td align=\"left\" valign=\"top\"><strong>Do<\/strong><\/td>\n<td align=\"left\" valign=\"top\"><strong>31.03.2016<\/strong><\/td>\n<td align=\"right\" valign=\"top\"><strong><span style=\"color: #0000ff;\">18:30h<\/span><\/strong><\/td>\n<td align=\"right\" valign=\"top\"><strong>18:30h<\/strong><\/td>\n<td align=\"left\" valign=\"top\" height=\"16\"><\/td>\n<td align=\"left\" valign=\"top\" height=\"16\"><strong><a href=\"http:\/\/www.dm-web.de\/MusikkreisAlfter\/?p=2829\">Probe f\u00fcr Erstkommunionmesse erst MK, sp\u00e4ter mit Chor<\/a><\/strong><\/td>\n<\/tr>\n<tr>\n<td align=\"left\" valign=\"top\"><strong>So<\/strong><\/td>\n<td align=\"left\" valign=\"top\"><strong>06.03.2016<\/strong><\/td>\n<td align=\"right\" valign=\"top\"><span style=\"color: #0000ff;\"><strong>10:30h<\/strong><\/span><\/td>\n<td align=\"right\" valign=\"top\"><strong>11:00h<\/strong><\/td>\n<td align=\"left\" valign=\"top\" height=\"16\"><\/td>\n<td align=\"left\" valign=\"top\" height=\"16\"><strong><a href=\"http:\/\/www.dm-web.de\/MusikkreisAlfter\/?p=2814\">Kleinkindergottesdienst &#8222;Schmecken&#8220;<\/a><br \/>\n<\/strong><\/td>\n<\/tr>\n<tr>\n<td align=\"left\" valign=\"top\"><strong>So<\/strong><\/td>\n<td align=\"left\" valign=\"top\"><strong>14.02.2016<\/strong><\/td>\n<td align=\"right\" valign=\"top\"><strong><span style=\"color: #0000ff;\">10:30h<\/span><\/strong><\/td>\n<td align=\"right\" valign=\"top\"><strong>11:00h<\/strong><\/td>\n<td align=\"left\" valign=\"top\" height=\"16\"><\/td>\n<td align=\"left\" valign=\"top\" height=\"16\"><strong><a href=\"http:\/\/www.dm-web.de\/MusikkreisAlfter\/?p=2776\">Kleinkindergottesdienst &#8222;H\u00f6ren&#8220;<\/a><br \/>\n<\/strong><\/td>\n<\/tr>\n<tr>\n<td align=\"left\" valign=\"top\"><strong>Sa<\/strong><\/td>\n<td align=\"left\" valign=\"top\"><strong>30.01.2016<\/strong><\/td>\n<td align=\"right\" valign=\"top\"><span style=\"color: #0000ff;\"><strong>16:00h<\/strong><\/span><\/td>\n<td align=\"right\" valign=\"top\"><strong>17:00h<\/strong><\/td>\n<td align=\"left\" valign=\"top\" height=\"16\"><\/td>\n<td align=\"left\" valign=\"top\" height=\"16\"><strong><a href=\"http:\/\/www.dm-web.de\/MusikkreisAlfter\/?p=2598\">Karnevalsmesse 2016<\/a><\/strong><\/td>\n<\/tr>\n<tr>\n<td align=\"left\" valign=\"top\"><strong>So<\/strong><\/td>\n<td align=\"left\" valign=\"top\"><strong>24.01.2016<\/strong><\/td>\n<td align=\"right\" valign=\"top\"><strong><span style=\"color: #0000ff;\">10:30h<\/span><\/strong><\/td>\n<td align=\"right\" valign=\"top\"><strong>11:00h<\/strong><\/td>\n<td align=\"left\" valign=\"top\" height=\"16\"><\/td>\n<td align=\"left\" valign=\"top\" height=\"16\"><strong><a href=\"http:\/\/www.dm-web.de\/MusikkreisAlfter\/?p=2604\">Kleinkindergottesdienst &#8222;Sehen&#8220;<\/a><br \/>\n<\/strong><\/td>\n<\/tr>\n<tr>\n<td align=\"left\" valign=\"top\"><span style=\"color: #999999;\">Sa<\/span><\/td>\n<td align=\"left\" valign=\"top\"><span style=\"color: #999999;\">09.01.2016<\/span><\/td>\n<td align=\"right\" valign=\"top\"><\/td>\n<td align=\"right\" valign=\"top\"><span style=\"color: #999999;\">17:00h<\/span><\/td>\n<td align=\"left\" valign=\"top\" height=\"16\"><\/td>\n<td align=\"left\" valign=\"top\" height=\"16\"><span style=\"color: #999999;\">R\u00fcckkehr der Sternsinger <strong><span style=\"color: #ff0000;\">(Nur Info \u2013 ohne Musikkreis)<\/span><\/strong><\/span><\/td>\n<\/tr>\n<\/tbody>\n<\/table>\n","protected":false},"excerpt":{"rendered":"<p>Unsere durchgef\u00fchrten Aktivit\u00e4ten in 2016 Tag Datum Treffen Beginn Messe Di 24.12.2016 16:00h 17:00h Familienchristmette 2016 24.12.2016 15:00h Kinderkrippenfeier (Nur Info \u2013 ohne Musikkreis) So 04.12.2016 10:30h 11:00h Kleinkindergottesdienst zum 2. Advent im Pfarrheim mit gem\u00fctlichem Beisammensein So 27.11.2016 8:30h 09:30h Familienmesse &#8222;Advent&#8220; Sa 19.11.2015 16:30h 17:00h NEU Kinderbibeltag 2016 &#8211; (Abschlussgottesdienst) Sa 19.11.2015 13:00h [&hellip;]<\/p>\n","protected":false},"author":2,"featured_media":0,"parent":0,"menu_order":0,"comment_status":"closed","ping_status":"closed","template":"","meta":{"ngg_post_thumbnail":0,"footnotes":""},"class_list":["post-2594","page","type-page","status-publish","hentry"],"_links":{"self":[{"href":"https:\/\/www.dm-web.de\/MusikkreisAlfter\/index.php?rest_route=\/wp\/v2\/pages\/2594","targetHints":{"allow":["GET"]}}],"collection":[{"href":"https:\/\/www.dm-web.de\/MusikkreisAlfter\/index.php?rest_route=\/wp\/v2\/pages"}],"about":[{"href":"https:\/\/www.dm-web.de\/MusikkreisAlfter\/index.php?rest_route=\/wp\/v2\/types\/page"}],"author":[{"embeddable":true,"href":"https:\/\/www.dm-web.de\/MusikkreisAlfter\/index.php?rest_route=\/wp\/v2\/users\/2"}],"replies":[{"embeddable":true,"href":"https:\/\/www.dm-web.de\/MusikkreisAlfter\/index.php?rest_route=%2Fwp%2Fv2%2Fcomments&post=2594"}],"version-history":[{"count":21,"href":"https:\/\/www.dm-web.de\/MusikkreisAlfter\/index.php?rest_route=\/wp\/v2\/pages\/2594\/revisions"}],"predecessor-version":[{"id":3100,"href":"https:\/\/www.dm-web.de\/MusikkreisAlfter\/index.php?rest_route=\/wp\/v2\/pages\/2594\/revisions\/3100"}],"wp:attachment":[{"href":"https:\/\/www.dm-web.de\/MusikkreisAlfter\/index.php?rest_route=%2Fwp%2Fv2%2Fmedia&parent=2594"}],"curies":[{"name":"wp","href":"https:\/\/api.w.org\/{rel}","templated":true}]}}