{"id":4267,"date":"2021-04-09T23:34:18","date_gmt":"2021-04-09T22:34:18","guid":{"rendered":"https:\/\/www.dm-web.de\/MusikkreisAlfter\/?page_id=4267"},"modified":"2022-01-20T19:41:25","modified_gmt":"2022-01-20T18:41:25","slug":"unsere-aktivitaeten-2021","status":"publish","type":"page","link":"https:\/\/www.dm-web.de\/MusikkreisAlfter\/?page_id=4267","title":{"rendered":"Unsere Aktivit\u00e4ten in 2021"},"content":{"rendered":"<h3>Unsere durchgef\u00fchrten Aktivit\u00e4ten in 2021<\/h3>\n<script type=\"text\/javascript\">(function () {\n if (window.addtocalendar)if(typeof window.addtocalendar.start == \"function\")return;\n if (window.ifaddtocalendar == undefined) { window.ifaddtocalendar = 1;\n   var d = document, s = d.createElement('script'), g = 'getElementsByTagName';\n   s.type = 'text\/javascript';s.charset = 'UTF-8';s.async = true;\n   s.src = ('https:' == window.location.protocol ? 'https' : 'http')+':\/\/addtocalendar.com\/atc\/1.5\/atc.min.js';\n   var h = d[g]('body')[0];h.appendChild(s); }})();\n<\/script>\n\n<table style=\"border-collapse: collapse; border: 1px solid;\" border=\"1\" width=\"100%\" rules=\"all\" cellspacing=\"0\" cellpadding=\"6\">\n<tbody>\n<tr>\n<td bgcolor=\"#ccff99\">Tag<\/td>\n<td bgcolor=\"#ccff99\">Datum<\/td>\n<td bgcolor=\"#ccff99\" width=\"58\"><span style=\"color: #0066ff;\">Treffen <\/span><\/td>\n<td bgcolor=\"#ccff99\" width=\"59\">Beginn<\/td>\n<td bgcolor=\"#ccff99\"><\/td>\n<td bgcolor=\"#ccff99\">Messe<\/td>\n<td bgcolor=\"#ccff99\" width=\"60\">Termin<\/td>\n<\/tr>\n<p><tr><td align=\"left\" valign=\"top\" height=\"16\"><strong><span style=\"color:#000000;\">Fr<\/span><\/strong><\/td><td align=\"left\" valign=\"top\" height=\"16\"><strong><span style=\"color:#000000;\">24.12.2021<\/span><\/strong><\/td><td align=\"right\" valign=\"top\" height=\"16\"><strong><span style=\"color:#0000ff;\">16:00h<\/span><\/strong><\/td><td align=\"right\" valign=\"top\" height=\"16\"><strong><span style=\"color:#000000;\">17:00h<\/span><\/strong><\/td><td align=\"left\" valign=\"top\" height=\"16\"><strong><span style=\"color:#000000;\"><\/span><\/strong><\/td><td align=\"left\" valign=\"top\" height=\"16\"><strong><span style=\"color:#000000;\"><a href=\"?p=4441\"><b>Familiengottesdienst Weihnachten<\/b><\/a><\/span><\/strong><\/td><td align=\"left\" valign=\"top\" height=\"16\"><span style=\"color:;\"><span class=\"addtocalendar atc-style-blue\" id=\"atc_btn_blue\">            <a class=\"atcb-link\">Termin<\/a>    <var class=\"atc_event\">        <var class=\"atc_date_start\">2021-12-24 16:00:00<\/var>        <var class=\"atc_date_end\">2021-12-24 18:30:00 <\/var>        <var class=\"atc_timezone\">Europe\/Berlin<\/var>        <var class=\"atc_title\">17:00h  [MK-Alfter] Familiengottesdienst Weihnachten  (Treffen: 16:00h)<\/var>        <var class=\"atc_description\">17:00h  [MK-Alfter] Familiengottesdienst Weihnachten  (Treffen: 16:00h)<\/var>        <var class=\"atc_location\">Alfter St. Matth\u00e4us<\/var>        <var class=\"atc_organizer\">Musikkreis St. Matth\u00e4us Alfter<\/var>        <var class=\"atc_organizer_email\"><\/var>    <\/var><\/span><\/span><\/td><\/tr><tr><td align=\"left\" valign=\"top\" height=\"16\"><strong><span style=\"color:#000000;\">Sa<\/span><\/strong><\/td><td align=\"left\" valign=\"top\" height=\"16\"><strong><span style=\"color:#000000;\">11.12.2021<\/span><\/strong><\/td><td align=\"right\" valign=\"top\" height=\"16\"><strong><span style=\"color:#0000ff;\">16:00h<\/span><\/strong><\/td><td align=\"right\" valign=\"top\" height=\"16\"><strong><span style=\"color:#000000;\">17:00h<\/span><\/strong><\/td><td align=\"left\" valign=\"top\" height=\"16\"><strong><span style=\"color:#000000;\"><\/span><\/strong><\/td><td align=\"left\" valign=\"top\" height=\"16\"><strong><span style=\"color:#000000;\"><a href=\"?p=4411\"><b>Familiengottesdienst zum 3. Advent<\/b><\/a><\/span><\/strong>   <strong><span style=\"color: #ff0000;\">&nbsp;&nbsp;Neuer Termin<\/span><\/strong><\/td><td align=\"left\" valign=\"top\" height=\"16\"><span style=\"color:;\"><span class=\"addtocalendar atc-style-blue\" id=\"atc_btn_blue\">            <a class=\"atcb-link\">Termin<\/a>    <var class=\"atc_event\">        <var class=\"atc_date_start\">2021-12-11 16:00:00<\/var>        <var class=\"atc_date_end\">2021-12-11 18:30:00 <\/var>        <var class=\"atc_timezone\">Europe\/Berlin<\/var>        <var class=\"atc_title\">17:00h  [MK-Alfter] Familiengottesdienst zum 3. Advent  (Treffen: 16:00h)<\/var>        <var class=\"atc_description\">17:00h  [MK-Alfter] Familiengottesdienst zum 3. Advent  (Treffen: 16:00h)  \\r\\n&nbsp;&nbsp;Neuer Termin<\/var>        <var class=\"atc_location\">Alfter St. Matth\u00e4us<\/var>        <var class=\"atc_organizer\">Musikkreis St. Matth\u00e4us Alfter<\/var>        <var class=\"atc_organizer_email\"><\/var>    <\/var><\/span><\/span><\/td><\/tr><tr><td align=\"left\" valign=\"top\" height=\"16\"><strong><span style=\"color:#000000;\">So<\/span><\/strong><\/td><td align=\"left\" valign=\"top\" height=\"16\"><strong><span style=\"color:#000000;\">28.11.2021<\/span><\/strong><\/td><td align=\"right\" valign=\"top\" height=\"16\"><strong><span style=\"color:#0000ff;\">10:30h<\/span><\/strong><\/td><td align=\"right\" valign=\"top\" height=\"16\"><strong><span style=\"color:#000000;\">11:00h<\/span><\/strong><\/td><td align=\"left\" valign=\"top\" height=\"16\"><strong><span style=\"color:#000000;\"><\/span><\/strong><\/td><td align=\"left\" valign=\"top\" height=\"16\"><strong><span style=\"color:#000000;\"><a href=\"?p=4403\"><b>Kleinkindergottesdienst &quot;Advent - wir warten auf Weihnachten &quot;<\/b><\/a><\/span><\/strong>   <strong><span style=\"color: #ff0000;\">&nbsp;&nbsp;im Pfarrheim<\/span><\/strong><\/td><td align=\"left\" valign=\"top\" height=\"16\"><span style=\"color:;\"><span class=\"addtocalendar atc-style-blue\" id=\"atc_btn_blue\">            <a class=\"atcb-link\">Termin<\/a>    <var class=\"atc_event\">        <var class=\"atc_date_start\">2021-11-28 10:30:00<\/var>        <var class=\"atc_date_end\">2021-11-28 12:30:00 <\/var>        <var class=\"atc_timezone\">Europe\/Berlin<\/var>        <var class=\"atc_title\">11:00h  [MK-Alfter] Kleinkindergottesdienst  (Treffen: 10:30h)<\/var>        <var class=\"atc_description\">11:00h  [MK-Alfter] Kleinkindergottesdienst  (Treffen: 10:30h)  \\r\\n&nbsp;&nbsp;im Pfarrheim<\/var>        <var class=\"atc_location\">Alfter St. Matth\u00e4us<\/var>        <var class=\"atc_organizer\">Musikkreis St. Matth\u00e4us Alfter<\/var>        <var class=\"atc_organizer_email\"><\/var>    <\/var><\/span><\/span><\/td><\/tr><tr><td align=\"left\" valign=\"top\" height=\"16\"><strong><span style=\"color:#000000;\">So<\/span><\/strong><\/td><td align=\"left\" valign=\"top\" height=\"16\"><strong><span style=\"color:#000000;\">07.11.2021<\/span><\/strong><\/td><td align=\"right\" valign=\"top\" height=\"16\"><strong><span style=\"color:#0000ff;\">10:30h<\/span><\/strong><\/td><td align=\"right\" valign=\"top\" height=\"16\"><strong><span style=\"color:#000000;\">11:00h<\/span><\/strong><\/td><td align=\"left\" valign=\"top\" height=\"16\"><strong><span style=\"color:#000000;\"><\/span><\/strong><\/td><td align=\"left\" valign=\"top\" height=\"16\"><strong><span style=\"color:#000000;\"><a href=\"?p=4385\"><b>Kleinkindergottesdienst &quot;Jesus will dein Freund sein &quot;<\/b><\/a><\/span><\/strong>   <strong><span style=\"color: #ff0000;\">&nbsp;&nbsp;NEU<\/span><\/strong><\/td><td align=\"left\" valign=\"top\" height=\"16\"><span style=\"color:;\"><span class=\"addtocalendar atc-style-blue\" id=\"atc_btn_blue\">            <a class=\"atcb-link\">Termin<\/a>    <var class=\"atc_event\">        <var class=\"atc_date_start\">2021-11-07 10:30:00<\/var>        <var class=\"atc_date_end\">2021-11-07 12:30:00 <\/var>        <var class=\"atc_timezone\">Europe\/Berlin<\/var>        <var class=\"atc_title\">11:00h  [MK-Alfter] Kleinkindergottesdienst  (Treffen: 10:30h)<\/var>        <var class=\"atc_description\">11:00h  [MK-Alfter] Kleinkindergottesdienst  (Treffen: 10:30h)  \\r\\n&nbsp;&nbsp;NEU<\/var>        <var class=\"atc_location\">Alfter St. Matth\u00e4us<\/var>        <var class=\"atc_organizer\">Musikkreis St. Matth\u00e4us Alfter<\/var>        <var class=\"atc_organizer_email\"><\/var>    <\/var><\/span><\/span><\/td><\/tr><tr bgcolor=#bfc9ca><td align=\"left\" valign=\"top\" height=\"16\"><span style=\"color:#000000;\"><strike>Sa<\/strike><\/span><\/td><td align=\"left\" valign=\"top\" height=\"16\"><span style=\"color:#000000;\">06.11.2021<\/span><\/td><td align=\"right\" valign=\"top\" height=\"16\"><span style=\"color:#0000ff;\">16:00h<\/span><\/td><td align=\"right\" valign=\"top\" height=\"16\"><span style=\"color:#000000;\">17:00h<\/span><\/td><td align=\"left\" valign=\"top\" height=\"16\"><span style=\"color:#000000;\"><\/span><\/td><td align=\"left\" valign=\"top\" height=\"16\"><span style=\"color:#000000;\"><strike>Familiengottesdienst<\/strike><\/span>   <strong><span style=\"color: #ff0000;\">&nbsp;&nbsp;ACHTUNG: f\u00e4llt leider aus<\/span><\/strong><\/td><td align=\"left\" valign=\"top\" height=\"16\"><span style=\"color:;\"><span class=\"addtocalendar atc-style-blue\" id=\"atc_btn_blue\">            <a class=\"atcb-link\">Termin<\/a>    <var class=\"atc_event\">        <var class=\"atc_date_start\">2021-11-06 16:00:00<\/var>        <var class=\"atc_date_end\">2021-11-06 18:30:00 <\/var>        <var class=\"atc_timezone\">Europe\/Berlin<\/var>        <var class=\"atc_title\">17:00h  [MK-Alfter] <strike>Familiengottesdienst<\/strike>  (Treffen: 16:00h)<\/var>        <var class=\"atc_description\">17:00h  [MK-Alfter] <strike>Familiengottesdienst<\/strike>  (Treffen: 16:00h)  \\r\\n&nbsp;&nbsp;ACHTUNG: f\u00e4llt leider aus<\/var>        <var class=\"atc_location\">Alfter St. Matth\u00e4us<\/var>        <var class=\"atc_organizer\">Musikkreis St. Matth\u00e4us Alfter<\/var>        <var class=\"atc_organizer_email\"><\/var>    <\/var><\/span><\/span><\/td><\/tr><tr><td align=\"left\" valign=\"top\" height=\"16\"><strong><span style=\"color:#000000;\">Sa<\/span><\/strong><\/td><td align=\"left\" valign=\"top\" height=\"16\"><strong><span style=\"color:#000000;\">02.10.2021<\/span><\/strong><\/td><td align=\"right\" valign=\"top\" height=\"16\"><strong><span style=\"color:#0000ff;\">16:00h<\/span><\/strong><\/td><td align=\"right\" valign=\"top\" height=\"16\"><strong><span style=\"color:#000000;\">17:00h<\/span><\/strong><\/td><td align=\"left\" valign=\"top\" height=\"16\"><strong><span style=\"color:#000000;\"><\/span><\/strong><\/td><td align=\"left\" valign=\"top\" height=\"16\"><strong><span style=\"color:#000000;\"><a href=\"?p=4339\"><b>Erntedankgottesdienst 2021 (auf dem Hof Leyendecker)<\/b><\/a><\/span><\/strong><\/td><td align=\"left\" valign=\"top\" height=\"16\"><span style=\"color:;\"><span class=\"addtocalendar atc-style-blue\" id=\"atc_btn_blue\">            <a class=\"atcb-link\">Termin<\/a>    <var class=\"atc_event\">        <var class=\"atc_date_start\">2021-10-02 16:00:00<\/var>        <var class=\"atc_date_end\">2021-10-02 18:30:00 <\/var>        <var class=\"atc_timezone\">Europe\/Berlin<\/var>        <var class=\"atc_title\">17:00h  [MK-Alfter] Erntedankgottesdienst 2021 (auf dem Hof Leyendecker)  (Treffen: 16:00h)<\/var>        <var class=\"atc_description\">17:00h  [MK-Alfter] Erntedankgottesdienst 2021 (auf dem Hof Leyendecker)  (Treffen: 16:00h)<\/var>        <var class=\"atc_location\">Alfter St. Matth\u00e4us<\/var>        <var class=\"atc_organizer\">Musikkreis St. Matth\u00e4us Alfter<\/var>        <var class=\"atc_organizer_email\"><\/var>    <\/var><\/span><\/span><\/td><\/tr><tr><td align=\"left\" valign=\"top\" height=\"16\"><strong><span style=\"color:#000000;\">So<\/span><\/strong><\/td><td align=\"left\" valign=\"top\" height=\"16\"><strong><span style=\"color:#000000;\">05.09.2021<\/span><\/strong><\/td><td align=\"right\" valign=\"top\" height=\"16\"><strong><span style=\"color:#0000ff;\">08:30h<\/span><\/strong><\/td><td align=\"right\" valign=\"top\" height=\"16\"><strong><span style=\"color:#000000;\">09:30h<\/span><\/strong><\/td><td align=\"left\" valign=\"top\" height=\"16\"><strong><span style=\"color:#000000;\"><\/span><\/strong><\/td><td align=\"left\" valign=\"top\" height=\"16\"><strong><span style=\"color:#000000;\"><a href=\"?p=4312\"><b>Erstkommunionfeier 2021 - Gruppe1<\/b><\/a><\/span><\/strong><\/td><td align=\"left\" valign=\"top\" height=\"16\"><span style=\"color:;\"><span class=\"addtocalendar atc-style-blue\" id=\"atc_btn_blue\">            <a class=\"atcb-link\">Termin<\/a>    <var class=\"atc_event\">        <var class=\"atc_date_start\">2021-09-05 08:30:00<\/var>        <var class=\"atc_date_end\">2021-09-05 11:00:00 <\/var>        <var class=\"atc_timezone\">Europe\/Berlin<\/var>        <var class=\"atc_title\">09:30h  [MK-Alfter] Erstkommunionfeier 2021 - Gruppe1  (Treffen: 08:30h)<\/var>        <var class=\"atc_description\">09:30h  [MK-Alfter] Erstkommunionfeier 2021 - Gruppe1  (Treffen: 08:30h)<\/var>        <var class=\"atc_location\">Alfter St. Matth\u00e4us<\/var>        <var class=\"atc_organizer\">Musikkreis St. Matth\u00e4us Alfter<\/var>        <var class=\"atc_organizer_email\"><\/var>    <\/var><\/span><\/span><\/td><\/tr><tr><td align=\"left\" valign=\"top\" height=\"16\"><strong><span style=\"color:#000000;\">So<\/span><\/strong><\/td><td align=\"left\" valign=\"top\" height=\"16\"><strong><span style=\"color:#000000;\">05.09.2021<\/span><\/strong><\/td><td align=\"right\" valign=\"top\" height=\"16\"><strong><span style=\"color:#0000ff;\">10:30h<\/span><\/strong><\/td><td align=\"right\" valign=\"top\" height=\"16\"><strong><span style=\"color:#000000;\">11:30h<\/span><\/strong><\/td><td align=\"left\" valign=\"top\" height=\"16\"><strong><span style=\"color:#000000;\"><\/span><\/strong><\/td><td align=\"left\" valign=\"top\" height=\"16\"><strong><span style=\"color:#000000;\"><a href=\"?p=4312\"><b>Erstkommunionfeier 2021 - Gruppe2<\/b><\/a><\/span><\/strong><\/td><td align=\"left\" valign=\"top\" height=\"16\"><span style=\"color:;\"><span class=\"addtocalendar atc-style-blue\" id=\"atc_btn_blue\">            <a class=\"atcb-link\">Termin<\/a>    <var class=\"atc_event\">        <var class=\"atc_date_start\">2021-09-05 10:30:00<\/var>        <var class=\"atc_date_end\">2021-09-05 13:00:00 <\/var>        <var class=\"atc_timezone\">Europe\/Berlin<\/var>        <var class=\"atc_title\">11:30h  [MK-Alfter] Erstkommunionfeier 2021 - Gruppe2  (Treffen: 10:30h)<\/var>        <var class=\"atc_description\">11:30h  [MK-Alfter] Erstkommunionfeier 2021 - Gruppe2  (Treffen: 10:30h)<\/var>        <var class=\"atc_location\">Alfter St. Matth\u00e4us<\/var>        <var class=\"atc_organizer\">Musikkreis St. Matth\u00e4us Alfter<\/var>        <var class=\"atc_organizer_email\"><\/var>    <\/var><\/span><\/span><\/td><\/tr><tr><td align=\"left\" valign=\"top\" height=\"16\"><strong><span style=\"color:#000000;\">Sa<\/span><\/strong><\/td><td align=\"left\" valign=\"top\" height=\"16\"><strong><span style=\"color:#000000;\">04.09.2021<\/span><\/strong><\/td><td align=\"right\" valign=\"top\" height=\"16\"><strong><span style=\"color:#0000ff;\"><\/span><\/strong><\/td><td align=\"right\" valign=\"top\" height=\"16\"><strong><span style=\"color:#000000;\">17:00h<\/span><\/strong><\/td><td align=\"left\" valign=\"top\" height=\"16\"><strong><span style=\"color:#000000;\"><\/span><\/strong><\/td><td align=\"left\" valign=\"top\" height=\"16\"><strong><span style=\"color:#000000;\">Familiengottesdienst<\/span><\/strong>   <strong><span style=\"color: #ff0000;\">ohne Musikkreis - w. Kommunionmessen am Sonntag<\/span><\/strong><\/td><td align=\"left\" valign=\"top\" height=\"16\"><span style=\"color:;\"><span class=\"addtocalendar atc-style-blue\" id=\"atc_btn_blue\">            <a class=\"atcb-link\">Termin<\/a>    <var class=\"atc_event\">        <var class=\"atc_date_start\">2021-09-04 17:00:00<\/var>        <var class=\"atc_date_end\">2021-09-04 18:30:00 <\/var>        <var class=\"atc_timezone\">Europe\/Berlin<\/var>        <var class=\"atc_title\">17:00h  [MK-Alfter] Familiengottesdienst<\/var>        <var class=\"atc_description\">17:00h  [MK-Alfter] Familiengottesdienst  \\r\\nohne Musikkreis - w. Kommunionmessen am Sonntag<\/var>        <var class=\"atc_location\">Alfter St. Matth\u00e4us<\/var>        <var class=\"atc_organizer\">Musikkreis St. Matth\u00e4us Alfter<\/var>        <var class=\"atc_organizer_email\"><\/var>    <\/var><\/span><\/span><\/td><\/tr><tr><td align=\"left\" valign=\"top\" height=\"16\"><strong><span style=\"color:#000000;\">So<\/span><\/strong><\/td><td align=\"left\" valign=\"top\" height=\"16\"><strong><span style=\"color:#000000;\">27.06.2021<\/span><\/strong><\/td><td align=\"right\" valign=\"top\" height=\"16\"><strong><span style=\"color:#0000ff;\">10:00h<\/span><\/strong><\/td><td align=\"right\" valign=\"top\" height=\"16\"><strong><span style=\"color:#000000;\">11:00h<\/span><\/strong><\/td><td align=\"left\" valign=\"top\" height=\"16\"><strong><span style=\"color:#000000;\"><\/span><\/strong><\/td><td align=\"left\" valign=\"top\" height=\"16\"><strong><span style=\"color:#000000;\">Familien-Wortgottesdienst im Anna-Garten<\/span><\/strong><\/td><td align=\"left\" valign=\"top\" height=\"16\"><span style=\"color:;\"><span class=\"addtocalendar atc-style-blue\" id=\"atc_btn_blue\">            <a class=\"atcb-link\">Termin<\/a>    <var class=\"atc_event\">        <var class=\"atc_date_start\">2021-06-27 10:00:00<\/var>        <var class=\"atc_date_end\">2021-06-27 12:30:00 <\/var>        <var class=\"atc_timezone\">Europe\/Berlin<\/var>        <var class=\"atc_title\">11:00h  [MK-Alfter] Familien-Wortgottesdienst im Anna-Garten  (Treffen: 10:00h)<\/var>        <var class=\"atc_description\">11:00h  [MK-Alfter] Familien-Wortgottesdienst im Anna-Garten  (Treffen: 10:00h)<\/var>        <var class=\"atc_location\">Alfter St. Matth\u00e4us<\/var>        <var class=\"atc_organizer\">Musikkreis St. Matth\u00e4us Alfter<\/var>        <var class=\"atc_organizer_email\"><\/var>    <\/var><\/span><\/span><\/td><\/tr><tr><td align=\"left\" valign=\"top\" height=\"16\"><strong><span style=\"color:#000000;\">So<\/span><\/strong><\/td><td align=\"left\" valign=\"top\" height=\"16\"><strong><span style=\"color:#000000;\">16.05.2021<\/span><\/strong><\/td><td align=\"right\" valign=\"top\" height=\"16\"><strong><span style=\"color:#0000ff;\">10:20h<\/span><\/strong><\/td><td align=\"right\" valign=\"top\" height=\"16\"><strong><span style=\"color:#000000;\">11:00h<\/span><\/strong><\/td><td align=\"left\" valign=\"top\" height=\"16\"><strong><span style=\"color:#000000;\"><\/span><\/strong><\/td><td align=\"left\" valign=\"top\" height=\"16\"><strong><span style=\"color:#000000;\"><a href=\"?p=4284\"><b>Tauferinnerung Erstkommunionvorbereitung 2021 - Gruppe2<\/b><\/a><\/span><\/strong><\/td><td align=\"left\" valign=\"top\" height=\"16\"><span style=\"color:;\"><span class=\"addtocalendar atc-style-blue\" id=\"atc_btn_blue\">            <a class=\"atcb-link\">Termin<\/a>    <var class=\"atc_event\">        <var class=\"atc_date_start\">2021-05-16 10:20:00<\/var>        <var class=\"atc_date_end\">2021-05-16 12:30:00 <\/var>        <var class=\"atc_timezone\">Europe\/Berlin<\/var>        <var class=\"atc_title\">11:00h  [MK-Alfter] Tauferinnerung Erstkommunionvorbereitung 2021 - Gruppe2  (Treffen: 10:20h)<\/var>        <var class=\"atc_description\">11:00h  [MK-Alfter] Tauferinnerung Erstkommunionvorbereitung 2021 - Gruppe2  (Treffen: 10:20h)<\/var>        <var class=\"atc_location\">Alfter St. Matth\u00e4us<\/var>        <var class=\"atc_organizer\">Musikkreis St. Matth\u00e4us Alfter<\/var>        <var class=\"atc_organizer_email\"><\/var>    <\/var><\/span><\/span><\/td><\/tr><tr><td align=\"left\" valign=\"top\" height=\"16\"><strong><span style=\"color:#000000;\">Fr<\/span><\/strong><\/td><td align=\"left\" valign=\"top\" height=\"16\"><strong><span style=\"color:#000000;\">14.05.2021<\/span><\/strong><\/td><td align=\"right\" valign=\"top\" height=\"16\"><strong><span style=\"color:#0000ff;\">15:55h<\/span><\/strong><\/td><td align=\"right\" valign=\"top\" height=\"16\"><strong><span style=\"color:#000000;\">17:00h<\/span><\/strong><\/td><td align=\"left\" valign=\"top\" height=\"16\"><strong><span style=\"color:#000000;\"><\/span><\/strong><\/td><td align=\"left\" valign=\"top\" height=\"16\"><strong><span style=\"color:#000000;\"><a href=\"?p=4284\"><b>Tauferinnerung Erstkommunionvorbereitung 2021 - Gruppe1<\/b><\/a><\/span><\/strong><\/td><td align=\"left\" valign=\"top\" height=\"16\"><span style=\"color:;\"><span class=\"addtocalendar atc-style-blue\" id=\"atc_btn_blue\">            <a class=\"atcb-link\">Termin<\/a>    <var class=\"atc_event\">        <var class=\"atc_date_start\">2021-05-14 15:55:00<\/var>        <var class=\"atc_date_end\">2021-05-14 18:30:00 <\/var>        <var class=\"atc_timezone\">Europe\/Berlin<\/var>        <var class=\"atc_title\">17:00h  [MK-Alfter] Tauferinnerung Erstkommunionvorbereitung 2021 - Gruppe1  (Treffen: 15:55h)<\/var>        <var class=\"atc_description\">17:00h  [MK-Alfter] Tauferinnerung Erstkommunionvorbereitung 2021 - Gruppe1  (Treffen: 15:55h)<\/var>        <var class=\"atc_location\">Alfter St. Matth\u00e4us<\/var>        <var class=\"atc_organizer\">Musikkreis St. Matth\u00e4us Alfter<\/var>        <var class=\"atc_organizer_email\"><\/var>    <\/var><\/span><\/span><\/td><\/tr><tr><td align=\"left\" valign=\"top\" height=\"16\"><strong><span style=\"color:#000000;\">So<\/span><\/strong><\/td><td align=\"left\" valign=\"top\" height=\"16\"><strong><span style=\"color:#000000;\">25.04.2021<\/span><\/strong><\/td><td align=\"right\" valign=\"top\" height=\"16\"><strong><span style=\"color:#0000ff;\">10:20h<\/span><\/strong><\/td><td align=\"right\" valign=\"top\" height=\"16\"><strong><span style=\"color:#000000;\">11:00h<\/span><\/strong><\/td><td align=\"left\" valign=\"top\" height=\"16\"><strong><span style=\"color:#000000;\"><\/span><\/strong><\/td><td align=\"left\" valign=\"top\" height=\"16\"><strong><span style=\"color:#000000;\"><a href=\"?p=4237\"><b>Er\u00f6ffnung Erstkommunionvorbereitung 2021 - Gruppe1<\/b><\/a><\/span><\/strong><\/td><td align=\"left\" valign=\"top\" height=\"16\"><span style=\"color:;\"><span class=\"addtocalendar atc-style-blue\" id=\"atc_btn_blue\">            <a class=\"atcb-link\">Termin<\/a>    <var class=\"atc_event\">        <var class=\"atc_date_start\">2021-04-25 10:20:00<\/var>        <var class=\"atc_date_end\">2021-04-25 12:30:00 <\/var>        <var class=\"atc_timezone\">Europe\/Berlin<\/var>        <var class=\"atc_title\">11:00h  [MK-Alfter] Er\u00f6ffnung Erstkommunionvorbereitung 2021 - Gruppe1  (Treffen: 10:20h)<\/var>        <var class=\"atc_description\">11:00h  [MK-Alfter] Er\u00f6ffnung Erstkommunionvorbereitung 2021 - Gruppe1  (Treffen: 10:20h)<\/var>        <var class=\"atc_location\">Alfter St. Matth\u00e4us<\/var>        <var class=\"atc_organizer\">Musikkreis St. Matth\u00e4us Alfter<\/var>        <var class=\"atc_organizer_email\"><\/var>    <\/var><\/span><\/span><\/td><\/tr><tr><td align=\"left\" valign=\"top\" height=\"16\"><strong><span style=\"color:#000000;\">So<\/span><\/strong><\/td><td align=\"left\" valign=\"top\" height=\"16\"><strong><span style=\"color:#000000;\">25.04.2021<\/span><\/strong><\/td><td align=\"right\" valign=\"top\" height=\"16\"><strong><span style=\"color:#0000ff;\">16:20h<\/span><\/strong><\/td><td align=\"right\" valign=\"top\" height=\"16\"><strong><span style=\"color:#000000;\">17:00h<\/span><\/strong><\/td><td align=\"left\" valign=\"top\" height=\"16\"><strong><span style=\"color:#000000;\"><\/span><\/strong><\/td><td align=\"left\" valign=\"top\" height=\"16\"><strong><span style=\"color:#000000;\"><a href=\"?p=4237\"><b>Er\u00f6ffnung Erstkommunionvorbereitung 2021 - Gruppe2<\/b><\/a><\/span><\/strong><\/td><td align=\"left\" valign=\"top\" height=\"16\"><span style=\"color:;\"><span class=\"addtocalendar atc-style-blue\" id=\"atc_btn_blue\">            <a class=\"atcb-link\">Termin<\/a>    <var class=\"atc_event\">        <var class=\"atc_date_start\">2021-04-25 16:20:00<\/var>        <var class=\"atc_date_end\">2021-04-25 18:30:00 <\/var>        <var class=\"atc_timezone\">Europe\/Berlin<\/var>        <var class=\"atc_title\">17:00h  [MK-Alfter] Er\u00f6ffnung Erstkommunionvorbereitung 2021 - Gruppe2  (Treffen: 16:20h)<\/var>        <var class=\"atc_description\">17:00h  [MK-Alfter] Er\u00f6ffnung Erstkommunionvorbereitung 2021 - Gruppe2  (Treffen: 16:20h)<\/var>        <var class=\"atc_location\">Alfter St. Matth\u00e4us<\/var>        <var class=\"atc_organizer\">Musikkreis St. Matth\u00e4us Alfter<\/var>        <var class=\"atc_organizer_email\"><\/var>    <\/var><\/span><\/span><\/td><\/tr><\/p>\n<tr>\n<td align=\"left\" valign=\"top\"><\/td>\n<td align=\"left\" valign=\"top\"><\/td>\n<td align=\"right\" valign=\"top\"><\/td>\n<td align=\"right\" valign=\"top\"><\/td>\n<td align=\"left\" valign=\"top\" height=\"16\"><\/td>\n<td align=\"left\" valign=\"top\" height=\"16\"><\/td>\n<\/tr>\n<\/tbody>\n<\/table>\n","protected":false},"excerpt":{"rendered":"<p>Unsere durchgef\u00fchrten Aktivit\u00e4ten in 2021 Tag Datum Treffen Beginn Messe Termin<\/p>\n","protected":false},"author":2,"featured_media":0,"parent":0,"menu_order":0,"comment_status":"closed","ping_status":"closed","template":"","meta":{"ngg_post_thumbnail":0,"footnotes":""},"class_list":["post-4267","page","type-page","status-publish","hentry"],"_links":{"self":[{"href":"https:\/\/www.dm-web.de\/MusikkreisAlfter\/index.php?rest_route=\/wp\/v2\/pages\/4267","targetHints":{"allow":["GET"]}}],"collection":[{"href":"https:\/\/www.dm-web.de\/MusikkreisAlfter\/index.php?rest_route=\/wp\/v2\/pages"}],"about":[{"href":"https:\/\/www.dm-web.de\/MusikkreisAlfter\/index.php?rest_route=\/wp\/v2\/types\/page"}],"author":[{"embeddable":true,"href":"https:\/\/www.dm-web.de\/MusikkreisAlfter\/index.php?rest_route=\/wp\/v2\/users\/2"}],"replies":[{"embeddable":true,"href":"https:\/\/www.dm-web.de\/MusikkreisAlfter\/index.php?rest_route=%2Fwp%2Fv2%2Fcomments&post=4267"}],"version-history":[{"count":16,"href":"https:\/\/www.dm-web.de\/MusikkreisAlfter\/index.php?rest_route=\/wp\/v2\/pages\/4267\/revisions"}],"predecessor-version":[{"id":4486,"href":"https:\/\/www.dm-web.de\/MusikkreisAlfter\/index.php?rest_route=\/wp\/v2\/pages\/4267\/revisions\/4486"}],"wp:attachment":[{"href":"https:\/\/www.dm-web.de\/MusikkreisAlfter\/index.php?rest_route=%2Fwp%2Fv2%2Fmedia&parent=4267"}],"curies":[{"name":"wp","href":"https:\/\/api.w.org\/{rel}","templated":true}]}}