{"id":5691,"date":"2026-01-29T01:16:57","date_gmt":"2026-01-29T00:16:57","guid":{"rendered":"https:\/\/www.dm-web.de\/MusikkreisAlfter\/?page_id=5691"},"modified":"2026-04-14T00:17:21","modified_gmt":"2026-04-13T23:17:21","slug":"unsere-aktivitaeten-in-2026","status":"publish","type":"page","link":"https:\/\/www.dm-web.de\/MusikkreisAlfter\/?page_id=5691","title":{"rendered":"Unsere Aktivit\u00e4ten in 2026"},"content":{"rendered":"<h3>Unsere durchgef\u00fchrten Aktivit\u00e4ten in 2026<\/h3>\n<script type=\"text\/javascript\">(function () {\n if (window.addtocalendar)if(typeof window.addtocalendar.start == \"function\")return;\n if (window.ifaddtocalendar == undefined) { window.ifaddtocalendar = 1;\n   var d = document, s = d.createElement('script'), g = 'getElementsByTagName';\n   s.type = 'text\/javascript';s.charset = 'UTF-8';s.async = true;\n   s.src = ('https:' == window.location.protocol ? 'https' : 'http')+':\/\/addtocalendar.com\/atc\/1.5\/atc.min.js';\n   var h = d[g]('body')[0];h.appendChild(s); }})();\n<\/script>\n\n<table style=\"border-collapse: collapse; border: 1px solid;\" border=\"1\" width=\"100%\" rules=\"all\" cellspacing=\"0\" cellpadding=\"6\">\n<tbody>\n<tr>\n<td bgcolor=\"#ccff99\">Tag<\/td>\n<td bgcolor=\"#ccff99\">Datum<\/td>\n<td bgcolor=\"#ccff99\" width=\"58\"><span style=\"color: #0066ff;\">Treffen <\/span><\/td>\n<td bgcolor=\"#ccff99\" width=\"59\">Beginn<\/td>\n<td bgcolor=\"#ccff99\"><\/td>\n<td bgcolor=\"#ccff99\">Messe<\/td>\n<td bgcolor=\"#ccff99\" width=\"60\">Termin<\/td>\n<\/tr>\n<p><tr><td align=\"left\" valign=\"top\" height=\"16\"><span style=\"color:#000000;\">So<\/span><\/td><td align=\"left\" valign=\"top\" height=\"16\"><span style=\"color:#000000;\">12.04.2026<\/span><\/td><td align=\"right\" valign=\"top\" height=\"16\"><span style=\"color:#0000ff;\"><\/span><\/td><td align=\"right\" valign=\"top\" height=\"16\"><span style=\"color:#000000;\">10:00h<\/span><\/td><td align=\"left\" valign=\"top\" height=\"16\"><span style=\"color:#000000;\"><\/span><\/td><td align=\"left\" valign=\"top\" height=\"16\"><span style=\"color:#000000;\">Erstkommunionmesse 2026<\/span>   <strong><span style=\"color: #ff0000;\">(Nur Info - ohne Musikkreis)<\/span><\/strong><\/td><td align=\"left\" valign=\"top\" height=\"16\"><span style=\"color:;\"><span class=\"addtocalendar atc-style-blue\" id=\"atc_btn_blue\">            <a class=\"atcb-link\">Termin<\/a>    <var class=\"atc_event\">        <var class=\"atc_date_start\">2026-04-12 10:00:00<\/var>        <var class=\"atc_date_end\">2026-04-12 11:30:00 <\/var>        <var class=\"atc_timezone\">Europe\/Berlin<\/var>        <var class=\"atc_title\">10:00h  [MK-Alfter] Erstkommunionmesse 2026<\/var>        <var class=\"atc_description\">10:00h  [MK-Alfter] Erstkommunionmesse 2026  \\r\\n(Nur Info - ohne Musikkreis)<\/var>        <var class=\"atc_location\">Alfter St. Matth\u00e4us<\/var>        <var class=\"atc_organizer\">Musikkreis St. Matth\u00e4us Alfter<\/var>        <var class=\"atc_organizer_email\"><\/var>    <\/var><\/span><\/span><\/td><\/tr><tr><td align=\"left\" valign=\"top\" height=\"16\"><span style=\"color:#000000;\">So<\/span><\/td><td align=\"left\" valign=\"top\" height=\"16\"><span style=\"color:#000000;\">01.03.2026<\/span><\/td><td align=\"right\" valign=\"top\" height=\"16\"><span style=\"color:#0000ff;\">10:30h<\/span><\/td><td align=\"right\" valign=\"top\" height=\"16\"><span style=\"color:#000000;\">11:00h<\/span><\/td><td align=\"left\" valign=\"top\" height=\"16\"><span style=\"color:#000000;\"><\/span><\/td><td align=\"left\" valign=\"top\" height=\"16\"><span style=\"color:#000000;\"><a href=\"?p=5707\"><b>Kinderkirche &quot;Heilige Anna und Heiliger Matth\u00e4us &quot;<\/b><\/a><\/span>   <strong><span style=\"color: #ff0000;\">(F\u00e4llt kurzfristig aus)<\/span><\/strong><\/td><td align=\"left\" valign=\"top\" height=\"16\"><span style=\"color:;\"><span class=\"addtocalendar atc-style-blue\" id=\"atc_btn_blue\">            <a class=\"atcb-link\">Termin<\/a>    <var class=\"atc_event\">        <var class=\"atc_date_start\">2026-03-01 10:30:00<\/var>        <var class=\"atc_date_end\">2026-03-01 12:30:00 <\/var>        <var class=\"atc_timezone\">Europe\/Berlin<\/var>        <var class=\"atc_title\">11:00h  [MK-Alfter] Kinderkirche  (Treffen: 10:30h)<\/var>        <var class=\"atc_description\">11:00h  [MK-Alfter] Kinderkirche  (Treffen: 10:30h)  \\r\\n(F\u00e4llt kurzfristig aus)<\/var>        <var class=\"atc_location\">Alfter St. Matth\u00e4us<\/var>        <var class=\"atc_organizer\">Musikkreis St. Matth\u00e4us Alfter<\/var>        <var class=\"atc_organizer_email\"><\/var>    <\/var><\/span><\/span><\/td><\/tr><tr><td align=\"left\" valign=\"top\" height=\"16\"><strong><span style=\"color:#000000;\">Sa<\/span><\/strong><\/td><td align=\"left\" valign=\"top\" height=\"16\"><strong><span style=\"color:#000000;\">07.02.2026<\/span><\/strong><\/td><td align=\"right\" valign=\"top\" height=\"16\"><strong><span style=\"color:#0000ff;\">16:00h<\/span><\/strong><\/td><td align=\"right\" valign=\"top\" height=\"16\"><strong><span style=\"color:#000000;\">17:00h<\/span><\/strong><\/td><td align=\"left\" valign=\"top\" height=\"16\"><strong><span style=\"color:#000000;\"><\/span><\/strong><\/td><td align=\"left\" valign=\"top\" height=\"16\"><strong><span style=\"color:#000000;\"><a href=\"?p=5681\"><b>Familiengottesdienst Karneval<\/b><\/a><\/span><\/strong><\/td><td align=\"left\" valign=\"top\" height=\"16\"><span style=\"color:;\"><span class=\"addtocalendar atc-style-blue\" id=\"atc_btn_blue\">            <a class=\"atcb-link\">Termin<\/a>    <var class=\"atc_event\">        <var class=\"atc_date_start\">2026-02-07 16:00:00<\/var>        <var class=\"atc_date_end\">2026-02-07 18:30:00 <\/var>        <var class=\"atc_timezone\">Europe\/Berlin<\/var>        <var class=\"atc_title\">17:00h  [MK-Alfter] Familiengottesdienst Karneval  (Treffen: 16:00h)<\/var>        <var class=\"atc_description\">17:00h  [MK-Alfter] Familiengottesdienst Karneval  (Treffen: 16:00h)<\/var>        <var class=\"atc_location\">Alfter St. Matth\u00e4us<\/var>        <var class=\"atc_organizer\">Musikkreis St. Matth\u00e4us Alfter<\/var>        <var class=\"atc_organizer_email\"><\/var>    <\/var><\/span><\/span><\/td><\/tr><tr><td align=\"left\" valign=\"top\" height=\"16\"><strong><span style=\"color:#000000;\">So<\/span><\/strong><\/td><td align=\"left\" valign=\"top\" height=\"16\"><strong><span style=\"color:#000000;\">18.01.2026<\/span><\/strong><\/td><td align=\"right\" valign=\"top\" height=\"16\"><strong><span style=\"color:#0000ff;\">10:30h<\/span><\/strong><\/td><td align=\"right\" valign=\"top\" height=\"16\"><strong><span style=\"color:#000000;\">11:00h<\/span><\/strong><\/td><td align=\"left\" valign=\"top\" height=\"16\"><strong><span style=\"color:#000000;\"><\/span><\/strong><\/td><td align=\"left\" valign=\"top\" height=\"16\"><strong><span style=\"color:#000000;\"><a href=\"?p=5673\"><b>Kinderkirche &quot;Messdiener &quot;<\/b><\/a><\/span><\/strong><\/td><td align=\"left\" valign=\"top\" height=\"16\"><span style=\"color:;\"><span class=\"addtocalendar atc-style-blue\" id=\"atc_btn_blue\">            <a class=\"atcb-link\">Termin<\/a>    <var class=\"atc_event\">        <var class=\"atc_date_start\">2026-01-18 10:30:00<\/var>        <var class=\"atc_date_end\">2026-01-18 12:30:00 <\/var>        <var class=\"atc_timezone\">Europe\/Berlin<\/var>        <var class=\"atc_title\">11:00h  [MK-Alfter] Kinderkirche  (Treffen: 10:30h)<\/var>        <var class=\"atc_description\">11:00h  [MK-Alfter] Kinderkirche  (Treffen: 10:30h)<\/var>        <var class=\"atc_location\">Alfter St. Matth\u00e4us<\/var>        <var class=\"atc_organizer\">Musikkreis St. Matth\u00e4us Alfter<\/var>        <var class=\"atc_organizer_email\"><\/var>    <\/var><\/span><\/span><\/td><\/tr><\/p>\n<tr>\n<td align=\"left\" valign=\"top\"><\/td>\n<td align=\"left\" valign=\"top\"><\/td>\n<td align=\"right\" valign=\"top\"><\/td>\n<td align=\"right\" valign=\"top\"><\/td>\n<td align=\"left\" valign=\"top\" height=\"16\"><\/td>\n<td align=\"left\" valign=\"top\" height=\"16\"><\/td>\n<\/tr>\n<\/tbody>\n<\/table>\n","protected":false},"excerpt":{"rendered":"<p>Unsere durchgef\u00fchrten Aktivit\u00e4ten in 2026 Tag Datum Treffen Beginn Messe Termin<\/p>\n","protected":false},"author":2,"featured_media":0,"parent":0,"menu_order":0,"comment_status":"closed","ping_status":"closed","template":"","meta":{"ngg_post_thumbnail":0,"footnotes":""},"class_list":["post-5691","page","type-page","status-publish","hentry"],"_links":{"self":[{"href":"https:\/\/www.dm-web.de\/MusikkreisAlfter\/index.php?rest_route=\/wp\/v2\/pages\/5691","targetHints":{"allow":["GET"]}}],"collection":[{"href":"https:\/\/www.dm-web.de\/MusikkreisAlfter\/index.php?rest_route=\/wp\/v2\/pages"}],"about":[{"href":"https:\/\/www.dm-web.de\/MusikkreisAlfter\/index.php?rest_route=\/wp\/v2\/types\/page"}],"author":[{"embeddable":true,"href":"https:\/\/www.dm-web.de\/MusikkreisAlfter\/index.php?rest_route=\/wp\/v2\/users\/2"}],"replies":[{"embeddable":true,"href":"https:\/\/www.dm-web.de\/MusikkreisAlfter\/index.php?rest_route=%2Fwp%2Fv2%2Fcomments&post=5691"}],"version-history":[{"count":4,"href":"https:\/\/www.dm-web.de\/MusikkreisAlfter\/index.php?rest_route=\/wp\/v2\/pages\/5691\/revisions"}],"predecessor-version":[{"id":5726,"href":"https:\/\/www.dm-web.de\/MusikkreisAlfter\/index.php?rest_route=\/wp\/v2\/pages\/5691\/revisions\/5726"}],"wp:attachment":[{"href":"https:\/\/www.dm-web.de\/MusikkreisAlfter\/index.php?rest_route=%2Fwp%2Fv2%2Fmedia&parent=5691"}],"curies":[{"name":"wp","href":"https:\/\/api.w.org\/{rel}","templated":true}]}}