{"id":6,"date":"2022-06-20T11:21:08","date_gmt":"2022-06-20T10:21:08","guid":{"rendered":"http:\/\/dm-web.de\/MusikkreisAlfterBlog\/?page_id=6"},"modified":"2026-04-14T00:18:21","modified_gmt":"2026-04-13T23:18:21","slug":"gottesdienstplanung-20082009","status":"publish","type":"page","link":"https:\/\/www.dm-web.de\/MusikkreisAlfter\/?page_id=6","title":{"rendered":"Terminvorschau 2026"},"content":{"rendered":"<p>Sie sind herzlich eingeladen zusammen mit uns an den Gottesdiensten teilzunehmen !<br \/>\nEinen \u00dcberblick \u00fcber die <strong><a title=\"Unsere Aktivit\u00e4ten in 2024\" href=\"http:\/\/dm-web.de\/MusikkreisAlfter\/?page_id=5101\">absolvierten Aktivit\u00e4ten in 2024<\/a><\/strong> erhalten Sie <strong><a title=\"Unsere Aktivit\u00e4ten in 2024\" href=\"http:\/\/dm-web.de\/MusikkreisAlfter\/?page_id=5101\">hier.<\/a><\/strong><br \/>\nEinen \u00dcberblick \u00fcber die <strong><a title=\"Unsere Aktivit\u00e4ten in 2025\" href=\"http:\/\/dm-web.de\/MusikkreisAlfter\/?page_id=5392\">absolvierten Aktivit\u00e4ten in 2025<\/a><\/strong> erhalten Sie <strong><a title=\"Unsere Aktivit\u00e4ten in 2025\" href=\"http:\/\/dm-web.de\/MusikkreisAlfter\/?page_id=5392\">hier.<\/a><\/strong><br \/>\nEinen \u00dcberblick \u00fcber die <strong><a title=\"Unsere Aktivit\u00e4ten in 2026\" href=\"http:\/\/dm-web.de\/MusikkreisAlfter\/?page_id=5691\">absolvierten Aktivit\u00e4ten in 2026<\/a><\/strong> erhalten Sie <strong><a title=\"Unsere Aktivit\u00e4ten in 2026\" href=\"http:\/\/dm-web.de\/MusikkreisAlfter\/?page_id=5691\">hier.<\/a><\/strong><\/p>\n<h3>Die Vorplanung f\u00fcr 2026:<\/h3>\n<p>Einzelne Termine k\u00f6nnen Sie mit dem jeweiligen &#8222;Termin&#8220;-Button in ihren Kalender \u00fcbertragen.<br \/>\n<!-- [mkaddtocalendar02includescript] --><\/p>\n<table style=\"border-collapse: collapse; border: 1px solid;\" border=\"1\" width=\"100%\" rules=\"all\" cellspacing=\"0\" cellpadding=\"6\">\n<tbody>\n<tr>\n<td bgcolor=\"#ccff99\"><\/td>\n<td bgcolor=\"#ccff99\">Datum<\/td>\n<td bgcolor=\"#ccff99\" width=\"58\"><span style=\"color: #0066ff;\">Treffen<\/span><\/td>\n<td bgcolor=\"#ccff99\" width=\"59\">Beginn<\/td>\n<td bgcolor=\"#ccff99\"><\/td>\n<td bgcolor=\"#ccff99\">Messe: (<strong>Stand 14.04.2026<\/strong>)<\/td>\n<td bgcolor=\"#ccff99\" width=\"60\">Termin<\/td>\n<\/tr>\n<p><tr><td align=\"left\" valign=\"top\" height=\"16\"><strong><span style=\"color:#000000;\">So<\/span><\/strong><\/td><td align=\"left\" valign=\"top\" height=\"16\"><strong><span style=\"color:#000000;\">19.04.2026<\/span><\/strong><\/td><td align=\"right\" valign=\"top\" height=\"16\"><strong><span style=\"color:#0000ff;\">10:30h<\/span><\/strong><\/td><td align=\"right\" valign=\"top\" height=\"16\"><strong><span style=\"color:#000000;\">11:00h<\/span><\/strong><\/td><td align=\"left\" valign=\"top\" height=\"16\"><strong><span style=\"color:#000000;\"><\/span><\/strong><\/td><td align=\"left\" valign=\"top\" height=\"16\"><strong><span style=\"color:#000000;\"><a href=\"?p=5722\"><b>Kinderkirche &quot;Heilige Anna und Heiliger Matth\u00e4us &quot;<\/b><\/a><\/span><\/strong><\/td><td align=\"left\" valign=\"top\" height=\"16\"><span style=\"color:;\"><span class=\"addtocalendar atc-style-blue\" id=\"atc_btn_blue\">            <a class=\"atcb-link\">Termin<\/a>    <var class=\"atc_event\">        <var class=\"atc_date_start\">2026-04-19 10:30:00<\/var>        <var class=\"atc_date_end\">2026-04-19 12:30:00 <\/var>        <var class=\"atc_timezone\">Europe\/Berlin<\/var>        <var class=\"atc_title\">11:00h  [MK-Alfter] Kinderkirche  (Treffen: 10:30h)<\/var>        <var class=\"atc_description\">11:00h  [MK-Alfter] Kinderkirche  (Treffen: 10:30h)<\/var>        <var class=\"atc_location\">Alfter St. Matth\u00e4us<\/var>        <var class=\"atc_organizer\">Musikkreis St. Matth\u00e4us Alfter<\/var>        <var class=\"atc_organizer_email\"><\/var>    <\/var><\/span><\/span><\/td><\/tr><tr><td align=\"left\" valign=\"top\" height=\"16\"><span style=\"color:#000000;\">So<\/span><\/td><td align=\"left\" valign=\"top\" height=\"16\"><span style=\"color:#000000;\">31.05.2026<\/span><\/td><td align=\"right\" valign=\"top\" height=\"16\"><span style=\"color:#0000ff;\"><\/span><\/td><td align=\"right\" valign=\"top\" height=\"16\"><span style=\"color:#000000;\">11:00h<\/span><\/td><td align=\"left\" valign=\"top\" height=\"16\"><span style=\"color:#000000;\"><\/span><\/td><td align=\"left\" valign=\"top\" height=\"16\"><span style=\"color:#000000;\">Kinderkirche unterwegs - Familiensonntag<\/span>   <strong><span style=\"color: #ff0000;\"><br \/>(Nur Info - ohne Musikkreis)<\/span><\/strong><\/td><td align=\"left\" valign=\"top\" height=\"16\"><span style=\"color:;\"><span class=\"addtocalendar atc-style-blue\" id=\"atc_btn_blue\">            <a class=\"atcb-link\">Termin<\/a>    <var class=\"atc_event\">        <var class=\"atc_date_start\">2026-05-31 11:00:00<\/var>        <var class=\"atc_date_end\">2026-05-31 12:30:00 <\/var>        <var class=\"atc_timezone\">Europe\/Berlin<\/var>        <var class=\"atc_title\">11:00h  [MK-Alfter] Kinderkirche unterwegs - Familiensonntag<\/var>        <var class=\"atc_description\">11:00h  [MK-Alfter] Kinderkirche unterwegs - Familiensonntag  \\r\\n<br \/>(Nur Info - ohne Musikkreis)<\/var>        <var class=\"atc_location\">Alfter St. Matth\u00e4us<\/var>        <var class=\"atc_organizer\">Musikkreis St. Matth\u00e4us Alfter<\/var>        <var class=\"atc_organizer_email\"><\/var>    <\/var><\/span><\/span><\/td><\/tr><tr><td align=\"left\" valign=\"top\" height=\"16\"><strong><span style=\"color:#000000;\">So<\/span><\/strong><\/td><td align=\"left\" valign=\"top\" height=\"16\"><strong><span style=\"color:#000000;\">28.06.2026<\/span><\/strong><\/td><td align=\"right\" valign=\"top\" height=\"16\"><strong><span style=\"color:#0000ff;\">10:30h<\/span><\/strong><\/td><td align=\"right\" valign=\"top\" height=\"16\"><strong><span style=\"color:#000000;\">11:00h<\/span><\/strong><\/td><td align=\"left\" valign=\"top\" height=\"16\"><strong><span style=\"color:#000000;\"><\/span><\/strong><\/td><td align=\"left\" valign=\"top\" height=\"16\"><strong><span style=\"color:#000000;\">Kinderkirche<\/span><\/strong><\/td><td align=\"left\" valign=\"top\" height=\"16\"><span style=\"color:;\"><span class=\"addtocalendar atc-style-blue\" id=\"atc_btn_blue\">            <a class=\"atcb-link\">Termin<\/a>    <var class=\"atc_event\">        <var class=\"atc_date_start\">2026-06-28 10:30:00<\/var>        <var class=\"atc_date_end\">2026-06-28 12:30:00 <\/var>        <var class=\"atc_timezone\">Europe\/Berlin<\/var>        <var class=\"atc_title\">11:00h  [MK-Alfter] Kinderkirche  (Treffen: 10:30h)<\/var>        <var class=\"atc_description\">11:00h  [MK-Alfter] Kinderkirche  (Treffen: 10:30h)<\/var>        <var class=\"atc_location\">Alfter St. Matth\u00e4us<\/var>        <var class=\"atc_organizer\">Musikkreis St. Matth\u00e4us Alfter<\/var>        <var class=\"atc_organizer_email\"><\/var>    <\/var><\/span><\/span><\/td><\/tr><tr><td align=\"left\" valign=\"top\" height=\"16\"><strong><span style=\"color:#000000;\">So<\/span><\/strong><\/td><td align=\"left\" valign=\"top\" height=\"16\"><strong><span style=\"color:#000000;\">20.09.2026<\/span><\/strong><\/td><td align=\"right\" valign=\"top\" height=\"16\"><strong><span style=\"color:#0000ff;\">10:30h<\/span><\/strong><\/td><td align=\"right\" valign=\"top\" height=\"16\"><strong><span style=\"color:#000000;\">11:00h<\/span><\/strong><\/td><td align=\"left\" valign=\"top\" height=\"16\"><strong><span style=\"color:#000000;\"><\/span><\/strong><\/td><td align=\"left\" valign=\"top\" height=\"16\"><strong><span style=\"color:#000000;\">Kinderkirche<\/span><\/strong><\/td><td align=\"left\" valign=\"top\" height=\"16\"><span style=\"color:;\"><span class=\"addtocalendar atc-style-blue\" id=\"atc_btn_blue\">            <a class=\"atcb-link\">Termin<\/a>    <var class=\"atc_event\">        <var class=\"atc_date_start\">2026-09-20 10:30:00<\/var>        <var class=\"atc_date_end\">2026-09-20 12:30:00 <\/var>        <var class=\"atc_timezone\">Europe\/Berlin<\/var>        <var class=\"atc_title\">11:00h  [MK-Alfter] Kinderkirche  (Treffen: 10:30h)<\/var>        <var class=\"atc_description\">11:00h  [MK-Alfter] Kinderkirche  (Treffen: 10:30h)<\/var>        <var class=\"atc_location\">Alfter St. Matth\u00e4us<\/var>        <var class=\"atc_organizer\">Musikkreis St. Matth\u00e4us Alfter<\/var>        <var class=\"atc_organizer_email\"><\/var>    <\/var><\/span><\/span><\/td><\/tr><tr><td align=\"left\" valign=\"top\" height=\"16\"><span style=\"color:#000000;\">So<\/span><\/td><td align=\"left\" valign=\"top\" height=\"16\"><span style=\"color:#000000;\">11.10.2026<\/span><\/td><td align=\"right\" valign=\"top\" height=\"16\"><span style=\"color:#0000ff;\"><\/span><\/td><td align=\"right\" valign=\"top\" height=\"16\"><span style=\"color:#000000;\">11:00h<\/span><\/td><td align=\"left\" valign=\"top\" height=\"16\"><span style=\"color:#000000;\"><\/span><\/td><td align=\"left\" valign=\"top\" height=\"16\"><span style=\"color:#000000;\">Kinderkirche unterwegs - Familiensonntag<\/span>   <strong><span style=\"color: #ff0000;\"><br \/>(Nur Info - ohne Musikkreis)<\/span><\/strong><\/td><td align=\"left\" valign=\"top\" height=\"16\"><span style=\"color:;\"><span class=\"addtocalendar atc-style-blue\" id=\"atc_btn_blue\">            <a class=\"atcb-link\">Termin<\/a>    <var class=\"atc_event\">        <var class=\"atc_date_start\">2026-10-11 11:00:00<\/var>        <var class=\"atc_date_end\">2026-10-11 12:30:00 <\/var>        <var class=\"atc_timezone\">Europe\/Berlin<\/var>        <var class=\"atc_title\">11:00h  [MK-Alfter] Kinderkirche unterwegs - Familiensonntag<\/var>        <var class=\"atc_description\">11:00h  [MK-Alfter] Kinderkirche unterwegs - Familiensonntag  \\r\\n<br \/>(Nur Info - ohne Musikkreis)<\/var>        <var class=\"atc_location\">Alfter St. Matth\u00e4us<\/var>        <var class=\"atc_organizer\">Musikkreis St. Matth\u00e4us Alfter<\/var>        <var class=\"atc_organizer_email\"><\/var>    <\/var><\/span><\/span><\/td><\/tr><tr><td align=\"left\" valign=\"top\" height=\"16\"><strong><span style=\"color:#000000;\">So<\/span><\/strong><\/td><td align=\"left\" valign=\"top\" height=\"16\"><strong><span style=\"color:#000000;\">29.11.2026<\/span><\/strong><\/td><td align=\"right\" valign=\"top\" height=\"16\"><strong><span style=\"color:#0000ff;\">10:30h<\/span><\/strong><\/td><td align=\"right\" valign=\"top\" height=\"16\"><strong><span style=\"color:#000000;\">11:00h<\/span><\/strong><\/td><td align=\"left\" valign=\"top\" height=\"16\"><strong><span style=\"color:#000000;\"><\/span><\/strong><\/td><td align=\"left\" valign=\"top\" height=\"16\"><strong><span style=\"color:#000000;\">Kinderkirche im Advent im Kath. Familienzentrum<\/span><\/strong><\/td><td align=\"left\" valign=\"top\" height=\"16\"><span style=\"color:;\"><span class=\"addtocalendar atc-style-blue\" id=\"atc_btn_blue\">            <a class=\"atcb-link\">Termin<\/a>    <var class=\"atc_event\">        <var class=\"atc_date_start\">2026-11-29 10:30:00<\/var>        <var class=\"atc_date_end\">2026-11-29 12:30:00 <\/var>        <var class=\"atc_timezone\">Europe\/Berlin<\/var>        <var class=\"atc_title\">11:00h  [MK-Alfter] Kinderkirche im Advent im Kath. Familienzentrum  (Treffen: 10:30h)<\/var>        <var class=\"atc_description\">11:00h  [MK-Alfter] Kinderkirche im Advent im Kath. Familienzentrum  (Treffen: 10:30h)<\/var>        <var class=\"atc_location\">Alfter St. Matth\u00e4us<\/var>        <var class=\"atc_organizer\">Musikkreis St. Matth\u00e4us Alfter<\/var>        <var class=\"atc_organizer_email\"><\/var>    <\/var><\/span><\/span><\/td><\/tr><tr><td align=\"left\" valign=\"top\" height=\"16\"><span style=\"color:#000000;\">So<\/span><\/td><td align=\"left\" valign=\"top\" height=\"16\"><span style=\"color:#000000;\">24.12.2026<\/span><\/td><td align=\"right\" valign=\"top\" height=\"16\"><span style=\"color:#0000ff;\"><\/span><\/td><td align=\"right\" valign=\"top\" height=\"16\"><span style=\"color:#000000;\">15:00h<\/span><\/td><td align=\"left\" valign=\"top\" height=\"16\"><span style=\"color:#000000;\"><\/span><\/td><td align=\"left\" valign=\"top\" height=\"16\"><span style=\"color:#000000;\">Krippenspiel zur Heiligen Nacht<\/span>   <strong><span style=\"color: #ff0000;\"><br \/>(Nur Info - ohne Musikkreis)<\/span><\/strong><\/td><td align=\"left\" valign=\"top\" height=\"16\"><span style=\"color:;\"><span class=\"addtocalendar atc-style-blue\" id=\"atc_btn_blue\">            <a class=\"atcb-link\">Termin<\/a>    <var class=\"atc_event\">        <var class=\"atc_date_start\">2026-12-24 15:00:00<\/var>        <var class=\"atc_date_end\">2026-12-24 16:30:00 <\/var>        <var class=\"atc_timezone\">Europe\/Berlin<\/var>        <var class=\"atc_title\">15:00h  [MK-Alfter] Krippenspiel zur Heiligen Nacht<\/var>        <var class=\"atc_description\">15:00h  [MK-Alfter] Krippenspiel zur Heiligen Nacht  \\r\\n<br \/>(Nur Info - ohne Musikkreis)<\/var>        <var class=\"atc_location\">Alfter St. Matth\u00e4us<\/var>        <var class=\"atc_organizer\">Musikkreis St. Matth\u00e4us Alfter<\/var>        <var class=\"atc_organizer_email\"><\/var>    <\/var><\/span><\/span><\/td><\/tr><!--\n\n\n<td align=\"left\" valign=\"top\"><\/td>\n\n\n\n\n<td align=\"left\" valign=\"top\"><\/td>\n\n\n\n\n<td align=\"right\" valign=\"top\"><\/td>\n\n\n\n\n<td align=\"right\" valign=\"top\"><\/td>\n\n\n\n\n<td align=\"right\" valign=\"top\"><\/td>\n\n\n\n\n<td align=\"left\" valign=\"top\"><b>2026<\/b><\/td>\n\n\n\n\n<td align=\"left\" valign=\"top\" height=\"16\"><\/td>\n\n\n<\/tr>\n\n--><\/p>\n<tr>\n<td align=\"left\" valign=\"top\"><\/td>\n<td align=\"left\" valign=\"top\"><\/td>\n<td align=\"right\" valign=\"top\"><\/td>\n<td align=\"right\" valign=\"top\"><\/td>\n<td align=\"left\" valign=\"top\" height=\"16\"><\/td>\n<td align=\"left\" valign=\"top\" height=\"16\"><\/td>\n<td align=\"left\" valign=\"top\"><\/td>\n<\/tr>\n<\/tbody>\n<\/table>\n<p><\/p>\n<p><strong>ACHTUNG:<\/strong> Die Teilnahme an den Gottesdiensten die mit <strong>***<\/strong> gekennzeichnet sind, sind noch nicht definitiv und h\u00e4ngen von der Besetzungsst\u00e4rke ab. Gegebenenfalls kann an den Tagen auch in reduzierter Besetzung von der Orgelempore aus musiziert werden. N\u00e4heres dazu folgt ca. 1 Woche vor den jeweiligen Terminen auf der Webseite oder im eMail-Newsletter.<br \/><strong>PROBEN:<\/strong> Die Proben finden in der Regel am Donnerstag abend vor den Familiengottesdiensten um 18:00h in der Kirche statt. Der genaue Termine wird jeweils auf der Webseite oder im eMail-Newsletter bekannt gegeben.<br \/> <strong>GEW\u00c4HRLEISTUNGSAUSSCHLUSS<\/strong>: Die angegebenen Termine, Zu- und Absagen sind nach bestem Wissen eingetragen und aktuell gehalten, aber ohne Gew\u00e4hr!<\/p>\n","protected":false},"excerpt":{"rendered":"<p>Sie sind herzlich eingeladen zusammen mit uns an den Gottesdiensten teilzunehmen ! Einen \u00dcberblick \u00fcber die absolvierten Aktivit\u00e4ten in 2024 erhalten Sie hier. Einen \u00dcberblick \u00fcber die absolvierten Aktivit\u00e4ten in 2025 erhalten Sie hier. Einen \u00dcberblick \u00fcber die absolvierten Aktivit\u00e4ten in 2026 erhalten Sie hier. Die Vorplanung f\u00fcr 2026: Einzelne Termine k\u00f6nnen Sie mit dem [&hellip;]<\/p>\n","protected":false},"author":2,"featured_media":0,"parent":0,"menu_order":9,"comment_status":"closed","ping_status":"closed","template":"","meta":{"ngg_post_thumbnail":0,"footnotes":""},"class_list":["post-6","page","type-page","status-publish","hentry"],"_links":{"self":[{"href":"https:\/\/www.dm-web.de\/MusikkreisAlfter\/index.php?rest_route=\/wp\/v2\/pages\/6","targetHints":{"allow":["GET"]}}],"collection":[{"href":"https:\/\/www.dm-web.de\/MusikkreisAlfter\/index.php?rest_route=\/wp\/v2\/pages"}],"about":[{"href":"https:\/\/www.dm-web.de\/MusikkreisAlfter\/index.php?rest_route=\/wp\/v2\/types\/page"}],"author":[{"embeddable":true,"href":"https:\/\/www.dm-web.de\/MusikkreisAlfter\/index.php?rest_route=\/wp\/v2\/users\/2"}],"replies":[{"embeddable":true,"href":"https:\/\/www.dm-web.de\/MusikkreisAlfter\/index.php?rest_route=%2Fwp%2Fv2%2Fcomments&post=6"}],"version-history":[{"count":907,"href":"https:\/\/www.dm-web.de\/MusikkreisAlfter\/index.php?rest_route=\/wp\/v2\/pages\/6\/revisions"}],"predecessor-version":[{"id":5727,"href":"https:\/\/www.dm-web.de\/MusikkreisAlfter\/index.php?rest_route=\/wp\/v2\/pages\/6\/revisions\/5727"}],"wp:attachment":[{"href":"https:\/\/www.dm-web.de\/MusikkreisAlfter\/index.php?rest_route=%2Fwp%2Fv2%2Fmedia&parent=6"}],"curies":[{"name":"wp","href":"https:\/\/api.w.org\/{rel}","templated":true}]}}