{"id":606,"date":"2010-01-25T22:54:46","date_gmt":"2010-01-25T21:54:46","guid":{"rendered":"http:\/\/dm-web.de\/MusikkreisAlfter\/?page_id=606"},"modified":"2011-01-17T00:26:49","modified_gmt":"2011-01-16T23:26:49","slug":"unsere-aktivitaten-in-2010","status":"publish","type":"page","link":"https:\/\/www.dm-web.de\/MusikkreisAlfter\/?page_id=606","title":{"rendered":"Unsere Aktivit\u00e4ten in 2010"},"content":{"rendered":"<h3>Unsere durchgef\u00fchrten Aktivit\u00e4ten in 2010<\/h3>\n<table style=\"border-collapse: collapse; border: 1px solid;\" border=\"1\" cellspacing=\"0\" cellpadding=\"6\" width=\"100%\" rules=\"all\">\n<tbody>\n<tr>\n<td bgcolor=\"#ccff99\">Tag<\/td>\n<td bgcolor=\"#ccff99\">Datum<\/td>\n<td width=\"58\" bgcolor=\"#ccff99\"><span style=\"color: #0066ff;\">Treffen <\/span><\/td>\n<td width=\"59\" bgcolor=\"#ccff99\">Beginn<\/td>\n<td bgcolor=\"#ccff99\"><\/td>\n<td bgcolor=\"#ccff99\">Messe<\/td>\n<\/tr>\n<tr>\n<td align=\"left\" valign=\"top\"><strong><span lang=\"de\">Fr<\/span><\/strong><\/td>\n<td align=\"left\" valign=\"top\"><strong><span lang=\"de\">24.12.2010<\/span><\/strong><\/td>\n<td align=\"right\" valign=\"top\"><strong><span style=\"color: #0000ff;\"><span lang=\"de\">16:00h<\/span><\/span><\/strong><\/td>\n<td align=\"right\" valign=\"top\"><strong><span lang=\"de\">17:00h<\/span><\/strong><\/td>\n<td height=\"16\" align=\"left\" valign=\"top\"><\/td>\n<td height=\"16\" align=\"left\" valign=\"top\"><a href=\"http:\/\/dm-web.de\/MusikkreisAlfter\/?p=912\" target=\"_self\"><strong><span lang=\"de\">Familienchristmette<\/span><\/strong><\/a><\/td>\n<\/tr>\n<tr>\n<td align=\"left\" valign=\"top\"><span style=\"color: #888888;\"><strong><span lang=\"de\">Fr<\/span><\/strong><\/span><\/td>\n<td align=\"left\" valign=\"top\"><span style=\"color: #888888;\"><strong><span lang=\"de\">24.12.2010<\/span><\/strong><\/span><\/td>\n<td align=\"right\" valign=\"top\"><span style=\"color: #888888;\"><strong><span lang=\"de\">&#8212;-<\/span><\/strong><\/span><\/td>\n<td align=\"right\" valign=\"top\"><span style=\"color: #888888;\"><strong><span lang=\"de\">15:15h<\/span><\/strong><\/span><\/td>\n<td height=\"16\" align=\"left\" valign=\"top\"><\/td>\n<td height=\"16\" align=\"left\" valign=\"top\"><span style=\"color: #999999;\"><span style=\"color: #ff0000;\"><strong>NUR ZUR  INFO (ohne MK):<br \/>\n<\/strong><\/span><\/span><strong><span lang=\"de\"><span style=\"color: #888888;\">Kleinkinder-Krippenfeier<\/span><\/span><\/strong><\/td>\n<\/tr>\n<tr>\n<td align=\"left\" valign=\"top\"><strong><span lang=\"de\">Do<\/span><\/strong><\/td>\n<td align=\"left\" valign=\"top\"><strong><span lang=\"de\">23.12.2010<\/span><\/strong><\/td>\n<td align=\"right\" valign=\"top\"><strong><span style=\"color: #0000ff;\"><span lang=\"de\">18:30h<\/span><\/span><\/strong><\/td>\n<td align=\"right\" valign=\"top\"><strong><span lang=\"de\">18:30h<\/span><\/strong><\/td>\n<td height=\"16\" align=\"left\" valign=\"top\"><strong><\/strong><\/td>\n<td height=\"16\" align=\"left\" valign=\"top\"><strong>Probe f\u00fcr die Familienchristmette in der Kirche<\/strong><\/td>\n<\/tr>\n<tr>\n<td align=\"left\" valign=\"top\"><strong><span lang=\"de\">Mo<\/span><\/strong><\/td>\n<td align=\"left\" valign=\"top\"><strong><span lang=\"de\">29.11.2010<\/span><\/strong><\/td>\n<td align=\"right\" valign=\"top\"><strong><span style=\"color: #0000ff;\"><span lang=\"de\">17:30h<\/span><\/span><\/strong><\/td>\n<td align=\"right\" valign=\"top\"><strong><span lang=\"de\">18:30h<\/span><\/strong><\/td>\n<td height=\"16\" align=\"left\" valign=\"top\"><strong><span style=\"color: #ff0000;\">NEU<\/span><\/strong><\/td>\n<td height=\"16\" align=\"left\" valign=\"top\"><strong><a href=\"http:\/\/dm-web.de\/MusikkreisAlfter\/?p=900\" target=\"_self\">Jahresmesse der Frauengemeinschaft<br \/>\n<\/a> <span style=\"color: #ff0000;\">ACHTUNG: MONTAG ABEND !!<\/span><\/strong><\/td>\n<\/tr>\n<tr>\n<td align=\"left\" valign=\"top\"><strong><span lang=\"de\">So<\/span><\/strong><\/td>\n<td align=\"left\" valign=\"top\"><strong><span lang=\"de\">28.11.2010<\/span><\/strong><\/td>\n<td align=\"right\" valign=\"top\"><strong><span style=\"color: #0000ff;\"><span lang=\"de\">10:30h<\/span><\/span><\/strong><\/td>\n<td align=\"right\" valign=\"top\"><strong><span lang=\"de\">11:00h<\/span><\/strong><\/td>\n<td height=\"16\" align=\"left\" valign=\"top\"><\/td>\n<td height=\"16\" align=\"left\" valign=\"top\"><a href=\"http:\/\/dm-web.de\/MusikkreisAlfter\/?p=898\" target=\"_self\"><strong>Kleinkindergottesdienst (im Pfarrheim)  &#8222;Wir warten auf die Geburt Jesu&#8220;<\/strong><\/a><\/td>\n<\/tr>\n<tr>\n<td align=\"left\" valign=\"top\"><strong><span lang=\"de\">Sa<\/span><\/strong><\/td>\n<td align=\"left\" valign=\"top\"><strong><span lang=\"de\">20.11.2010<\/span><\/strong><\/td>\n<td align=\"right\" valign=\"top\"><strong><span style=\"color: #0000ff;\"><span lang=\"de\">16:00h<\/span><\/span><\/strong><\/td>\n<td align=\"right\" valign=\"top\"><strong><span lang=\"de\">16:30h<\/span><\/strong><\/td>\n<td height=\"16\" align=\"left\" valign=\"top\"><\/td>\n<td height=\"16\" align=\"left\" valign=\"top\"><strong><a href=\"http:\/\/dm-web.de\/MusikkreisAlfter\/?p=889\" target=\"_self\">Kinderbibeltag<\/a> (Abschluss im ev. Pfarrheim)<\/strong><\/td>\n<\/tr>\n<tr>\n<td align=\"left\" valign=\"top\"><strong><span lang=\"de\">Sa<\/span><\/strong><\/td>\n<td align=\"left\" valign=\"top\"><strong><span lang=\"de\">20.11.2010<\/span><\/strong><\/td>\n<td align=\"right\" valign=\"top\"><strong><span style=\"color: #0000ff;\"><span lang=\"de\">13:00h<\/span><\/span><\/strong><\/td>\n<td align=\"right\" valign=\"top\"><strong><span lang=\"de\">13:30h<\/span><\/strong><\/td>\n<td height=\"16\" align=\"left\" valign=\"top\"><\/td>\n<td height=\"16\" align=\"left\" valign=\"top\"><strong><a href=\"http:\/\/dm-web.de\/MusikkreisAlfter\/?p=889\" target=\"_self\">Kinderbibeltag<\/a> (nach Mittagessen im kath. Pfarrheim)<\/strong><\/td>\n<\/tr>\n<tr>\n<td align=\"left\" valign=\"top\"><strong><span lang=\"de\">Sa<\/span><\/strong><\/td>\n<td align=\"left\" valign=\"top\"><strong><span lang=\"de\">13.11.2010<\/span><\/strong><\/td>\n<td align=\"right\" valign=\"top\"><strong><span style=\"color: #0000ff;\"><span lang=\"de\">16:00h<\/span><\/span><\/strong><\/td>\n<td align=\"right\" valign=\"top\"><strong><span lang=\"de\">17:00h<\/span><\/strong><\/td>\n<td height=\"16\" align=\"left\" valign=\"top\"><\/td>\n<td height=\"16\" align=\"left\" valign=\"top\"><a href=\"http:\/\/dm-web.de\/MusikkreisAlfter\/?p=861\" target=\"_self\"><strong><span lang=\"de\">Familiengottesdienst (St. Martin)<\/span><\/strong><\/a><\/td>\n<\/tr>\n<tr>\n<td align=\"left\" valign=\"top\"><strong><span lang=\"de\">So<\/span><\/strong><\/td>\n<td align=\"left\" valign=\"top\"><strong><span lang=\"de\">07.11.2010<\/span><\/strong><\/td>\n<td align=\"right\" valign=\"top\"><strong><span style=\"color: #0000ff;\"><span lang=\"de\">10:30h<\/span><\/span><\/strong><\/td>\n<td align=\"right\" valign=\"top\"><strong><span lang=\"de\">11:00h<\/span><\/strong><\/td>\n<td height=\"16\" align=\"left\" valign=\"top\"><\/td>\n<td height=\"16\" align=\"left\" valign=\"top\"><strong><a href=\"http:\/\/dm-web.de\/MusikkreisAlfter\/?p=855\" target=\"_self\">Kleinkindergottesdienst &#8222;Geborgen bei Gott&#8220;<\/a><br \/>\n<\/strong><\/td>\n<\/tr>\n<tr>\n<td align=\"left\" valign=\"top\"><strong><span lang=\"de\">So<\/span><\/strong><\/td>\n<td align=\"left\" valign=\"top\"><strong><span lang=\"de\">03.10.2010<\/span><\/strong><\/td>\n<td align=\"right\" valign=\"top\"><strong><span style=\"color: #0000ff;\"><span lang=\"de\">10:30h<\/span><\/span><\/strong><\/td>\n<td align=\"right\" valign=\"top\"><strong><span lang=\"de\">11:00h<\/span><\/strong><\/td>\n<td align=\"left\" valign=\"top\"><\/td>\n<td align=\"left\" valign=\"top\"><strong><a href=\"http:\/\/dm-web.de\/MusikkreisAlfter\/?p=847\" target=\"_self\">Kleinkindergottesdienst &#8222;Gott sorgt f\u00fcr uns&#8220;<\/a><br \/>\n<\/strong><\/td>\n<\/tr>\n<tr>\n<td align=\"left\" valign=\"top\"><strong><span lang=\"de\">Sa<\/span><\/strong><\/td>\n<td align=\"left\" valign=\"top\"><strong><span lang=\"de\">02.10.2010<\/span><\/strong><\/td>\n<td align=\"right\" valign=\"top\"><strong><span style=\"color: #0000ff;\"><span lang=\"de\">16:00h<\/span><\/span><\/strong><\/td>\n<td align=\"right\" valign=\"top\"><strong><span lang=\"de\">17:00h<\/span><\/strong><\/td>\n<td height=\"16\" align=\"left\" valign=\"top\"><\/td>\n<td height=\"16\" align=\"left\" valign=\"top\"><a href=\"http:\/\/dm-web.de\/MusikkreisAlfter\/?p=841\" target=\"_self\"><strong>Erntedank Familiengottesdienst<\/strong><\/a><\/td>\n<\/tr>\n<tr>\n<td align=\"left\" valign=\"top\"><strong><span lang=\"de\">So<\/span><\/strong><\/td>\n<td align=\"left\" valign=\"top\"><strong><span lang=\"de\">12.09.2010<\/span><\/strong><\/td>\n<td align=\"right\" valign=\"top\"><strong><span style=\"color: #0000ff;\"><span lang=\"de\">10:30h<\/span><\/span><\/strong><\/td>\n<td align=\"right\" valign=\"top\"><strong><span lang=\"de\">11:00h<\/span><\/strong><\/td>\n<td height=\"16\" align=\"left\" valign=\"top\"><\/td>\n<td height=\"16\" align=\"left\" valign=\"top\"><a href=\"http:\/\/dm-web.de\/MusikkreisAlfter\/?p=825\" target=\"_self\"><strong>Kleinkindergottesdienst &#8222;Gott kennt mich mit Namen&#8220;<\/strong><\/a><\/td>\n<\/tr>\n<tr>\n<td align=\"left\" valign=\"top\"><span style=\"color: #999999;\"><strong><span lang=\"de\">So<\/span><\/strong><\/span><\/td>\n<td align=\"left\" valign=\"top\"><span style=\"color: #999999;\"><strong><span lang=\"de\">15.08.2010<\/span><\/strong><\/span><\/td>\n<td align=\"right\" valign=\"top\"><span style=\"color: #999999;\"><strong><span lang=\"de\">&#8212;-<\/span><\/strong><\/span><\/td>\n<td align=\"right\" valign=\"top\"><span style=\"color: #999999;\"><strong><span lang=\"de\">10:00h<\/span><\/strong><\/span><\/td>\n<td height=\"16\" align=\"left\" valign=\"top\"><\/td>\n<td height=\"16\" align=\"left\" valign=\"top\"><span style=\"color: #999999;\"><strong><span style=\"color: #ff0000;\">NUR ZUR INFO (ohne MK):<\/span><span lang=\"de\"><br \/>\nJagdbl\u00e4sergruppe<\/span><\/strong><strong>Kr\u00e4uterweihe, Jakob-Wahlen-Park<\/strong><\/span><\/td>\n<\/tr>\n<tr>\n<td align=\"left\" valign=\"top\"><strong><span lang=\"de\">So<\/span><\/strong><\/td>\n<td align=\"left\" valign=\"top\"><strong><span lang=\"de\">11.07.2010<\/span><\/strong><\/td>\n<td align=\"right\" valign=\"top\"><strong><span style=\"color: #0000ff;\"><span lang=\"de\">10:30h<\/span><\/span><\/strong><\/td>\n<td align=\"right\" valign=\"top\"><strong>11:00h<\/strong><\/td>\n<td height=\"16\" align=\"left\" valign=\"top\"><\/td>\n<td height=\"16\" align=\"left\" valign=\"top\"><a href=\"http:\/\/dm-web.de\/MusikkreisAlfter\/?p=803\"><strong>Kleinkindergottesdienst \u201cGott schenkt uns Zeit\u201d<\/strong><\/a><\/td>\n<\/tr>\n<tr>\n<td align=\"left\" valign=\"top\"><strong><span lang=\"de\">So<\/span><\/strong><\/td>\n<td align=\"left\" valign=\"top\"><strong><span lang=\"de\">04.07.2010<\/span><\/strong><\/td>\n<td align=\"right\" valign=\"top\"><strong><span style=\"color: #0000ff;\"><span lang=\"de\">8:30h<\/span><\/span><\/strong><\/td>\n<td align=\"right\" valign=\"top\"><strong><span lang=\"de\">9:30h<\/span><\/strong><\/td>\n<td height=\"16\" align=\"left\" valign=\"top\"><\/td>\n<td height=\"16\" align=\"left\" valign=\"top\"><a href=\"http:\/\/dm-web.de\/MusikkreisAlfter\/?p=775\" target=\"_self\"><strong><span lang=\"de\">Familiengottesdienst (Fu\u00dfball)<\/span><\/strong><\/a><\/td>\n<\/tr>\n<tr>\n<td align=\"left\" valign=\"top\"><span style=\"color: #999999;\"><strong><span lang=\"de\">So<\/span><\/strong><\/span><\/td>\n<td align=\"left\" valign=\"top\"><span style=\"color: #999999;\"><strong><span lang=\"de\">27.06.2010<\/span><\/strong><\/span><\/td>\n<td align=\"right\" valign=\"top\"><strong><\/strong><\/td>\n<td align=\"right\" valign=\"top\"><span style=\"color: #999999;\"><strong>15:00h<\/strong><\/span><\/td>\n<td height=\"16\" align=\"left\" valign=\"top\"><\/td>\n<td height=\"16\" align=\"left\" valign=\"top\"><span style=\"color: #999999;\"><strong><span style=\"color: #ff0000;\">NUR ZUR INFO  (ohne MK):<\/span><\/strong><\/span><br \/>\n<span style=\"color: #999999;\"><strong>\u00d6kumenischer Gottesdienst im Jakob-Wahlen-Park<\/strong><\/span><\/td>\n<\/tr>\n<tr>\n<td align=\"left\" valign=\"top\"><strong><span lang=\"de\">So<\/span><\/strong><\/td>\n<td align=\"left\" valign=\"top\"><strong><span lang=\"de\">20.06.2010<\/span><\/strong><\/td>\n<td align=\"right\" valign=\"top\"><strong><span style=\"color: #0000ff;\"><span lang=\"de\">10:30h<\/span><\/span><\/strong><\/td>\n<td align=\"right\" valign=\"top\"><strong>11:00h<\/strong><\/td>\n<td height=\"16\" align=\"left\" valign=\"top\"><\/td>\n<td height=\"16\" align=\"left\" valign=\"top\"><a href=\"http:\/\/dm-web.de\/MusikkreisAlfter\/?p=758\" target=\"_self\"><strong>Kleinkindergottesdienst &#8222;Mit Gott reden wie mit einem Freund&#8220;<\/strong><\/a><\/td>\n<\/tr>\n<tr>\n<td align=\"left\" valign=\"top\"><strong><span lang=\"de\">So<\/span><\/strong><\/td>\n<td align=\"left\" valign=\"top\"><strong><span lang=\"de\">30.05.2010<\/span><\/strong><\/td>\n<td align=\"right\" valign=\"top\"><strong><span style=\"color: #0000ff;\"><span lang=\"de\">10:30h<\/span><\/span><\/strong><\/td>\n<td align=\"right\" valign=\"top\"><strong>11:00h<\/strong><\/td>\n<td height=\"16\" align=\"left\" valign=\"top\"><\/td>\n<td height=\"16\" align=\"left\" valign=\"top\"><strong><a href=\"http:\/\/dm-web.de\/MusikkreisAlfter\/?p=749\" target=\"_self\">Kleinkindergottesdienst &#8222;Gott schenkt uns seinen Geist&#8220;<\/a><br \/>\n<\/strong><\/td>\n<\/tr>\n<tr>\n<td align=\"left\" valign=\"top\"><strong><span lang=\"de\">Sa<\/span><\/strong><\/td>\n<td align=\"left\" valign=\"top\"><strong>08.05.2010<\/strong><\/td>\n<td align=\"right\" valign=\"top\"><strong><span style=\"color: #0000ff;\"><span lang=\"de\">16:00h<\/span><\/span><\/strong><\/td>\n<td align=\"right\" valign=\"top\"><strong><span lang=\"de\">17:00h<\/span><\/strong><\/td>\n<td height=\"16\" align=\"left\" valign=\"top\"><\/td>\n<td height=\"16\" align=\"left\" valign=\"top\"><a href=\"http:\/\/dm-web.de\/MusikkreisAlfter\/?p=726\" target=\"_self\"><strong><span lang=\"de\">Familiengottesdienst (Muttertag)<\/span><\/strong><\/a><\/td>\n<\/tr>\n<tr>\n<td align=\"left\" valign=\"top\"><strong><span lang=\"de\">Fr<\/span><\/strong><\/td>\n<td align=\"left\" valign=\"top\"><strong>07.05.2010<\/strong><\/td>\n<td align=\"right\" valign=\"top\"><strong><\/strong><\/td>\n<td align=\"right\" valign=\"top\"><strong><\/strong><\/td>\n<td height=\"16\" align=\"left\" valign=\"top\"><\/td>\n<td height=\"16\" align=\"left\" valign=\"top\"><strong><span lang=\"de\">Dankgottesdienst <\/span><\/strong><span style=\"color: #999999;\"><strong><span style=\"color: #ff0000;\">(ohne MK)<\/span><\/strong><\/span><strong><span lang=\"de\"> und<br \/>\nEmfang und Dank f\u00fcr die Ehrenamtlichen<\/span><\/strong><\/td>\n<\/tr>\n<tr>\n<td align=\"left\" valign=\"top\"><strong>So<\/strong><\/td>\n<td align=\"left\" valign=\"top\"><strong>25.04.2010<\/strong><\/td>\n<td align=\"right\" valign=\"top\"><strong><span style=\"color: #0000ff;\"><span lang=\"de\">10:30h<\/span><\/span><\/strong><\/td>\n<td align=\"right\" valign=\"top\"><strong>11:00h<\/strong><\/td>\n<td height=\"16\" align=\"left\" valign=\"top\"><\/td>\n<td height=\"16\" align=\"left\" valign=\"top\"><a href=\"http:\/\/dm-web.de\/MusikkreisAlfter\/?p=713\" target=\"_self\"><strong>Kleinkindergottesdienst &#8222;<\/strong><strong>Wir freuen uns \u00fcber Gott(es Sch\u00f6pfung)&#8220;<\/strong><\/a><\/td>\n<\/tr>\n<tr>\n<td align=\"left\" valign=\"top\"><strong><span lang=\"de\">So<\/span><\/strong><\/td>\n<td align=\"left\" valign=\"top\"><strong>11.04.2010<\/strong><\/td>\n<td align=\"right\" valign=\"top\"><strong><span style=\"color: #0000ff;\"><span lang=\"de\">9:00h<\/span><\/span><\/strong><\/td>\n<td align=\"right\" valign=\"top\"><strong>10:00h<\/strong><\/td>\n<td height=\"16\" align=\"left\" valign=\"top\"><\/td>\n<td height=\"16\" align=\"left\" valign=\"top\"><a href=\"http:\/\/dm-web.de\/MusikkreisAlfter\/?p=688\" target=\"_self\"><strong>Wei\u00dfer Sonntag<\/strong><\/a><\/td>\n<\/tr>\n<tr>\n<td align=\"left\" valign=\"top\"><strong><span lang=\"de\">Do<\/span><\/strong><\/td>\n<td align=\"left\" valign=\"top\"><strong>08.04.2010<\/strong><\/td>\n<td align=\"right\" valign=\"top\"><strong><span style=\"color: #0000ff;\"><span lang=\"de\">19:00h<\/span><\/span><\/strong><\/td>\n<td align=\"right\" valign=\"top\"><strong>19:00h<\/strong><\/td>\n<td height=\"16\" align=\"left\" valign=\"top\"><\/td>\n<td height=\"16\" align=\"left\" valign=\"top\"><a href=\"http:\/\/dm-web.de\/MusikkreisAlfter\/?p=688\" target=\"_self\"><strong>Probe f\u00fcr Wei\u00dfen Sonntag mit dem Chor<\/strong><\/a><\/td>\n<\/tr>\n<tr>\n<td align=\"left\" valign=\"top\"><span style=\"color: #999999;\"><strong>Mo<\/strong><\/span><\/td>\n<td align=\"left\" valign=\"top\"><span style=\"color: #999999;\"><strong>05.04.2010<\/strong><\/span><\/td>\n<td align=\"right\" valign=\"top\"><span style=\"color: #999999;\"><strong><span lang=\"de\">&#8212;<\/span><\/strong><\/span><\/td>\n<td align=\"right\" valign=\"top\"><span style=\"color: #999999;\"><strong>9:30h<\/strong><\/span><\/td>\n<td height=\"16\" align=\"left\" valign=\"top\"><\/td>\n<td height=\"16\" align=\"left\" valign=\"top\"><span style=\"color: #999999;\"><strong><span style=\"color: #ff0000;\">NUR ZUR INFO (ohne MK):<\/span><span lang=\"de\"><br \/>\nOstermontag<\/span><\/strong><strong>Wortgottesdienst im Pfarrheim (Fr. Molzberger)<\/strong><\/span><\/td>\n<\/tr>\n<tr>\n<td align=\"left\" valign=\"top\"><strong>So<\/strong><\/td>\n<td align=\"left\" valign=\"top\"><strong>21.03.2010<\/strong><\/td>\n<td align=\"right\" valign=\"top\"><strong><span style=\"color: #0000ff;\">8:30h<\/span><\/strong><\/td>\n<td align=\"right\" valign=\"top\"><strong>9:30h<\/strong><\/td>\n<td height=\"16\" align=\"left\" valign=\"top\"><\/td>\n<td height=\"16\" align=\"left\" valign=\"top\"><a href=\"http:\/\/dm-web.de\/MusikkreisAlfter\/?p=664\" target=\"_self\"><strong>Familiengottesdienst (Misereor)<\/strong><\/a><\/td>\n<\/tr>\n<tr>\n<td align=\"left\" valign=\"top\"><strong>So<\/strong><\/td>\n<td align=\"left\" valign=\"top\"><strong>21.03.2010<\/strong><\/td>\n<td align=\"right\" valign=\"top\"><strong><span style=\"color: #0000ff;\">10:30h<\/span><\/strong><\/td>\n<td align=\"right\" valign=\"top\"><strong>11:00h<\/strong><\/td>\n<td height=\"16\" align=\"left\" valign=\"top\"><\/td>\n<td height=\"16\" align=\"left\" valign=\"top\"><a href=\"http:\/\/dm-web.de\/MusikkreisAlfter\/?p=664\" target=\"_self\"><strong>Kleinkindergottesdienst &#8222;Wir helfen einander&#8220;<\/strong><\/a><br \/>\n<strong><span lang=\"de\"> anschlie\u00dfend Fastenessen im Pfarrheim<\/span><\/strong><\/td>\n<\/tr>\n<tr>\n<td align=\"left\" valign=\"top\"><\/td>\n<td align=\"left\" valign=\"top\"><strong>21.02.2010<\/strong><\/td>\n<td align=\"right\" valign=\"top\"><span style=\"color: #0000ff;\"><strong>10:30h<\/strong><\/span><\/td>\n<td align=\"right\" valign=\"top\"><strong>11:00h<\/strong><\/td>\n<td height=\"16\" align=\"left\" valign=\"top\"><\/td>\n<td height=\"16\" align=\"left\" valign=\"top\"><a href=\"http:\/\/dm-web.de\/MusikkreisAlfter\/?p=646\" target=\"_self\"><strong>Kleinkindergottesdienst &#8222;<\/strong><strong>Gott ist bei mir, wenn ich krank bin&#8220;<\/strong><\/a><\/td>\n<\/tr>\n<tr>\n<td align=\"left\" valign=\"top\"><\/td>\n<td align=\"left\" valign=\"top\"><strong>06.02.2010<\/strong><\/td>\n<td align=\"right\" valign=\"top\"><span style=\"color: #0000ff;\"><strong>16:00h<\/strong><\/span><\/td>\n<td align=\"right\" valign=\"top\"><strong>17:00h<\/strong><\/td>\n<td height=\"16\" align=\"left\" valign=\"top\"><\/td>\n<td height=\"16\" align=\"left\" valign=\"top\"><strong><a href=\"http:\/\/www.dm-web.de\/MusikkreisAlfter\/?p=611\" target=\"_self\">Karnevalsmesse 2010<\/a><br \/>\n<\/strong><\/td>\n<\/tr>\n<tr>\n<td align=\"left\" valign=\"top\"><\/td>\n<td align=\"left\" valign=\"top\"><strong>27.01.2010<\/strong><\/td>\n<td align=\"right\" valign=\"top\"><span style=\"color: #ff0000;\"><strong>19:30h<\/strong><\/span><\/td>\n<td align=\"right\" valign=\"top\"><strong><span style=\"color: #ff0000;\">19:30h<br \/>\nNEUE ZEIT <span style=\"color: #0000ff;\">UND NEUER ORT<\/span><\/span><\/strong><\/td>\n<td height=\"16\" align=\"left\" valign=\"top\"><\/td>\n<td height=\"16\" align=\"left\" valign=\"top\"><strong>Treffen der Mess- und Musikkreise mit Herrn Pastor Ollig zur Terminabsprache f\u00fcr das 1. Halbjahr 2010 und Diskussion der anstehenden Punkte (betrifft \u00fcberwiegend nur die erwachsenen Mitglieder) allerdings im <span style=\"color: #0000ff;\">Pfarrheim Raum 2\/3 <\/span><\/strong><span style=\"text-decoration: line-through;\"><span style=\"color: #ff0000;\">und nicht im Pfarrhaus.<\/span><\/span><\/td>\n<\/tr>\n<tr>\n<td align=\"left\" valign=\"top\"><\/td>\n<td align=\"left\" valign=\"top\"><strong>24.01.2010<\/strong><\/td>\n<td align=\"right\" valign=\"top\"><span style=\"color: #0000ff;\"><strong>10:30h<\/strong><\/span><\/td>\n<td align=\"right\" valign=\"top\"><strong>11:00h<\/strong><\/td>\n<td height=\"16\" align=\"left\" valign=\"top\"><\/td>\n<td height=\"16\" align=\"left\" valign=\"top\"><a href=\"http:\/\/dm-web.de\/MusikkreisAlfter\/?p=600\" target=\"_self\"><strong>Kleinkindergottesdienst &#8222;Dank Gott k\u00f6nnen wir unsere Wege aus eigener Kraft gehen\u201d<\/strong><\/a><\/td>\n<\/tr>\n<tr>\n<td align=\"left\" valign=\"top\"><\/td>\n<td align=\"left\" valign=\"top\"><span style=\"color: #999999;\"><strong>09.01.2010<\/strong><\/span><\/td>\n<td align=\"right\" valign=\"top\"><\/td>\n<td align=\"right\" valign=\"top\"><strong>11:00h<\/strong><\/td>\n<td height=\"16\" align=\"left\" valign=\"top\"><\/td>\n<td height=\"16\" align=\"left\" valign=\"top\"><strong><span style=\"color: #ff0000;\">NUR ZUR INFO <\/span><\/strong><strong><span style=\"color: #ff0000;\">(ohne MK)<\/span><\/strong><strong><span style=\"color: #ff0000;\">:<\/span> <span style=\"color: #999999;\">R\u00fcckkehr der Sternsinger<\/span><\/strong><\/td>\n<\/tr>\n<\/tbody>\n<\/table>\n","protected":false},"excerpt":{"rendered":"<p>Unsere durchgef\u00fchrten Aktivit\u00e4ten in 2010 Tag Datum Treffen Beginn Messe Fr 24.12.2010 16:00h 17:00h Familienchristmette Fr 24.12.2010 &#8212;- 15:15h NUR ZUR INFO (ohne MK): Kleinkinder-Krippenfeier Do 23.12.2010 18:30h 18:30h Probe f\u00fcr die Familienchristmette in der Kirche Mo 29.11.2010 17:30h 18:30h NEU Jahresmesse der Frauengemeinschaft ACHTUNG: MONTAG ABEND !! So 28.11.2010 10:30h 11:00h Kleinkindergottesdienst (im Pfarrheim) [&hellip;]<\/p>\n","protected":false},"author":2,"featured_media":0,"parent":0,"menu_order":0,"comment_status":"open","ping_status":"open","template":"","meta":{"ngg_post_thumbnail":0,"footnotes":""},"class_list":["post-606","page","type-page","status-publish","hentry"],"_links":{"self":[{"href":"https:\/\/www.dm-web.de\/MusikkreisAlfter\/index.php?rest_route=\/wp\/v2\/pages\/606","targetHints":{"allow":["GET"]}}],"collection":[{"href":"https:\/\/www.dm-web.de\/MusikkreisAlfter\/index.php?rest_route=\/wp\/v2\/pages"}],"about":[{"href":"https:\/\/www.dm-web.de\/MusikkreisAlfter\/index.php?rest_route=\/wp\/v2\/types\/page"}],"author":[{"embeddable":true,"href":"https:\/\/www.dm-web.de\/MusikkreisAlfter\/index.php?rest_route=\/wp\/v2\/users\/2"}],"replies":[{"embeddable":true,"href":"https:\/\/www.dm-web.de\/MusikkreisAlfter\/index.php?rest_route=%2Fwp%2Fv2%2Fcomments&post=606"}],"version-history":[{"count":21,"href":"https:\/\/www.dm-web.de\/MusikkreisAlfter\/index.php?rest_route=\/wp\/v2\/pages\/606\/revisions"}],"predecessor-version":[{"id":608,"href":"https:\/\/www.dm-web.de\/MusikkreisAlfter\/index.php?rest_route=\/wp\/v2\/pages\/606\/revisions\/608"}],"wp:attachment":[{"href":"https:\/\/www.dm-web.de\/MusikkreisAlfter\/index.php?rest_route=%2Fwp%2Fv2%2Fmedia&parent=606"}],"curies":[{"name":"wp","href":"https:\/\/api.w.org\/{rel}","templated":true}]}}