{"id":928,"date":"2011-01-17T00:30:40","date_gmt":"2011-01-16T23:30:40","guid":{"rendered":"http:\/\/dm-web.de\/MusikkreisAlfter\/?page_id=928"},"modified":"2012-02-08T22:06:23","modified_gmt":"2012-02-08T21:06:23","slug":"unsere-aktivitaten-in-2011","status":"publish","type":"page","link":"https:\/\/www.dm-web.de\/MusikkreisAlfter\/?page_id=928","title":{"rendered":"Unsere Aktivit\u00e4ten in 2011"},"content":{"rendered":"<h3>Unsere durchgef\u00fchrten Aktivit\u00e4ten in 2011<\/h3>\n<table style=\"border-collapse: collapse; border: 1px solid;\" width=\"100%\" border=\"1\" rules=\"all\" cellspacing=\"0\" cellpadding=\"6\">\n<tbody>\n<tr>\n<td bgcolor=\"#ccff99\">Tag<\/td>\n<td bgcolor=\"#ccff99\">Datum<\/td>\n<td bgcolor=\"#ccff99\" width=\"58\"><span style=\"color: #0066ff;\">Treffen <\/span><\/td>\n<td bgcolor=\"#ccff99\" width=\"59\">Beginn<\/td>\n<td bgcolor=\"#ccff99\"><\/td>\n<td bgcolor=\"#ccff99\">Messe<\/td>\n<\/tr>\n<tr>\n<td align=\"left\" valign=\"top\"><strong><span lang=\"de\">Sa<\/span><\/strong><\/td>\n<td align=\"left\" valign=\"top\"><strong><span lang=\"de\">24.12.2011<\/span><\/strong><\/td>\n<td align=\"right\" valign=\"top\"><strong><span style=\"color: #0000ff;\" lang=\"de\">16:00h<\/span><\/strong><\/td>\n<td align=\"right\" valign=\"top\"><strong>17:00h<\/strong><\/td>\n<td align=\"left\" valign=\"top\" height=\"16\"><\/td>\n<td align=\"left\" valign=\"top\" height=\"16\"><a title=\"24.12.2011  Familienchristmette 2011\" href=\"http:\/\/dm-web.de\/MusikkreisAlfter\/?p=1248\"><strong>Familienchristmette<\/strong><\/a><\/td>\n<\/tr>\n<tr>\n<td align=\"left\" valign=\"top\"><span style=\"color: #999999;\"><strong><span lang=\"de\">Sa<\/span><\/strong><\/span><\/td>\n<td align=\"left\" valign=\"top\"><span style=\"color: #999999;\"><strong><span lang=\"de\">24.12.2011<\/span><\/strong><\/span><\/td>\n<td align=\"right\" valign=\"top\"><\/td>\n<td align=\"right\" valign=\"top\"><span style=\"color: #999999;\"><strong>15:15h<\/strong><\/span><\/td>\n<td align=\"left\" valign=\"top\" height=\"16\"><\/td>\n<td align=\"left\" valign=\"top\" height=\"16\"><strong><span style=\"color: #ff0000;\"><strong><strong><strong>NUR ZUR INFO (ohne MK):<\/strong><\/strong><\/strong><\/span><br \/>\n<span style=\"color: #999999;\">Kleinkindergottesdienst &#8211; Krippenfeier<\/span><\/strong><\/td>\n<\/tr>\n<tr>\n<td align=\"left\" valign=\"top\"><span style=\"color: #ff0000;\"><strong><span lang=\"de\">Mi<\/span><\/strong><\/span><\/td>\n<td align=\"left\" valign=\"top\"><strong><span lang=\"de\">21.12.2011<\/span><\/strong><\/td>\n<td align=\"right\" valign=\"top\"><span style=\"color: #0000ff;\"><strong>18:30h<\/strong><\/span><\/td>\n<td align=\"right\" valign=\"top\"><strong>18:30h<\/strong><\/td>\n<td align=\"left\" valign=\"top\" height=\"16\"><span style=\"color: #ff0000;\"><strong>NEU<\/strong><\/span><\/td>\n<td align=\"left\" valign=\"top\" height=\"16\"><span style=\"color: #ff0000;\"><strong>Probe f\u00fcr die Familienchristmette<br \/>\nAchtung am Mittwoch, statt Donnerstag !!!<br \/>\n<\/strong><\/span><\/td>\n<\/tr>\n<tr>\n<td align=\"left\" valign=\"top\"><strong><span lang=\"de\">So<\/span><\/strong><\/td>\n<td align=\"left\" valign=\"top\"><strong><span lang=\"de\">04.12.2011<\/span><\/strong><\/td>\n<td align=\"right\" valign=\"top\"><strong><span style=\"color: #0000ff;\" lang=\"de\">10:30h<\/span><\/strong><\/td>\n<td align=\"right\" valign=\"top\"><strong>11:00h<\/strong><\/td>\n<td align=\"left\" valign=\"top\" height=\"16\"><\/td>\n<td align=\"left\" valign=\"top\" height=\"16\"><a title=\"04.12.2011  Kindergottesdienst \u201cWir warten auf die Geburt Jesu\u201d\" href=\"http:\/\/dm-web.de\/MusikkreisAlfter\/?p=1233\"><strong>Kleinkindergottesdienst &#8222;2.Advent&#8220; &#8211; Im Pfarrheim<\/strong><\/a><\/td>\n<\/tr>\n<tr>\n<td align=\"left\" valign=\"top\"><strong><span lang=\"de\">So<\/span><\/strong><\/td>\n<td align=\"left\" valign=\"top\"><strong><span lang=\"de\">27.11.2011<\/span><\/strong><\/td>\n<td align=\"right\" valign=\"top\"><strong><span style=\"color: #0000ff;\" lang=\"de\">8:<span style=\"color: #ff0000;\">15<\/span>h<\/span><\/strong><\/td>\n<td align=\"right\" valign=\"top\"><strong>9:<span style=\"color: #ff0000;\">15<\/span>h<\/strong><\/td>\n<td align=\"left\" valign=\"top\" height=\"16\"><\/td>\n<td align=\"left\" valign=\"top\" height=\"16\"><a title=\"27.11.2011  Familienmesse zum \u201c1. Advent\u201d\" href=\"http:\/\/dm-web.de\/MusikkreisAlfter\/?p=1197\"><strong>Familienmesse &#8222;1. Advent&#8220;<\/strong><\/a><\/td>\n<\/tr>\n<tr>\n<td align=\"left\" valign=\"top\"><strong><span lang=\"de\">Sa<\/span><\/strong><\/td>\n<td align=\"left\" valign=\"top\"><strong><span lang=\"de\">19.11.2011<\/span><\/strong><\/td>\n<td align=\"right\" valign=\"top\"><strong><span style=\"color: #0000ff;\" lang=\"de\">16:00h<br \/>\n<\/span><\/strong><\/td>\n<td align=\"right\" valign=\"top\"><strong>16:30h<\/strong><\/td>\n<td align=\"left\" valign=\"top\" height=\"16\"><span style=\"color: #ff0000;\"><strong>NEU<\/strong><\/span><\/td>\n<td align=\"left\" valign=\"top\" height=\"16\"><strong><a title=\"19.11.2011   Kinderbibeltag\" href=\"http:\/\/dm-web.de\/MusikkreisAlfter\/?p=1180\">16:15h-17:15h Kinderbibeltag &#8211; abends &#8211; Abschlussgottesdienst<\/a><br \/>\n<\/strong><\/td>\n<\/tr>\n<tr>\n<td align=\"left\" valign=\"top\"><strong><span lang=\"de\">Sa<\/span><\/strong><\/td>\n<td align=\"left\" valign=\"top\"><strong><span lang=\"de\">19.11.2011<\/span><\/strong><\/td>\n<td align=\"right\" valign=\"top\"><strong><span style=\"color: #0000ff;\" lang=\"de\">13:00h<br \/>\n<\/span><\/strong><\/td>\n<td align=\"right\" valign=\"top\"><strong>13:30h<\/strong><\/td>\n<td align=\"left\" valign=\"top\" height=\"16\"><span style=\"color: #ff0000;\"><strong>NEU<\/strong><\/span><\/td>\n<td align=\"left\" valign=\"top\" height=\"16\"><strong><a title=\"19.11.2011   Kinderbibeltag\" href=\"http:\/\/dm-web.de\/MusikkreisAlfter\/?p=1180\">13:00h-14:15h Kinderbibeltag &#8211; mittags &#8211; Start nach dem Essen<\/a><br \/>\n<\/strong><\/td>\n<\/tr>\n<tr>\n<td align=\"left\" valign=\"top\"><strong><span lang=\"de\">Fr<\/span><\/strong><\/td>\n<td align=\"left\" valign=\"top\"><strong><span lang=\"de\">18.11.2011<\/span><\/strong><\/td>\n<td align=\"right\" valign=\"top\"><strong><span style=\"color: #0000ff;\" lang=\"de\"><br \/>\n<\/span><\/strong><\/td>\n<td align=\"right\" valign=\"top\"><strong>18:00h<\/strong><\/td>\n<td align=\"left\" valign=\"top\" height=\"16\"><span style=\"color: #ff0000;\"><strong>NEU<\/strong><\/span><\/td>\n<td align=\"left\" valign=\"top\" height=\"16\"><strong><a title=\"18.11.2011  Abend des Lichts\" href=\"http:\/\/dm-web.de\/MusikkreisAlfter\/?p=1137\">18:00h-20:00h Abend des Lichts<\/a><br \/>\n<\/strong><\/td>\n<\/tr>\n<tr>\n<td align=\"left\" valign=\"top\"><strong><span lang=\"de\">Mi<\/span><\/strong><\/td>\n<td align=\"left\" valign=\"top\"><strong><span lang=\"de\">16.11.2011<\/span><\/strong><\/td>\n<td align=\"right\" valign=\"top\"><strong><span style=\"color: #0000ff;\" lang=\"de\">18:55h<\/span><\/strong><\/td>\n<td align=\"right\" valign=\"top\"><strong>19:00h<\/strong><\/td>\n<td align=\"left\" valign=\"top\" height=\"16\"><span style=\"color: #ff0000;\"><strong>NEU<\/strong><\/span><\/td>\n<td align=\"left\" valign=\"top\" height=\"16\"><strong><a title=\"18.11.2011  Abend des Lichts\" href=\"http:\/\/dm-web.de\/MusikkreisAlfter\/?p=1137\">2. Probe f\u00fcr den &#8222;Abend des Lichts&#8220; im Pfarrheim<\/a><br \/>\n<\/strong><\/td>\n<\/tr>\n<tr>\n<td align=\"left\" valign=\"top\"><strong><span lang=\"de\">So<\/span><\/strong><\/td>\n<td align=\"left\" valign=\"top\"><strong><span lang=\"de\">13.11.2011<\/span><\/strong><\/td>\n<td align=\"right\" valign=\"top\"><strong><span style=\"color: #0000ff;\" lang=\"de\">10:30h<\/span><\/strong><\/td>\n<td align=\"right\" valign=\"top\"><strong>11:00h<\/strong><\/td>\n<td align=\"left\" valign=\"top\" height=\"16\"><\/td>\n<td align=\"left\" valign=\"top\" height=\"16\"><strong><a title=\"13.11.2011  Kindergottesdienst \u201cKirche \u2013 Gott ruft sein Volk zusammen\u201d\" href=\"http:\/\/dm-web.de\/MusikkreisAlfter\/?p=1156\">Kleinkindergottesdienst &#8222;<strong>Kirche \u2013 Gott ruft sein Volk zusammen&#8220;<\/strong><\/a><br \/>\n<\/strong><\/td>\n<\/tr>\n<tr>\n<td align=\"left\" valign=\"top\"><strong><span lang=\"de\">Fr<\/span><\/strong><\/td>\n<td align=\"left\" valign=\"top\"><strong><span lang=\"de\">04.11.2011<\/span><\/strong><\/td>\n<td align=\"right\" valign=\"top\"><strong><span style=\"color: #0000ff;\" lang=\"de\">19:25h<\/span><\/strong><\/td>\n<td align=\"right\" valign=\"top\"><strong>19:30h<\/strong><\/td>\n<td align=\"left\" valign=\"top\" height=\"16\"><span style=\"color: #ff0000;\"><strong>NEU<\/strong><\/span><\/td>\n<td align=\"left\" valign=\"top\" height=\"16\"><strong><a title=\"18.11.2011  Abend des Lichts\" href=\"http:\/\/dm-web.de\/MusikkreisAlfter\/?p=1137\">1. Probe f\u00fcr den &#8222;Abend des Lichts&#8220; im Pfarrheim<\/a><br \/>\n<\/strong><\/td>\n<\/tr>\n<tr>\n<td align=\"left\" valign=\"top\"><strong><span lang=\"de\">So<\/span><\/strong><\/td>\n<td align=\"left\" valign=\"top\"><strong><span lang=\"de\"><span style=\"color: #000000;\">09.10.2011<\/span><br \/>\n<\/span><\/strong><\/td>\n<td align=\"right\" valign=\"top\"><strong><span style=\"color: #0000ff;\" lang=\"de\">10:30h<\/span><\/strong><\/td>\n<td align=\"right\" valign=\"top\"><strong>11:00h<\/strong><\/td>\n<td align=\"left\" valign=\"top\" height=\"16\"><span style=\"color: #ff0000;\"><strong><br \/>\n<\/strong><\/span><\/td>\n<td align=\"left\" valign=\"top\" height=\"16\"><a title=\"09.10.2011  Kindergottesdienst  \u201cWir staunen dar\u00fcber, was Gott uns schenkt\u201d\" href=\"http:\/\/dm-web.de\/MusikkreisAlfter\/?p=1116\"><strong>Kleinkindergottesdienst &#8222;Wir staunen dar\u00fcber, was Gott uns schenkt&#8220;<\/strong><\/a><\/td>\n<\/tr>\n<tr>\n<td align=\"left\" valign=\"top\"><strong><span lang=\"de\">Sa<\/span><\/strong><\/td>\n<td align=\"left\" valign=\"top\"><strong><span lang=\"de\">01.10.2011<\/span><\/strong><\/td>\n<td align=\"right\" valign=\"top\"><strong><span style=\"color: #0000ff;\" lang=\"de\">16:00h<\/span><\/strong><\/td>\n<td align=\"right\" valign=\"top\"><strong>17:00h<\/strong><\/td>\n<td align=\"left\" valign=\"top\" height=\"16\"><\/td>\n<td align=\"left\" valign=\"top\" height=\"16\"><a title=\"01.10.2011 Erntedankgottesdienst\" href=\"http:\/\/dm-web.de\/MusikkreisAlfter\/?p=1075\"><strong>Erntedankmesse auf dem Bauernhof<br \/>\n(Schmidt-Hennes)<\/strong><\/a><\/td>\n<\/tr>\n<tr>\n<td align=\"left\" valign=\"top\"><strong><span lang=\"de\">So<\/span><\/strong><\/td>\n<td align=\"left\" valign=\"top\"><strong><span lang=\"de\">17.07.2011<\/span><\/strong><\/td>\n<td align=\"right\" valign=\"top\"><strong><span style=\"color: #0000ff;\" lang=\"de\">10:30h<\/span><\/strong><\/td>\n<td align=\"right\" valign=\"top\"><strong>11:00h<\/strong><\/td>\n<td align=\"left\" valign=\"top\" height=\"16\"><\/td>\n<td align=\"left\" valign=\"top\" height=\"16\"><a title=\"17.07.2011  Familienmesse und Kleinkindergottesdienst zum Ferienbeginn\" href=\"http:\/\/dm-web.de\/MusikkreisAlfter\/?p=1051\"><strong>Kleinkindergottesdienst<\/strong><\/a><\/td>\n<\/tr>\n<tr>\n<td align=\"left\" valign=\"top\"><strong><span lang=\"de\">So<\/span><\/strong><\/td>\n<td align=\"left\" valign=\"top\"><strong><span lang=\"de\">17.07.2011<\/span><\/strong><\/td>\n<td align=\"right\" valign=\"top\"><strong><span style=\"color: #0000ff;\" lang=\"de\">8:30h<\/span><\/strong><\/td>\n<td align=\"right\" valign=\"top\"><strong>9:30h<\/strong><\/td>\n<td align=\"left\" valign=\"top\" height=\"16\"><\/td>\n<td align=\"left\" valign=\"top\" height=\"16\"><a title=\"17.07.2011  Familienmesse und Kleinkindergottesdienst zum Ferienbeginn\" href=\"http:\/\/dm-web.de\/MusikkreisAlfter\/?p=1051\"><strong>Familienmesse &#8222;Start in die Ferien&#8220;<\/strong><\/a><\/td>\n<\/tr>\n<tr>\n<td align=\"left\" valign=\"top\"><strong><span lang=\"de\">So<\/span><\/strong><\/td>\n<td align=\"left\" valign=\"top\"><strong><span lang=\"de\">19.06.2011<\/span><\/strong><\/td>\n<td align=\"right\" valign=\"top\"><strong><span style=\"color: #0000ff;\" lang=\"de\">10:30h<\/span><\/strong><\/td>\n<td align=\"right\" valign=\"top\"><strong>11:00h<\/strong><\/td>\n<td align=\"left\" valign=\"top\" height=\"16\"><\/td>\n<td align=\"left\" valign=\"top\" height=\"16\"><strong><a href=\"http:\/\/dm-web.de\/MusikkreisAlfter\/?p=1042\">Kleinkindergottesdienst &#8222;Du schaffst es&#8220;<\/a><br \/>\n<\/strong><\/td>\n<\/tr>\n<tr>\n<td align=\"left\" valign=\"top\"><strong><span lang=\"de\">So<\/span><\/strong><\/td>\n<td align=\"left\" valign=\"top\"><strong><span lang=\"de\">22.05.2011<\/span><\/strong><\/td>\n<td align=\"right\" valign=\"top\"><strong><span style=\"color: #0000ff;\" lang=\"de\">10:30h<\/span><\/strong><\/td>\n<td align=\"right\" valign=\"top\"><strong>11:00h<\/strong><\/td>\n<td align=\"left\" valign=\"top\" height=\"16\"><\/td>\n<td align=\"left\" valign=\"top\" height=\"16\"><strong><a href=\"http:\/\/dm-web.de\/MusikkreisAlfter\/?p=1038\">Kleinkindergottesdienst &#8222;Jesus ist bei mir, wenn ich Angst habe&#8220;<\/a><br \/>\n<\/strong><\/td>\n<\/tr>\n<tr>\n<td align=\"left\" valign=\"top\"><strong><span lang=\"de\">Sa<\/span><\/strong><\/td>\n<td align=\"left\" valign=\"top\"><strong><span lang=\"de\">07.05.2011<\/span><\/strong><\/td>\n<td align=\"right\" valign=\"top\"><strong><span style=\"color: #0000ff;\" lang=\"de\">16:00h<\/span><\/strong><\/td>\n<td align=\"right\" valign=\"top\"><strong>17:00h<\/strong><\/td>\n<td align=\"left\" valign=\"top\" height=\"16\"><\/td>\n<td align=\"left\" valign=\"top\" height=\"16\"><strong><a href=\"http:\/\/dm-web.de\/MusikkreisAlfter\/?p=1024\">Familienmesse &#8211; Muttertag <\/a><\/strong><\/td>\n<\/tr>\n<tr>\n<td align=\"left\" valign=\"top\"><strong><span lang=\"de\">So<\/span><\/strong><\/td>\n<td align=\"left\" valign=\"top\"><strong><span lang=\"de\">01.05.2011<\/span><\/strong><\/td>\n<td align=\"right\" valign=\"top\"><strong><span style=\"color: #0000ff;\" lang=\"de\">09:00h<\/span><\/strong><\/td>\n<td align=\"right\" valign=\"top\"><strong>10:00h<\/strong><\/td>\n<td align=\"left\" valign=\"top\" height=\"16\"><\/td>\n<td align=\"left\" valign=\"top\" height=\"16\"><a href=\"http:\/\/dm-web.de\/MusikkreisAlfter\/?p=1019\"><strong>Wei\u00dfer Sonntag &#8211; Erstkommunion 2011<\/strong><\/a><\/td>\n<\/tr>\n<tr>\n<td align=\"left\" valign=\"top\"><strong><span lang=\"de\">So<\/span><\/strong><\/td>\n<td align=\"left\" valign=\"top\"><strong><span lang=\"de\">10.04.2011<\/span><\/strong><\/td>\n<td align=\"right\" valign=\"top\"><strong><span style=\"color: #0000ff;\" lang=\"de\">10:30h<\/span><\/strong><\/td>\n<td align=\"right\" valign=\"top\"><strong>11:00h<\/strong><\/td>\n<td align=\"left\" valign=\"top\" height=\"16\"><\/td>\n<td align=\"left\" valign=\"top\" height=\"16\"><strong><a href=\"http:\/\/dm-web.de\/MusikkreisAlfter\/?p=990\" target=\"_self\">Kleinkindergottesdienst<\/a> anschlie\u00dfend Fastenessen<\/strong><\/td>\n<\/tr>\n<tr>\n<td align=\"left\" valign=\"top\"><strong><span lang=\"de\">So<\/span><\/strong><\/td>\n<td align=\"left\" valign=\"top\"><strong><span lang=\"de\">10.04.2011<\/span><\/strong><\/td>\n<td align=\"right\" valign=\"top\"><strong><span style=\"color: #0000ff;\" lang=\"de\">8:30h<\/span><\/strong><\/td>\n<td align=\"right\" valign=\"top\"><strong>9:30h<\/strong><\/td>\n<td align=\"left\" valign=\"top\" height=\"16\"><\/td>\n<td align=\"left\" valign=\"top\" height=\"16\"><strong><a href=\"http:\/\/dm-web.de\/MusikkreisAlfter\/?p=990\" target=\"_self\">Familienmesse zum Misereorsonntag<\/a>, anschlie\u00dfend Fastenessen<\/strong><\/td>\n<\/tr>\n<tr>\n<td align=\"left\" valign=\"top\"><strong><span lang=\"de\">So<\/span><\/strong><\/td>\n<td align=\"left\" valign=\"top\"><strong><span lang=\"de\">20.03.2011<\/span><\/strong><\/td>\n<td align=\"right\" valign=\"top\"><strong><span style=\"color: #0000ff;\" lang=\"de\">10:30h<\/span><\/strong><\/td>\n<td align=\"right\" valign=\"top\"><strong>11:00h<\/strong><\/td>\n<td align=\"left\" valign=\"top\" height=\"16\"><\/td>\n<td align=\"left\" valign=\"top\" height=\"16\"><strong><a href=\"http:\/\/dm-web.de\/MusikkreisAlfter\/?p=978\" target=\"_self\">Kleinkindergottesdienst &#8222;Gott l\u00e4sst wachsen&#8220;<\/a><br \/>\n<\/strong><\/td>\n<\/tr>\n<tr>\n<td align=\"left\" valign=\"top\"><strong><span lang=\"de\">Sa<\/span><\/strong><\/td>\n<td align=\"left\" valign=\"top\"><strong><span lang=\"de\">26.02.2011<\/span><\/strong><\/td>\n<td align=\"right\" valign=\"top\"><strong><span style=\"color: #0000ff;\"><span lang=\"de\">16:00h<\/span><\/span><\/strong><\/td>\n<td align=\"right\" valign=\"top\"><strong><span lang=\"de\">17:00h<\/span><\/strong><\/td>\n<td align=\"left\" valign=\"top\" height=\"16\"><\/td>\n<td align=\"left\" valign=\"top\" height=\"16\"><strong><a href=\"http:\/\/dm-web.de\/MusikkreisAlfter\/?p=958\" target=\"_self\">Karnevalsmesse 2011<\/a><br \/>\n<\/strong><\/td>\n<\/tr>\n<tr>\n<td align=\"left\" valign=\"top\"><strong><span lang=\"de\">So<\/span><\/strong><\/td>\n<td align=\"left\" valign=\"top\"><strong><span lang=\"de\">20.02.2011<\/span><\/strong><\/td>\n<td align=\"right\" valign=\"top\"><strong><span style=\"color: #0000ff;\"><span lang=\"de\">10:30h<\/span><\/span><\/strong><\/td>\n<td align=\"right\" valign=\"top\"><strong><span lang=\"de\">11:00h<\/span><\/strong><\/td>\n<td align=\"left\" valign=\"top\" height=\"16\"><\/td>\n<td align=\"left\" valign=\"top\" height=\"16\"><a href=\"http:\/\/dm-web.de\/MusikkreisAlfter\/?p=948\" target=\"_self\"><strong>Kleinkindergottesdienst<\/strong><\/a><\/td>\n<\/tr>\n<tr>\n<td align=\"left\" valign=\"top\"><strong><span lang=\"de\">Mi<\/span><\/strong><\/td>\n<td align=\"left\" valign=\"top\"><strong><span lang=\"de\">26.01.2011<\/span><\/strong><\/td>\n<td align=\"right\" valign=\"top\"><\/td>\n<td align=\"right\" valign=\"top\"><strong><span lang=\"de\">20:00h<\/span><\/strong><\/td>\n<td align=\"left\" valign=\"top\" height=\"16\"><\/td>\n<td align=\"left\" valign=\"top\" height=\"16\"><strong>Treffen der Mess- und Musikkreise mit<br \/>\nHerrn Pastor Ollig zur Terminabsprache f\u00fcr 201<span lang=\"de\">1<\/span><br \/>\nund Diskussion der anstehenden Punkte (betrifft \u00fcberwiegend nur die erwachsenen<br \/>\nMitglieder) im Pfarrhaus.<\/strong><\/td>\n<\/tr>\n<tr>\n<td align=\"left\" valign=\"top\"><strong><span lang=\"de\">So<\/span><\/strong><\/td>\n<td align=\"left\" valign=\"top\"><strong><span lang=\"de\">23.01.2011<\/span><\/strong><\/td>\n<td align=\"right\" valign=\"top\"><strong><span style=\"color: #0000ff;\"><span lang=\"de\">10:30h<\/span><\/span><\/strong><\/td>\n<td align=\"right\" valign=\"top\"><strong><span lang=\"de\">11:00h<\/span><\/strong><\/td>\n<td align=\"left\" valign=\"top\" height=\"16\"><\/td>\n<td align=\"left\" valign=\"top\" height=\"16\"><a href=\"http:\/\/dm-web.de\/MusikkreisAlfter\/?p=933\" target=\"_self\"><strong>Kleinkindergottesdienst<\/strong><\/a><\/td>\n<\/tr>\n<tr>\n<td align=\"left\" valign=\"top\"><span style=\"color: #999999;\"><strong><span lang=\"de\">Sa<\/span><\/strong><\/span><\/td>\n<td align=\"left\" valign=\"top\"><span style=\"color: #999999;\"><strong><span lang=\"de\">08.01.2011<\/span><\/strong><\/span><\/td>\n<td align=\"right\" valign=\"top\"><span style=\"color: #999999;\"><strong><span lang=\"de\">&#8212;<\/span><\/strong><\/span><\/td>\n<td align=\"right\" valign=\"top\"><span style=\"color: #999999;\"><strong><span lang=\"de\">17:00h<\/span><\/strong><\/span><\/td>\n<td align=\"left\" valign=\"top\" height=\"16\"><\/td>\n<td align=\"left\" valign=\"top\" height=\"16\"><span style=\"color: #999999;\"><span style=\"color: #ff0000;\"><strong>NUR ZUR INFO (ohne MK):<\/strong><\/span><strong><br \/>\nFamiliengottesdienst R\u00fcckkehr der Sternsinger<\/strong><\/span><\/td>\n<\/tr>\n<\/tbody>\n<\/table>\n","protected":false},"excerpt":{"rendered":"<p>Unsere durchgef\u00fchrten Aktivit\u00e4ten in 2011 Tag Datum Treffen Beginn Messe Sa 24.12.2011 16:00h 17:00h Familienchristmette Sa 24.12.2011 15:15h NUR ZUR INFO (ohne MK): Kleinkindergottesdienst &#8211; Krippenfeier Mi 21.12.2011 18:30h 18:30h NEU Probe f\u00fcr die Familienchristmette Achtung am Mittwoch, statt Donnerstag !!! So 04.12.2011 10:30h 11:00h Kleinkindergottesdienst &#8222;2.Advent&#8220; &#8211; Im Pfarrheim So 27.11.2011 8:15h 9:15h Familienmesse [&hellip;]<\/p>\n","protected":false},"author":2,"featured_media":0,"parent":0,"menu_order":0,"comment_status":"closed","ping_status":"closed","template":"","meta":{"ngg_post_thumbnail":0,"footnotes":""},"class_list":["post-928","page","type-page","status-publish","hentry"],"_links":{"self":[{"href":"https:\/\/www.dm-web.de\/MusikkreisAlfter\/index.php?rest_route=\/wp\/v2\/pages\/928","targetHints":{"allow":["GET"]}}],"collection":[{"href":"https:\/\/www.dm-web.de\/MusikkreisAlfter\/index.php?rest_route=\/wp\/v2\/pages"}],"about":[{"href":"https:\/\/www.dm-web.de\/MusikkreisAlfter\/index.php?rest_route=\/wp\/v2\/types\/page"}],"author":[{"embeddable":true,"href":"https:\/\/www.dm-web.de\/MusikkreisAlfter\/index.php?rest_route=\/wp\/v2\/users\/2"}],"replies":[{"embeddable":true,"href":"https:\/\/www.dm-web.de\/MusikkreisAlfter\/index.php?rest_route=%2Fwp%2Fv2%2Fcomments&post=928"}],"version-history":[{"count":18,"href":"https:\/\/www.dm-web.de\/MusikkreisAlfter\/index.php?rest_route=\/wp\/v2\/pages\/928\/revisions"}],"predecessor-version":[{"id":952,"href":"https:\/\/www.dm-web.de\/MusikkreisAlfter\/index.php?rest_route=\/wp\/v2\/pages\/928\/revisions\/952"}],"wp:attachment":[{"href":"https:\/\/www.dm-web.de\/MusikkreisAlfter\/index.php?rest_route=%2Fwp%2Fv2%2Fmedia&parent=928"}],"curies":[{"name":"wp","href":"https:\/\/api.w.org\/{rel}","templated":true}]}}